{"id":25089,"date":"2026-05-07T20:08:29","date_gmt":"2026-05-07T20:08:29","guid":{"rendered":"https:\/\/www.seb.gov.co\/?page_id=25089"},"modified":"2026-05-07T20:28:17","modified_gmt":"2026-05-07T20:28:17","slug":"matriculaton-2026","status":"publish","type":"page","link":"https:\/\/www.seb.gov.co\/index.php\/matriculaton-2026\/","title":{"rendered":"MATRICULATON 2026"},"content":{"rendered":"\n<p class=\"has-text-align-center has-vivid-cyan-blue-color has-text-color has-x-large-font-size\"><strong>Bucaramanga Vive la Matriculat\u00f3n 2026<\/strong><\/p>\n\n\n<div class=\"wp-block-image\">\n<figure class=\"aligncenter size-large is-resized\"><img decoding=\"async\" loading=\"lazy\" width=\"1024\" height=\"256\" src=\"https:\/\/www.seb.gov.co\/wp-content\/uploads\/2026\/05\/Matriculaton-Recuperado.jpg-1024x256.jpeg\" alt=\"\" class=\"wp-image-25082\" style=\"aspect-ratio:4.112449799196787;width:1092px;height:auto\" srcset=\"https:\/\/www.seb.gov.co\/wp-content\/uploads\/2026\/05\/Matriculaton-Recuperado.jpg-1024x256.jpeg 1024w, https:\/\/www.seb.gov.co\/wp-content\/uploads\/2026\/05\/Matriculaton-Recuperado.jpg-300x75.jpeg 300w, https:\/\/www.seb.gov.co\/wp-content\/uploads\/2026\/05\/Matriculaton-Recuperado.jpg-768x192.jpeg 768w, https:\/\/www.seb.gov.co\/wp-content\/uploads\/2026\/05\/Matriculaton-Recuperado.jpg-1536x384.jpeg 1536w\" sizes=\"(max-width: 1024px) 100vw, 1024px\" \/><\/figure><\/div>\n\n\n<p><\/p>\n\n\n\n<p>La Secretar\u00eda de Educaci\u00f3n de Bucaramanga invita a toda la comunidad a participar en la jornada masiva de matr\u00edcula inmediata \u201cBUCARAMANGA VIVE LA MATRICULAT\u00d3N\u201d, una estrategia que busca garantizar el acceso y permanencia en el sistema educativo oficial de ni\u00f1os, ni\u00f1as, adolescentes, j\u00f3venes y adultos que actualmente se encuentran desescolarizados.<br><\/p>\n\n\n\n<p>La jornada se realizar\u00e1 el pr\u00f3ximo viernes 22 de mayo de 2026, de 8:00 a.m. a 2:00 p.m., en el Parque Garc\u00eda Rovira, con la participaci\u00f3n de instituciones educativas oficiales con cupos escolares disponibles.<\/p>\n\n\n\n<p class=\"has-text-align-center has-vivid-cyan-blue-color has-text-color\"><strong>Oferta educativa disponible<\/strong><\/p>\n\n\n\n<p>La estrategia est\u00e1 dirigida a:<\/p>\n\n\n\n<ul>\n<li>Ni\u00f1os y ni\u00f1as que ingresan a Jard\u00edn y Transici\u00f3n.<\/li>\n\n\n\n<li>Estudiantes de primaria, secundaria y media.<\/li>\n\n\n\n<li>J\u00f3venes y adultos que deseen terminar su primaria o bachillerato mediante modelos educativos flexibles como:\n<ul>\n<li>Aceleraci\u00f3n del Aprendizaje (ni\u00f1os y adolescentes en extra edad).<\/li>\n\n\n\n<li>CLEI y educaci\u00f3n para j\u00f3venes y adultos (mayores de 15 a\u00f1os).<\/li>\n<\/ul>\n<\/li>\n<\/ul>\n\n\n\n<p><a href=\"https:\/\/www.seb.gov.co\/wp-content\/uploads\/2026\/05\/CUPOS-ESCOLARES-DISPONIBLES-MATRICULATON-abril-2026.pdf\" target=\"_blank\" rel=\"noreferrer noopener\"><strong>CONSULTE AQU\u00cd LOS CUPOS DISPONIBLES<\/strong><\/a><\/p>\n\n\n\n<p class=\"has-text-align-center has-vivid-cyan-blue-color has-text-color\"><strong>Requisitos para la matr\u00edcula<\/strong><\/p>\n\n\n\n<ul>\n<li>Documento de identidad del estudiante.<\/li>\n\n\n\n<li>Soporte de afiliaci\u00f3n al sistema de salud.<\/li>\n\n\n\n<li>Certificado del \u00faltimo a\u00f1o aprobado.<\/li>\n\n\n\n<li>Bolet\u00edn del \u00faltimo grado cursado.<\/li>\n\n\n\n<li>Documento de identidad del acudiente (cuando aplique).<\/li>\n<\/ul>\n\n\n\n<p class=\"has-text-align-center has-vivid-cyan-blue-color has-text-color\"><strong>M\u00e1s informaci\u00f3n<\/strong><\/p>\n\n\n\n<p>Comunicarse al WhatsApp: 317 558 1991 o dirigirse a la Alcald\u00eda de Bucaramanga Carrera 11 # 34 \u2013 52 Tercer Piso Fase Dos Secretar\u00eda de Educaci\u00f3n.<\/p>\n\n\n\n<p class=\"has-text-align-center has-black-color has-text-color\"><strong>\u00a1La educaci\u00f3n abre oportunidades!<\/strong><\/p>\n\n\n\n<p class=\"has-text-align-center has-black-color has-text-color\"><strong>Participa en \u201cBUCARAMANGA VIVE LA MATRICULAT\u00d3N\u201d y accede a la oferta educativa oficial del municipio.<\/strong><\/p>\n","protected":false},"excerpt":{"rendered":"<p>Bucaramanga Vive la Matriculat\u00f3n 2026 La Secretar\u00eda de Educaci\u00f3n de Bucaramanga invita a toda la comunidad a participar en la jornada masiva de matr\u00edcula inmediata \u201cBUCARAMANGA VIVE LA MATRICULAT\u00d3N\u201d, una estrategia que busca garantizar el acceso y permanencia en el sistema educativo oficial de ni\u00f1os, ni\u00f1as, adolescentes, j\u00f3venes y adultos que actualmente se encuentran desescolarizados. [&hellip;]<\/p>\n","protected":false},"author":20,"featured_media":0,"parent":0,"menu_order":0,"comment_status":"closed","ping_status":"closed","template":"","meta":{"_bbp_topic_count":0,"_bbp_reply_count":0,"_bbp_total_topic_count":0,"_bbp_total_reply_count":0,"_bbp_voice_count":0,"_bbp_anonymous_reply_count":0,"_bbp_topic_count_hidden":0,"_bbp_reply_count_hidden":0,"_bbp_forum_subforum_count":0,"footnotes":""},"_links":{"self":[{"href":"https:\/\/www.seb.gov.co\/index.php\/wp-json\/wp\/v2\/pages\/25089"}],"collection":[{"href":"https:\/\/www.seb.gov.co\/index.php\/wp-json\/wp\/v2\/pages"}],"about":[{"href":"https:\/\/www.seb.gov.co\/index.php\/wp-json\/wp\/v2\/types\/page"}],"author":[{"embeddable":true,"href":"https:\/\/www.seb.gov.co\/index.php\/wp-json\/wp\/v2\/users\/20"}],"replies":[{"embeddable":true,"href":"https:\/\/www.seb.gov.co\/index.php\/wp-json\/wp\/v2\/comments?post=25089"}],"version-history":[{"count":7,"href":"https:\/\/www.seb.gov.co\/index.php\/wp-json\/wp\/v2\/pages\/25089\/revisions"}],"predecessor-version":[{"id":25099,"href":"https:\/\/www.seb.gov.co\/index.php\/wp-json\/wp\/v2\/pages\/25089\/revisions\/25099"}],"wp:attachment":[{"href":"https:\/\/www.seb.gov.co\/index.php\/wp-json\/wp\/v2\/media?parent=25089"}],"curies":[{"name":"wp","href":"https:\/\/api.w.org\/{rel}","templated":true}]}}