{"id":21868,"date":"2023-08-31T20:27:48","date_gmt":"2023-08-31T20:27:48","guid":{"rendered":"https:\/\/www.seb.gov.co\/?page_id=21868"},"modified":"2026-03-09T16:22:20","modified_gmt":"2026-03-09T16:22:20","slug":"cupos-escolares-2026","status":"publish","type":"page","link":"https:\/\/www.seb.gov.co\/index.php\/cupos-escolares-2026\/","title":{"rendered":"CUPOS ESCOLARES 2026"},"content":{"rendered":"\n<p class=\"has-text-align-center has-vivid-cyan-blue-color has-text-color has-x-large-font-size\"><strong>CONVOCATORIA CUPOS ESCOLARES 2026<\/strong><\/p>\n\n\n<div class=\"wp-block-image\">\n<figure class=\"aligncenter size-large is-resized\"><img decoding=\"async\" loading=\"lazy\" width=\"1024\" height=\"249\" src=\"https:\/\/www.seb.gov.co\/wp-content\/uploads\/2025\/11\/Banner_segundaEtapaEscolares2026-1024x249.jpg\" alt=\"\" class=\"wp-image-24770\" style=\"aspect-ratio:4.112449799196787;width:1092px;height:auto\" srcset=\"https:\/\/www.seb.gov.co\/wp-content\/uploads\/2025\/11\/Banner_segundaEtapaEscolares2026-1024x249.jpg 1024w, https:\/\/www.seb.gov.co\/wp-content\/uploads\/2025\/11\/Banner_segundaEtapaEscolares2026-300x73.jpg 300w, https:\/\/www.seb.gov.co\/wp-content\/uploads\/2025\/11\/Banner_segundaEtapaEscolares2026-768x187.jpg 768w, https:\/\/www.seb.gov.co\/wp-content\/uploads\/2025\/11\/Banner_segundaEtapaEscolares2026-1536x374.jpg 1536w\" sizes=\"(max-width: 1024px) 100vw, 1024px\" \/><\/figure><\/div>\n\n\n<p><\/p>\n\n\n\n<p><strong>Proceso de Inscripci\u00f3n a Cupos Escolares 2026<\/strong><\/p>\n\n\n\n<p><strong>La Educaci\u00f3n<\/strong><\/p>\n\n\n\n<p>La responsabilidad del Estado a trav\u00e9s de las entidades territoriales, la sociedad y la familia, es velar por la calidad de la educaci\u00f3n, promover el acceso al servicio p\u00fablico educativo y garantizar su cubrimiento.<\/p>\n\n\n\n<p>En virtud de lo anterior, la Secretar\u00eda de Educaci\u00f3n de Bucaramanga, se permite informar que la inscripci\u00f3n y asignaci\u00f3n de cupos escolares, en la primera fase, en colegios p\u00fablicos de Bucaramanga, para el a\u00f1o 2026, <strong>se llev\u00f3 a cabo<\/strong> en la <strong>primera fase, <\/strong>entre<strong> el 1 de septiembre al 30 de septiembre de 2025<\/strong>. Quienes se inscribieron en la primera fase de la convocatoria pueden consultar los resultados de asignaci\u00f3n a continuaci\u00f3n:<\/p>\n\n\n\n<p><strong>RESULTADOS ASIGNACI\u00d3N PRIMERA FASE<\/strong><\/p>\n\n\n\n<ul>\n<li><strong><a href=\"https:\/\/www.seb.gov.co\/wp-content\/uploads\/2025\/11\/Cupos-Nuevos-Asignados-Prejardin-a-Undecimo.pdf\" data-type=\"link\" data-id=\"https:\/\/www.seb.gov.co\/wp-content\/uploads\/2025\/11\/Cupos-Nuevos-Asignados-Prejardin-a-Undecimo.pdf\" target=\"_blank\" rel=\"noreferrer noopener\">Cupos Nuevos Asignados (Prejard\u00edn a Und\u00e9cimo)<\/a><\/strong><\/li>\n\n\n\n<li><a rel=\"noreferrer noopener\" href=\"https:\/\/www.seb.gov.co\/wp-content\/uploads\/2025\/11\/Traslados-Asignados-Transicion-a-Undecimo.pdf\" target=\"_blank\"><strong>Traslados Asignados (Transici\u00f3n a Und\u00e9cimo)<\/strong><\/a><\/li>\n<\/ul>\n\n\n\n<p>En los anteriores listados se encuentran los n\u00fameros de documento de identificaci\u00f3n de los ni\u00f1os, ni\u00f1as, adolescentes y j\u00f3venes inscritos en el formulario web, que fueron asignados con cupo nuevo o traslado desde GRADO PREJARD\u00cdN hasta GRADO UND\u00c9CIMO, incluida la Oferta Educativa Flexible, de acuerdo con la primera fase de la convocatoria de cupos escolares, llevada a cabo en septiembre de 2025. Encontrar\u00e1 tambi\u00e9n el n\u00famero de documento de identificaci\u00f3n del acudiente registrado y la sede educativa a la cual fue asignado el aspirante que se postul\u00f3 por un cupo escolar para el a\u00f1o 2026.<\/p>\n\n\n\n<p>Es preciso resaltar que la asignaci\u00f3n de cupo se realiz\u00f3 \u00fanicamente en una de las dos instituciones escogidas al momento de la inscripci\u00f3n, siempre y cuando se cumplieran los criterios de priorizaci\u00f3n de la Resoluci\u00f3n 1405 de 2025 de la Secretar\u00eda de Educaci\u00f3n y la disponibilidad de cupo escolar.<\/p>\n\n\n\n<p>Si le fue asignado un cupo escolar, recuerde que a\u00fan no est\u00e1 matriculado, para continuar con el proceso, por favor contacte o dir\u00edjase a la instituci\u00f3n educativa a la cual le fue asignado el cupo escolar, para conocer el cronograma de matr\u00edcula definido y los documentos correspondientes que debe aportar directamente a la instituci\u00f3n educativa en aras de efectuar la matr\u00edcula.<\/p>\n\n\n\n<p>Tenga en cuenta que el PLAZO M\u00c1XIMO para MATR\u00cdCULA de los GRADOS desde PRIMERO a UND\u00c9CIMO ser\u00e1 HASTA el 19 de enero de 2026 y de PREJARD\u00cdN a TRANSICI\u00d3N HASTA el 5 de diciembre de 2025, de no realizarlo en el plazo se\u00f1alado, perder\u00e1 el cupo asignado.<\/p>\n\n\n\n<p>En caso de presentarse alguna eventualidad que impida el proceso de matr\u00edcula por parte del acudiente, \u00e9ste debe notificar, de manera escrita, la justificaci\u00f3n a la instituci\u00f3n educativa; as\u00ed como manifestar la aceptaci\u00f3n del cupo y la reserva del mismo dentro de las fechas de matr\u00edcula.<\/p>\n\n\n\n<p><strong>Nota Aclaratoria:<\/strong> \u00danicamente se publicaron los listados de los aspirantes a cupo escolar que fueron asignados. En caso de que no aparezca en la lista de asignados o de no haberse inscrito, podr\u00e1 participar en la segunda fase de la convocatoria.<\/p>\n\n\n\n<p><strong>SEGUNDA FASE DE LA CONVOCATORIA DE CUPOS ESCOLARES 2026<\/strong><\/p>\n\n\n\n<p>Siga los pasos listados a continuaci\u00f3n, para participar en la segunda fase de la convocatoria:<\/p>\n\n\n\n<ol type=\"1\">\n<li>Revise el archivo de cupos disponibles publicado en esta p\u00e1gina.<\/li>\n\n\n\n<li>Ubique el colegio con cupo disponible para el grado requerido.<\/li>\n\n\n\n<li>Dir\u00edjase al colegio con cupo disponible y lleve a cabo la matr\u00edcula correspondiente.<\/li>\n<\/ol>\n\n\n\n<ul>\n<li><strong><a href=\"#\"><s>Cupos Escolares Disponibles 2026 actualizado a noviembre 14 de 2025<\/s><\/a><\/strong><\/li>\n\n\n\n<li><a rel=\"noreferrer noopener\" href=\"https:\/\/www.seb.gov.co\/wp-content\/uploads\/2025\/11\/Cupos-Escolares-Disponibles-2026-Modelos-Educativos-Flexibles.pdf\" target=\"_blank\"><strong>Cupos Escolares Disponibles 2026 &#8211; Modelos Educativos Flexibles<\/strong><\/a><\/li>\n\n\n\n<li><a href=\"#\"><strong><s>Cupos Escolares Disponibles 2026 Actualizado a Diciembre 4 de 2025<\/s><\/strong><\/a><\/li>\n\n\n\n<li><strong><s><a href=\"#\">Cupos Escolares Disponibles 2026 Actualizado a Enero 13 de 2026<\/a><\/s><\/strong><\/li>\n\n\n\n<li><strong><a href=\"#\"><s>Cupos Escolar<\/s>es <s>Disponibles<\/s> <s>202<\/s>6 Actu<s>alizado a <\/s>En<s>ero 30 de 2026<\/s><\/a><\/strong><\/li>\n\n\n\n<li><strong><a href=\"https:\/\/www.seb.gov.co\/wp-content\/uploads\/2026\/03\/CUPOS-DISPONIBLES_05-03-26-1.pdf\" target=\"_blank\" rel=\"noreferrer noopener\">Cupos Escolares Disponibles 2026 Actualizado a Marzo 5 de 2026<\/a><\/strong><\/li>\n<\/ul>\n\n\n\n<p><a href=\"https:\/\/www.seb.gov.co\/wp-content\/uploads\/2025\/11\/Circular-No.-304-Proceso-de-Asignacion-de-Cupos-Escolares-y-Matricula-para-la-vigencia-2026.pdf\" target=\"_blank\" rel=\"noreferrer noopener\"><strong>Circular No. 304 Proceso de Asignaci\u00f3n de Cupos Escolares y Matricula para la vigencia 2026 (Segunda Fase de la Convocatoria de Cupos Escolares)<\/strong><\/a><\/p>\n\n\n\n<p><strong>Para M\u00e1s Informaci\u00f3n Escr\u00edbenos:<\/strong><strong><\/strong><\/p>\n\n\n\n<p><strong>Correo electr\u00f3nico:<\/strong>&nbsp;<a href=\"mailto:cobertura.educativa@bucaramanga.gov.co\">cobertura.educativa@bucaramanga.gov.co<\/a><\/p>\n\n\n\n<p><strong>Facebook:<\/strong> <a href=\"https:\/\/www.facebook.com\/share\/6MrRTMC9jbZWcwfH\/?mibextid=qi2Omg\">Secretar\u00eda de Educaci\u00f3n de Bucaramanga<\/a><\/p>\n\n\n\n<p><strong>Instagram:<\/strong> <a href=\"https:\/\/www.instagram.com\/alcaldiadebucaramanga?igsh=MXVkcXlhOXp0dGN3Zw==\">Alcald\u00eda de Bucaramanga @AlcaldiaBGA<\/a><\/p>\n\n\n\n<p><strong>Tambi\u00e9n puedes acercarte a:<\/strong><\/p>\n\n\n\n<ul>\n<li>Centro de Atenci\u00f3n Municipal Especializado -CAME- Central, ubicado en la Calle 35 # 10-43, Bucaramanga, Santander. &nbsp;Horario:&nbsp;&nbsp; lunes a jueves de 7:30 a.m. a 12:00 m y de 1:00 p.m. a 5:00 p.m. Viernes de 7:00 a.m. a 4:00 p.m. en Jornada Continua con 30 minutos de descanso al medio d\u00eda.<\/li>\n\n\n\n<li>Centro de Atenci\u00f3n Municipal Especializado -CAME- Norte, ubicado en la Carrera 12 #16N-84 del barrio Kennedy. jornada continua de 7:30 a.m.&nbsp; a 3:00 p.m.<\/li>\n<\/ul>\n\n\n\n<p><strong>Puntos Digitales:<\/strong><\/p>\n\n\n\n<ul>\n<li>CAFE MADRID, ubicado en la Carrera 8C # 34 ANB, lote 6, local B. Horario: Horario: Lunes a viernes de 8:00 am a 12:00 m y de 2:00 pm a 6:00 pm.<\/li>\n\n\n\n<li>NORTE, ubicado en la carrera 22 # 1 \u2013 25, Barrio San Crist\u00f3bal. Horario: Horario: Lunes a viernes de 8:00 am a 12:00 m y de 2:00 pm a 6:00 pm.<\/li>\n\n\n\n<li>LA JOYA, ubicado en la Carrera 7 Occidental # 36 \u2013 48, Barrio la Joya. Horario: Lunes a viernes de 8:00 am a 12:00 m y de 2:00 pm a 6:00 pm.<\/li>\n\n\n\n<li>LA UNIVERSIDAD, ubicado en la calle 9 # 25 \u2013 67, Barrio la Universidad. Horario: Lunes a viernes de 8:00 am a 12:00 m y de 2:00 pm a 6:00 pm.<\/li>\n\n\n\n<li>CABALLO DE BOLIVAR, ubicado en la calle 10 # 28-77, Barrio la Universidad. Horario: Lunes a viernes de 8:00 am a 12:00 m y de 2:00 pm a 6:00 pm.<\/li>\n\n\n\n<li>NOR-ORIENTE, ubicado en la calle 14 # 50 \u2013 32, Barrio Albania. Horario: Lunes a viernes de 8:00 am a 12:00 m y de 2:00 pm a 6:00 pm.<\/li>\n\n\n\n<li>REAL DE MINAS, ubicado en la calle 55 # 14 \u2013 54, Calle de los estudiantes. Horario: Lunes a viernes de 12:00 m y a 8:00 pm a 6:00 pm.<\/li>\n\n\n\n<li>SUR, ubicado en la carrera 19 # 104 \u2013 56, Barrio Provenza. Horario: Lunes a viernes de 8:00 am a 12:00 m y de 2:00 pm a 6:00 pm.<\/li>\n<\/ul>\n","protected":false},"excerpt":{"rendered":"<p>CONVOCATORIA CUPOS ESCOLARES 2026 Proceso de Inscripci\u00f3n a Cupos Escolares 2026 La Educaci\u00f3n La responsabilidad del Estado a trav\u00e9s de las entidades territoriales, la sociedad y la familia, es velar por la calidad de la educaci\u00f3n, promover el acceso al servicio p\u00fablico educativo y garantizar su cubrimiento. En virtud de lo anterior, la Secretar\u00eda de [&hellip;]<\/p>\n","protected":false},"author":1,"featured_media":0,"parent":0,"menu_order":0,"comment_status":"closed","ping_status":"closed","template":"","meta":{"_bbp_topic_count":0,"_bbp_reply_count":0,"_bbp_total_topic_count":0,"_bbp_total_reply_count":0,"_bbp_voice_count":0,"_bbp_anonymous_reply_count":0,"_bbp_topic_count_hidden":0,"_bbp_reply_count_hidden":0,"_bbp_forum_subforum_count":0,"footnotes":""},"_links":{"self":[{"href":"https:\/\/www.seb.gov.co\/index.php\/wp-json\/wp\/v2\/pages\/21868"}],"collection":[{"href":"https:\/\/www.seb.gov.co\/index.php\/wp-json\/wp\/v2\/pages"}],"about":[{"href":"https:\/\/www.seb.gov.co\/index.php\/wp-json\/wp\/v2\/types\/page"}],"author":[{"embeddable":true,"href":"https:\/\/www.seb.gov.co\/index.php\/wp-json\/wp\/v2\/users\/1"}],"replies":[{"embeddable":true,"href":"https:\/\/www.seb.gov.co\/index.php\/wp-json\/wp\/v2\/comments?post=21868"}],"version-history":[{"count":112,"href":"https:\/\/www.seb.gov.co\/index.php\/wp-json\/wp\/v2\/pages\/21868\/revisions"}],"predecessor-version":[{"id":24985,"href":"https:\/\/www.seb.gov.co\/index.php\/wp-json\/wp\/v2\/pages\/21868\/revisions\/24985"}],"wp:attachment":[{"href":"https:\/\/www.seb.gov.co\/index.php\/wp-json\/wp\/v2\/media?parent=21868"}],"curies":[{"name":"wp","href":"https:\/\/api.w.org\/{rel}","templated":true}]}}