{"id":21778,"date":"2023-08-25T23:06:07","date_gmt":"2023-08-25T23:06:07","guid":{"rendered":"https:\/\/www.seb.gov.co\/?page_id=21778"},"modified":"2023-09-01T19:47:23","modified_gmt":"2023-09-01T19:47:23","slug":"educacion-prescolar","status":"publish","type":"page","link":"https:\/\/www.seb.gov.co\/index.php\/educacion-prescolar\/","title":{"rendered":"Educaci\u00f3n B\u00e1sica y Media"},"content":{"rendered":"\n<p class=\"has-text-align-center has-x-large-font-size\"><strong>Educaci\u00f3n Preescolar, b\u00e1sica y media<\/strong><\/p>\n\n\n\n<figure class=\"wp-block-image size-large\"><img decoding=\"async\" loading=\"lazy\" width=\"1024\" height=\"341\" src=\"https:\/\/www.seb.gov.co\/wp-content\/uploads\/2023\/08\/Educacion-Primaria-2-1024x341.png\" alt=\"\" class=\"wp-image-21802\" srcset=\"https:\/\/www.seb.gov.co\/wp-content\/uploads\/2023\/08\/Educacion-Primaria-2-1024x341.png 1024w, https:\/\/www.seb.gov.co\/wp-content\/uploads\/2023\/08\/Educacion-Primaria-2-300x100.png 300w, https:\/\/www.seb.gov.co\/wp-content\/uploads\/2023\/08\/Educacion-Primaria-2-768x256.png 768w, https:\/\/www.seb.gov.co\/wp-content\/uploads\/2023\/08\/Educacion-Primaria-2-1536x512.png 1536w\" sizes=\"(max-width: 1024px) 100vw, 1024px\" \/><\/figure>\n\n\n\n<p>La Educaci\u00f3n es un derecho de la persona y un servicio p\u00fablico que tiene como funci\u00f3n social buscar el acceso al conocimiento, a la ciencia, a la t\u00e9cnica, a los dem\u00e1s bienes y valores de la cultura. Siendo la educaci\u00f3n obligatoria para los ni\u00f1os, j\u00f3venes y adolescentes entre los cinco y los quince a\u00f1os de edad, comprendiendo como m\u00ednimo, un a\u00f1o de preescolar y nueve de educaci\u00f3n b\u00e1sica.<\/p>\n\n\n\n<p>Es responsabilidad del Estado, a trav\u00e9s de las entidades territoriales, la sociedad y la familia velar por la calidad de la educaci\u00f3n, promover el acceso al servicio p\u00fablico educativo y garantizar su cubrimiento. As\u00ed lo consigna la Ley 115 de 1994. De igual manera, la Ley 715 de 2001 expone que es obligaci\u00f3n de las Entidades Territoriales Certificadas en educaci\u00f3n: dirigir, planificar y prestar el servicio educativo en los niveles de preescolar, b\u00e1sica y media en sus distintas modalidades, en condiciones de equidad, eficiencia y calidad.<\/p>\n\n\n\n<p><strong>De acuerdo con la Resoluci\u00f3n 07797 de 2015 del Ministerio de Educaci\u00f3n, son responsables del proceso de gesti\u00f3n de la cobertura educativa:<\/strong><\/p>\n\n\n\n<ol>\n<li>Las Entidades Territoriales Certificadas en educaci\u00f3n \u2013 ETC.<\/li>\n\n\n\n<li>El rector o director del establecimiento educativo estatal.<\/li>\n\n\n\n<li>El personal administrativo responsable en la entidad territorial certificada y\/o en el establecimiento educativo, de reportar la informaci\u00f3n en el Sistema Integrado de Matr\u00edcula \u2014SIMAT, Sistema de Informaci\u00f3n para el Monitoreo, Prevenci\u00f3n y An\u00e1lisis de la Deserci\u00f3n Escolar \u2014SIMPADE, Sistema Interactivo de Consulta de Infraestructura Educativa -SICIED, o aquellos que los sustituyan.<\/li>\n\n\n\n<li>Los padres de familia o acudientes.<\/li>\n<\/ol>\n\n\n\n<p class=\"has-large-font-size\"><\/p>\n\n\n\n<p><\/p>\n\n\n\n<p><\/p>\n\n\n\n<p><\/p>\n\n\n\n<p><\/p>\n\n\n\n<pre class=\"wp-block-code\"><code><\/code><\/pre>\n","protected":false},"excerpt":{"rendered":"<p>Educaci\u00f3n Preescolar, b\u00e1sica y media La Educaci\u00f3n es un derecho de la persona y un servicio p\u00fablico que tiene como funci\u00f3n social buscar el acceso al conocimiento, a la ciencia, a la t\u00e9cnica, a los dem\u00e1s bienes y valores de la cultura. Siendo la educaci\u00f3n obligatoria para los ni\u00f1os, j\u00f3venes y adolescentes entre los cinco [&hellip;]<\/p>\n","protected":false},"author":1,"featured_media":0,"parent":0,"menu_order":0,"comment_status":"closed","ping_status":"closed","template":"","meta":{"_bbp_topic_count":0,"_bbp_reply_count":0,"_bbp_total_topic_count":0,"_bbp_total_reply_count":0,"_bbp_voice_count":0,"_bbp_anonymous_reply_count":0,"_bbp_topic_count_hidden":0,"_bbp_reply_count_hidden":0,"_bbp_forum_subforum_count":0,"footnotes":""},"_links":{"self":[{"href":"https:\/\/www.seb.gov.co\/index.php\/wp-json\/wp\/v2\/pages\/21778"}],"collection":[{"href":"https:\/\/www.seb.gov.co\/index.php\/wp-json\/wp\/v2\/pages"}],"about":[{"href":"https:\/\/www.seb.gov.co\/index.php\/wp-json\/wp\/v2\/types\/page"}],"author":[{"embeddable":true,"href":"https:\/\/www.seb.gov.co\/index.php\/wp-json\/wp\/v2\/users\/1"}],"replies":[{"embeddable":true,"href":"https:\/\/www.seb.gov.co\/index.php\/wp-json\/wp\/v2\/comments?post=21778"}],"version-history":[{"count":18,"href":"https:\/\/www.seb.gov.co\/index.php\/wp-json\/wp\/v2\/pages\/21778\/revisions"}],"predecessor-version":[{"id":21962,"href":"https:\/\/www.seb.gov.co\/index.php\/wp-json\/wp\/v2\/pages\/21778\/revisions\/21962"}],"wp:attachment":[{"href":"https:\/\/www.seb.gov.co\/index.php\/wp-json\/wp\/v2\/media?parent=21778"}],"curies":[{"name":"wp","href":"https:\/\/api.w.org\/{rel}","templated":true}]}}