{"id":21074,"date":"2023-03-22T17:09:05","date_gmt":"2023-03-22T17:09:05","guid":{"rendered":"https:\/\/www.seb.gov.co\/?page_id=21074"},"modified":"2025-08-01T19:54:09","modified_gmt":"2025-08-01T19:54:09","slug":"evalucacion-de-desempeno","status":"publish","type":"page","link":"https:\/\/www.seb.gov.co\/index.php\/evalucacion-de-desempeno\/","title":{"rendered":"Evaluaci\u00f3n de Desempe\u00f1o"},"content":{"rendered":"<div class=\"fusion-sep-clear\"><\/div><div class=\"fusion-separator fusion-full-width-sep sep-none\" style=\"border-color:#e0dede;margin-left: auto;margin-right: auto;margin-top:;\"><\/div><p>La evaluaci\u00f3n anual de desempe\u00f1o laboral de docentes y directivos docentes es un proceso continuo que se realiza durante todo el a\u00f1o escolar. Tal como lo establece el Ministerio de Educaci\u00f3n Nacional la evaluaci\u00f3n debe impulsar el mejoramiento continuo, lo cual s\u00f3lo es posible si hay reflexi\u00f3n permanente de parte de quienes trabajan en las instituciones educativas y seguimiento al desempe\u00f1o (propio y de otros) de acuerdo con est\u00e1ndares de calidad y compromisos adquiridos. La continuidad en el proceso permite igualmente recolectar informaci\u00f3n representativa de los evaluados, y no solamente observaciones aisladas y puntuales para emitir valoraciones ajustadas al desempe\u00f1o real de los docentes y directivos docentes.<\/p>\n<p>Con la evaluaci\u00f3n como un proceso continuo, sistem\u00e1tico y basado en la evidencia se obtienen resultados objetivos, v\u00e1lidos y confiables para fundamentar decisiones oportunas y acciones efectivas, articuladas con la gesti\u00f3n de las instituciones educativas, las secretar\u00edas de educaci\u00f3n y el Ministerio de Educaci\u00f3n Nacional.<\/p><\/p>\n<div class=\"fusion-one-half fusion-layout-column fusion-spacing-yes\" style=\"margin-top:0px;margin-bottom:20px;\"><div class=\"fusion-column-wrapper\"><div class=\"fusion-video fusion-youtube\" style=\"max-width:600px;max-height:350px;\"><div class=\"video-shortcode\"><iframe title=\"YouTube video player\" src=\"https:\/\/www.youtube.com\/embed\/oBIQPCyawyE?wmode=transparent&autoplay=0\" width=\"600\" height=\"350\" frameborder=\"0\" allowfullscreen><\/iframe><\/div><\/div><div class=\"fusion-clearfix\"><\/div><\/div><\/div><div class=\"fusion-one-half fusion-layout-column fusion-column-last fusion-spacing-yes\" style=\"margin-top:0px;margin-bottom:20px;\"><div class=\"fusion-column-wrapper\"><div class=\"fusion-video fusion-youtube\" style=\"max-width:600px;max-height:350px;\"><div class=\"video-shortcode\"><iframe title=\"YouTube video player\" src=\"https:\/\/www.youtube.com\/embed\/Z5P6PuIO5IQ?wmode=transparent&autoplay=0\" width=\"600\" height=\"350\" frameborder=\"0\" allowfullscreen><\/iframe><\/div><\/div><div class=\"fusion-clearfix\"><\/div><\/div><\/div><div class=\"fusion-clearfix\"><\/div>\n\n\n<p class=\"has-text-align-center has-medium-font-size\"><strong>INFORME DE RESULTADOS DE EVALUACI\u00d3N DESEMPE\u00d1O<\/strong> <\/p>\n\n\n\n<p class=\"has-text-align-center has-vivid-cyan-blue-color has-text-color has-medium-font-size\"><a href=\"https:\/\/www.seb.gov.co\/wp-content\/uploads\/2023\/08\/INFORME-DE-EVALUACION-GRAFICO.pdf\" data-type=\"URL\" data-id=\"https:\/\/www.seb.gov.co\/wp-content\/uploads\/2023\/08\/INFORME-DE-EVALUACION-GRAFICO.pdf\" target=\"_blank\" rel=\"noreferrer noopener\">&lt;&lt;Ver documento 2022&gt;&gt;<\/a><\/p>\n\n\n\n<p class=\"has-text-align-center has-medium-font-size\"><a rel=\"noreferrer noopener\" href=\"https:\/\/www.seb.gov.co\/wp-content\/uploads\/2024\/11\/informe-analisis-de-resultados-2023.pdf\" data-type=\"URL\" data-id=\"https:\/\/www.seb.gov.co\/wp-content\/uploads\/2023\/08\/INFORME-DE-EVALUACION-GRAFICO.pdf\" target=\"_blank\">&lt;&lt;Ver documento 2023&gt;&gt;<\/a><\/p>\n\n\n\n<p class=\"has-text-align-center has-medium-font-size\"><a rel=\"noreferrer noopener\" href=\"https:\/\/www.seb.gov.co\/wp-content\/uploads\/2025\/08\/INFORME-ANALISIS-DE-RESULTADOS-EVALUACION-2024-05.pdf\" data-type=\"URL\" data-id=\"https:\/\/www.seb.gov.co\/wp-content\/uploads\/2023\/08\/INFORME-DE-EVALUACION-GRAFICO.pdf\" target=\"_blank\">&lt;&lt;Ver documento 2024&gt;&gt;<\/a><\/p>\n\n\n\n<p><\/p>\n","protected":false},"excerpt":{"rendered":"<p>INFORME DE RESULTADOS DE EVALUACI\u00d3N DESEMPE\u00d1O &lt;&lt;Ver documento 2022&gt;&gt; &lt;&lt;Ver documento 2023&gt;&gt; &lt;&lt;Ver documento 2024&gt;&gt;<\/p>\n","protected":false},"author":1,"featured_media":0,"parent":0,"menu_order":0,"comment_status":"closed","ping_status":"closed","template":"","meta":{"_bbp_topic_count":0,"_bbp_reply_count":0,"_bbp_total_topic_count":0,"_bbp_total_reply_count":0,"_bbp_voice_count":0,"_bbp_anonymous_reply_count":0,"_bbp_topic_count_hidden":0,"_bbp_reply_count_hidden":0,"_bbp_forum_subforum_count":0,"footnotes":""},"_links":{"self":[{"href":"https:\/\/www.seb.gov.co\/index.php\/wp-json\/wp\/v2\/pages\/21074"}],"collection":[{"href":"https:\/\/www.seb.gov.co\/index.php\/wp-json\/wp\/v2\/pages"}],"about":[{"href":"https:\/\/www.seb.gov.co\/index.php\/wp-json\/wp\/v2\/types\/page"}],"author":[{"embeddable":true,"href":"https:\/\/www.seb.gov.co\/index.php\/wp-json\/wp\/v2\/users\/1"}],"replies":[{"embeddable":true,"href":"https:\/\/www.seb.gov.co\/index.php\/wp-json\/wp\/v2\/comments?post=21074"}],"version-history":[{"count":9,"href":"https:\/\/www.seb.gov.co\/index.php\/wp-json\/wp\/v2\/pages\/21074\/revisions"}],"predecessor-version":[{"id":24494,"href":"https:\/\/www.seb.gov.co\/index.php\/wp-json\/wp\/v2\/pages\/21074\/revisions\/24494"}],"wp:attachment":[{"href":"https:\/\/www.seb.gov.co\/index.php\/wp-json\/wp\/v2\/media?parent=21074"}],"curies":[{"name":"wp","href":"https:\/\/api.w.org\/{rel}","templated":true}]}}