{"id":20651,"date":"2022-11-18T19:51:05","date_gmt":"2022-11-18T19:51:05","guid":{"rendered":"https:\/\/www.seb.gov.co\/?page_id=20651"},"modified":"2022-11-18T21:08:31","modified_gmt":"2022-11-18T21:08:31","slug":"convivencia-escolar","status":"publish","type":"page","link":"https:\/\/www.seb.gov.co\/index.php\/convivencia-escolar\/","title":{"rendered":"Convivencia Escolar"},"content":{"rendered":"<h1 style=\"text-align: center;\"><strong>COMIT\u00c9 MUNICIPAL DE CONVIVENCIA ESCOLAR DEL MUNICPIO DE BUCARAMANGA<\/strong><\/h1>\n<div class=\"fusion-one-full fusion-layout-column fusion-column-last fusion-spacing-yes\" style=\"margin-top:0px;margin-bottom:20px;\"><div class=\"fusion-column-wrapper\"><p>En el marco del cumplimiento de la Ley 1620 de 2013 y su decreto reglamentario 1965 de septiembre 11 de 2013, se establece la conformaci\u00f3n de los Comit\u00e9s Territoriales de Convivencia Escolar, que para el caso del Municipio de Bucaramanga se crea a trav\u00e9s del Decreto 0135 de 2016 (M\u00e1s informaci\u00f3n anexo Decreto)<\/p>\n<p>El objeto del Comit\u00e9 Municipal de Convivencia Escolar es la \u201cpromoci\u00f3n y fortalecimiento de la formaci\u00f3n para la ciudadan\u00eda, el ejercicio de los derechos humanos, sexuales y reproductivos, y la prevenci\u00f3n y mitigaci\u00f3n de la violencia escolar y el embarazo en la adolescencia de los estudiantes de los niveles educativos de preescolar, b\u00e1sica y media\u201d<\/p>\n<p style=\"text-align: left;\">El Comit\u00e9 Municipal de Convivencia Escolar estar\u00e1 conformado por los representantes de:<\/p>\n<ol>\n<li>Secretario de Educaci\u00f3n Municipal o su delegado.<\/li>\n<li>Secretario del Interior Municipal o su delegado.<\/li>\n<li>Secretario de Salud o su delegado.<\/li>\n<li>Director del Instituto de Cultura o su delegado.<\/li>\n<li>Director Regional del ICBF o su delegado.<\/li>\n<li>Comisarios de Familia o su delegado.<\/li>\n<li>Personer\u00eda Municipal o su delegado.<\/li>\n<li>Defensor del Pueblo o su delegado.<\/li>\n<li>Comandante de polic\u00eda de Infancia y Adolescencia o su delegado.<\/li>\n<li>El Rector de la Instituci\u00f3n Educativa Oficial, con mayor puntaje en las pruebas SABER 11\u00b0 a Nivel municipal.<\/li>\n<li>Rector de la Instituci\u00f3n Educativa NO Oficial, con mayor puntaje en las pruebas SABER 11\u00b0 a Nivel municipal.<\/li>\n<\/ol>\n<div class=\"fusion-clearfix\"><\/div><\/div><\/div><div class=\"fusion-clearfix\"><\/div><div class=\"fusion-one-half fusion-layout-column fusion-spacing-yes\" style=\"margin-top:0px;margin-bottom:20px;\"><div class=\"fusion-column-wrapper\"><div class=\"fusion-image-carousel fusion-image-carousel-auto lightbox-enabled fusion-carousel-border\"><div class=\"fusion-carousel\" data-autoplay=\"no\" data-columns=\"3\" data-itemmargin=\"13\" data-itemwidth=\"180\" data-touchscroll=\"no\" data-imagesize=\"auto\"><div class=\"fusion-carousel-positioner\"><ul class=\"fusion-carousel-holder\"><li class=\"fusion-carousel-item\"><div class=\"fusion-carousel-item-wrapper\"><div class=\"fusion-image-wrapper hover-type-none\"><a data-rel=\"iLightbox[gallery_image_1]\" data-title=\"Imagen1\" href=\"https:\/\/www.seb.gov.co\/wp-content\/uploads\/2022\/11\/Imagen1-1-300x224.png\" target=\"_self\"><img src=\"https:\/\/www.seb.gov.co\/wp-content\/uploads\/2022\/11\/Imagen1-1-300x224.png\" alt=\"\" \/><\/a><\/div><\/div><\/li><\/ul><div class=\"fusion-carousel-nav\"><span class=\"fusion-nav-prev\"><\/span><span class=\"fusion-nav-next\"><\/span><\/div><\/div><\/div><\/div><div class=\"fusion-clearfix\"><\/div><\/div><\/div><div class=\"fusion-one-half fusion-layout-column fusion-column-last fusion-spacing-yes\" style=\"margin-top:0px;margin-bottom:20px;\"><div class=\"fusion-column-wrapper\"><div class=\"fusion-image-carousel fusion-image-carousel-auto lightbox-enabled fusion-carousel-border\"><div class=\"fusion-carousel\" data-autoplay=\"no\" data-columns=\"3\" data-itemmargin=\"13\" data-itemwidth=\"180\" data-touchscroll=\"no\" data-imagesize=\"auto\"><div class=\"fusion-carousel-positioner\"><ul class=\"fusion-carousel-holder\"><li class=\"fusion-carousel-item\"><div class=\"fusion-carousel-item-wrapper\"><div class=\"fusion-image-wrapper hover-type-none\"><a data-rel=\"iLightbox[gallery_image_2]\" data-title=\"Imagen3\" href=\"https:\/\/www.seb.gov.co\/wp-content\/uploads\/2022\/11\/Imagen3.jpg\" target=\"_self\"><img src=\"https:\/\/www.seb.gov.co\/wp-content\/uploads\/2022\/11\/Imagen3.jpg\" alt=\"\" \/><\/a><\/div><\/div><\/li><\/ul><div class=\"fusion-carousel-nav\"><span class=\"fusion-nav-prev\"><\/span><span class=\"fusion-nav-next\"><\/span><\/div><\/div><\/div><\/div><div class=\"fusion-clearfix\"><\/div><\/div><\/div><div class=\"fusion-clearfix\"><\/div><div class=\"fusion-one-fifth fusion-layout-column fusion-spacing-yes\" style=\"margin-top:0px;margin-bottom:20px;\"><div class=\"fusion-column-wrapper\"><div class=\"fusion-clearfix\"><\/div><\/div><\/div><div class=\"fusion-three-fifth fusion-layout-column fusion-spacing-yes\" style=\"margin-top:0px;margin-bottom:20px;\"><div class=\"fusion-column-wrapper\"><div class=\"fusion-image-carousel fusion-image-carousel-auto lightbox-enabled fusion-carousel-border\"><div class=\"fusion-carousel\" data-autoplay=\"no\" data-columns=\"6\" data-itemmargin=\"13\" data-itemwidth=\"180\" data-touchscroll=\"no\" data-imagesize=\"auto\"><div class=\"fusion-carousel-positioner\"><ul class=\"fusion-carousel-holder\"><li class=\"fusion-carousel-item\"><div class=\"fusion-carousel-item-wrapper\"><div class=\"fusion-image-wrapper hover-type-none\"><a data-rel=\"iLightbox[gallery_image_3]\" data-title=\"Imagen2\" href=\"https:\/\/www.seb.gov.co\/wp-content\/uploads\/2022\/11\/Imagen2-300x225.jpg\" target=\"_self\"><img src=\"https:\/\/www.seb.gov.co\/wp-content\/uploads\/2022\/11\/Imagen2-300x225.jpg\" alt=\"\" \/><\/a><\/div><\/div><\/li><\/ul><div class=\"fusion-carousel-nav\"><span class=\"fusion-nav-prev\"><\/span><span class=\"fusion-nav-next\"><\/span><\/div><\/div><\/div><\/div><div class=\"fusion-clearfix\"><\/div><\/div><\/div><div class=\"fusion-one-fifth fusion-layout-column fusion-column-last fusion-spacing-yes\" style=\"margin-top:0px;margin-bottom:20px;\"><div class=\"fusion-column-wrapper\"><div class=\"fusion-clearfix\"><\/div><\/div><\/div><div class=\"fusion-clearfix\"><\/div><h2 style=\"text-align: center;\"><strong>ARTICULACI\u00d3N PARA LA CONVIVENCIA ESCOLAR<\/strong><\/h2>\n<p>Durante la vigencia 2022 se vienen implementando las siguientes<\/p>\n<ul>\n<li>Red Papaz en ocho Instituciones Educativas Oficiales de Bucaramanga<\/li>\n<li>Proyecto CON-TIGO CONECTADOS: Uso Excesivo de Internet &#8211; Proyecto Cuento Social, Ciberbullying &#8211; Proyecto Debate Social y Redes Sociales<\/li>\n<li>Plan de Intervenciones Colectivas (PIC) en articulaci\u00f3n con la Secretaria de Salud de Bucaramanga<\/li>\n<li>Programa de Diversidad Sexual en articulaci\u00f3n con la Secretaria de Desarrollo Social<\/li>\n<li>Pro afecto \u2013 Salud Mental en articulaci\u00f3n con la Secretaria de Salud de Bucaramanga<\/li>\n<li>Estrategia JAVI en articulaci\u00f3n con la Juntos Aprendemos<\/li>\n<li>Prevenci\u00f3n del consumo de sustancias psicoactivas en articulaci\u00f3n con la Secretaria del Interior<\/li>\n<li>Prevenci\u00f3n de embarazo a temprana edad en articulaci\u00f3n con la Secretaria de Desarrollo Social<\/li>\n<li>Participaci\u00f3n significativa y Protag\u00f3nica en articulaci\u00f3n con la Secretaria de Desarrollo Social.<\/li>\n<li>Mesa municipal de participaci\u00f3n de ni\u00f1os, ni\u00f1as y adolescentes en articulaci\u00f3n con la Secretaria de desarrollo Social<\/li>\n<li>Entornos escolares protectores de Ni\u00f1os, Ni\u00f1as y Adolescentes frente al Bullying y la Violencia Sexual en articulaci\u00f3n con la Secretaria de Desarrollo Social.<\/li>\n<li>Transformando mi familia en un entorno protector-Prevenci\u00f3n violencia sexual en articulaci\u00f3n con la Secretaria del Interior.<\/li>\n<li>Gestores de convivencia escolar y paz en articulaci\u00f3n con la Secretaria del Interior<\/li>\n<\/ul>\n\n","protected":false},"excerpt":{"rendered":"","protected":false},"author":1,"featured_media":0,"parent":0,"menu_order":0,"comment_status":"closed","ping_status":"closed","template":"","meta":{"_bbp_topic_count":0,"_bbp_reply_count":0,"_bbp_total_topic_count":0,"_bbp_total_reply_count":0,"_bbp_voice_count":0,"_bbp_anonymous_reply_count":0,"_bbp_topic_count_hidden":0,"_bbp_reply_count_hidden":0,"_bbp_forum_subforum_count":0,"footnotes":""},"_links":{"self":[{"href":"https:\/\/www.seb.gov.co\/index.php\/wp-json\/wp\/v2\/pages\/20651"}],"collection":[{"href":"https:\/\/www.seb.gov.co\/index.php\/wp-json\/wp\/v2\/pages"}],"about":[{"href":"https:\/\/www.seb.gov.co\/index.php\/wp-json\/wp\/v2\/types\/page"}],"author":[{"embeddable":true,"href":"https:\/\/www.seb.gov.co\/index.php\/wp-json\/wp\/v2\/users\/1"}],"replies":[{"embeddable":true,"href":"https:\/\/www.seb.gov.co\/index.php\/wp-json\/wp\/v2\/comments?post=20651"}],"version-history":[{"count":17,"href":"https:\/\/www.seb.gov.co\/index.php\/wp-json\/wp\/v2\/pages\/20651\/revisions"}],"predecessor-version":[{"id":20674,"href":"https:\/\/www.seb.gov.co\/index.php\/wp-json\/wp\/v2\/pages\/20651\/revisions\/20674"}],"wp:attachment":[{"href":"https:\/\/www.seb.gov.co\/index.php\/wp-json\/wp\/v2\/media?parent=20651"}],"curies":[{"name":"wp","href":"https:\/\/api.w.org\/{rel}","templated":true}]}}