{"id":20643,"date":"2022-11-18T19:21:48","date_gmt":"2022-11-18T19:21:48","guid":{"rendered":"https:\/\/www.seb.gov.co\/?page_id=20643"},"modified":"2025-01-23T21:06:01","modified_gmt":"2025-01-23T21:06:01","slug":"sistemas-seb","status":"publish","type":"page","link":"https:\/\/www.seb.gov.co\/index.php\/sistemas-seb\/","title":{"rendered":"Sistemas SEB"},"content":{"rendered":"\n<p class=\"has-text-align-center has-medium-font-size\"><strong>PROYECTOS PLAN ESTRATEGICO DE TECNOLOGIA<\/strong><\/p>\n\n\n\n<div class=\"fusion-content-boxes content-boxes columns fusion-columns-4 fusion-columns-total-0 fusion-content-boxes-1 content-boxes-icon-on-side row content-left\" data-animationOffset=\"100%\" style=\"margin-top:0px;margin-bottom:60px;\"><style type=\"text\/css\" scoped=\"scoped\">.fusion-content-boxes-1 .heading h2{color:#000000;}\r\n\t\t\t.fusion-content-boxes-1 .fusion-content-box-hover .link-area-link-icon-hover .heading h2,\r\n\t\t\t.fusion-content-boxes-1 .fusion-content-box-hover .link-area-link-icon-hover .heading .heading-link h2,\r\n\t\t\t.fusion-content-boxes-1 .fusion-content-box-hover .link-area-box-hover .heading h2,\r\n\t\t\t.fusion-content-boxes-1 .fusion-content-box-hover .link-area-box-hover .heading .heading-link h2,\r\n\t\t\t.fusion-content-boxes-1 .fusion-content-box-hover .link-area-link-icon-hover.link-area-box .fusion-read-more,\r\n\t\t\t.fusion-content-boxes-1 .fusion-content-box-hover .link-area-link-icon-hover.link-area-box .fusion-read-more::after,\r\n\t\t\t.fusion-content-boxes-1 .fusion-content-box-hover .link-area-link-icon-hover.link-area-box .fusion-read-more::before,\r\n\t\t\t.fusion-content-boxes-1 .fusion-content-box-hover .fusion-read-more:hover:after,\r\n\t\t\t.fusion-content-boxes-1 .fusion-content-box-hover .fusion-read-more:hover:before,\r\n\t\t\t.fusion-content-boxes-1 .fusion-content-box-hover .fusion-read-more:hover,\r\n\t\t\t.fusion-content-boxes-1 .fusion-content-box-hover .link-area-box-hover.link-area-box .fusion-read-more,\r\n\t\t\t.fusion-content-boxes-1 .fusion-content-box-hover .link-area-box-hover.link-area-box .fusion-read-more::after,\r\n\t\t\t.fusion-content-boxes-1 .fusion-content-box-hover .link-area-box-hover.link-area-box .fusion-read-more::before,\t\t\t\r\n\t\t\t.fusion-content-boxes-1 .fusion-content-box-hover .link-area-link-icon-hover .icon .circle-no,\r\n\t\t\t.fusion-content-boxes-1 .fusion-content-box-hover .link-area-box-hover .icon .circle-no {\r\n\t\t\t\tcolor: #0082cb !important;\r\n\t\t\t}\r\n\t\t\t.fusion-content-boxes-1 .fusion-content-box-hover .heading-link:hover .icon i.circle-yes,\r\n\t\t\t.fusion-content-boxes-1 .fusion-content-box-hover .link-area-box:hover .heading-link .icon i.circle-yes,\r\n\t\t\t.fusion-content-boxes-1 .fusion-content-box-hover .link-area-link-icon-hover .heading .icon i.circle-yes,\r\n\t\t\t.fusion-content-boxes-1 .fusion-content-box-hover .link-area-box-hover .heading .icon i.circle-yes {\r\n\t\t\t\tbackground-color: #0082cb !important;\r\n\t\t\t\tborder-color: #0082cb !important;\r\n\t\t\t}<\/style><div class=\"fusion-clearfix\"><\/div><\/div>\n\n\n\n<div class=\"fusion-column content-box-column content-box-column-1 col-lg-3 col-md-3 col-sm-3 fusion-content-box-hover content-box-column-first-in-row\"><div class=\"col content-wrapper link-area-link-icon link-type-text icon-hover-animation-slide\" style=\"background-color:transparent;\"><div class=\"heading heading-with-icon icon-left\"><a class=\"heading-link\" href=\"https:\/\/www.seb.gov.co\/wp-content\/uploads\/2025\/01\/PL-TIC-1400-1700-004-Plan-Estrategico-Tecnologias-Informacion-PETI-2024.pdf\" target=\"_blank\"><div class=\"icon\"><i style=\"background-color:transparent;border-color:transparent;height:auto;width:21px;line-height:normal;color:#acc601;font-size:21px;\" class=\"fa fontawesome-icon fa-arrow-right circle-no\"><\/i><\/div><h2 class=\"content-box-heading\" style=\"font-size: 16px;line-height:21px;padding-left:41px;\">Plan Estrat\u00e9gico de Tecnolog\u00edas de la Informaci\u00f3n y las Comunicaciones<\/h2><\/a><\/div><div class=\"fusion-clearfix\"><\/div><div class=\"content-container\" style=\"padding-left:41px;\"><\/div><\/div><\/div>\n\n\n\n<div class=\"fusion-column content-box-column content-box-column-2 col-lg-3 col-md-3 col-sm-3 fusion-content-box-hover\"><div class=\"col content-wrapper link-area-link-icon link-type-text icon-hover-animation-slide\" style=\"background-color:transparent;\"><div class=\"heading heading-with-icon icon-left\"><a class=\"heading-link\" href=\"https:\/\/www.seb.gov.co\/wp-content\/uploads\/2025\/01\/PL-TIC-1400-170-003-TRATAMIENTO-RIESGOS-SEGURIDAD-DIGITAL-v2.pdf\" target=\"_blank\"><div class=\"icon\"><i style=\"background-color:transparent;border-color:transparent;height:auto;width:21px;line-height:normal;color:#acc601;font-size:21px;\" class=\"fa fontawesome-icon fa-arrow-right circle-no\"><\/i><\/div><h2 class=\"content-box-heading\" style=\"font-size: 16px;line-height:21px;padding-left:41px;\">Plan de Tratamiento de Riesgos de Seguridad y Privacidad de la Informaci\u00f3n<\/h2><\/a><\/div><div class=\"fusion-clearfix\"><\/div><div class=\"content-container\" style=\"padding-left:41px;\"><\/div><\/div><\/div>\n\n\n\n<div class=\"fusion-column content-box-column content-box-column-3 col-lg-3 col-md-3 col-sm-3 fusion-content-box-hover\"><div class=\"col content-wrapper link-area-link-icon link-type-text icon-hover-animation-slide\" style=\"background-color:transparent;\"><div class=\"heading heading-with-icon icon-left\"><a class=\"heading-link\" href=\"https:\/\/www.seb.gov.co\/wp-content\/uploads\/2025\/01\/PL-TIC-1400-1700-009-Plan-Estrategico-Seguridad-Informacion.pdf\" target=\"_blank\"><div class=\"icon\"><i style=\"background-color:transparent;border-color:transparent;height:auto;width:21px;line-height:normal;color:#acc601;font-size:21px;\" class=\"fa fontawesome-icon fa-arrow-right circle-no\"><\/i><\/div><h2 class=\"content-box-heading\" style=\"font-size: 16px;line-height:21px;padding-left:41px;\">Plan de Seguridad y Privacidad de la Informaci\u00f3n<\/h2><\/a><\/div><div class=\"fusion-clearfix\"><\/div><div class=\"content-container\" style=\"padding-left:41px;\"><\/div><\/div><\/div>\n\n\n\n<p><\/p>\n\n\n\n<p><\/p>\n","protected":false},"excerpt":{"rendered":"<p>PROYECTOS PLAN ESTRATEGICO DE TECNOLOGIA<\/p>\n","protected":false},"author":1,"featured_media":0,"parent":0,"menu_order":0,"comment_status":"closed","ping_status":"closed","template":"","meta":{"_bbp_topic_count":0,"_bbp_reply_count":0,"_bbp_total_topic_count":0,"_bbp_total_reply_count":0,"_bbp_voice_count":0,"_bbp_anonymous_reply_count":0,"_bbp_topic_count_hidden":0,"_bbp_reply_count_hidden":0,"_bbp_forum_subforum_count":0,"footnotes":""},"_links":{"self":[{"href":"https:\/\/www.seb.gov.co\/index.php\/wp-json\/wp\/v2\/pages\/20643"}],"collection":[{"href":"https:\/\/www.seb.gov.co\/index.php\/wp-json\/wp\/v2\/pages"}],"about":[{"href":"https:\/\/www.seb.gov.co\/index.php\/wp-json\/wp\/v2\/types\/page"}],"author":[{"embeddable":true,"href":"https:\/\/www.seb.gov.co\/index.php\/wp-json\/wp\/v2\/users\/1"}],"replies":[{"embeddable":true,"href":"https:\/\/www.seb.gov.co\/index.php\/wp-json\/wp\/v2\/comments?post=20643"}],"version-history":[{"count":27,"href":"https:\/\/www.seb.gov.co\/index.php\/wp-json\/wp\/v2\/pages\/20643\/revisions"}],"predecessor-version":[{"id":23834,"href":"https:\/\/www.seb.gov.co\/index.php\/wp-json\/wp\/v2\/pages\/20643\/revisions\/23834"}],"wp:attachment":[{"href":"https:\/\/www.seb.gov.co\/index.php\/wp-json\/wp\/v2\/media?parent=20643"}],"curies":[{"name":"wp","href":"https:\/\/api.w.org\/{rel}","templated":true}]}}