{"id":20303,"date":"2022-10-03T16:37:26","date_gmt":"2022-10-03T16:37:26","guid":{"rendered":"https:\/\/www.seb.gov.co\/?page_id=20303"},"modified":"2023-11-07T21:21:22","modified_gmt":"2023-11-07T21:21:22","slug":"proyectos-pedagogicos","status":"publish","type":"page","link":"https:\/\/www.seb.gov.co\/index.php\/proyectos-pedagogicos\/","title":{"rendered":"Proyectos pedag\u00f3gicos"},"content":{"rendered":"<div class=\"fusion-fullwidth fullwidth-box fusion-fullwidth-1  fusion-parallax-none nonhundred-percent-fullwidth\" style=\"border-color:#eae9e9;border-bottom-width: 0px;border-top-width: 0px;border-bottom-style: solid;border-top-style: solid;padding-bottom:20px;padding-top:20px;padding-left:;padding-right:;\"><style type=\"text\/css\" scoped=\"scoped\">.fusion-fullwidth-1 {\r\n                            padding-left: px !important;\r\n                            padding-right: px !important;\r\n                        }<\/style><div class=\"fusion-row\"><\/div><\/div><h1 class=\"xmsonormal\" style=\"text-align: center;\"><span class=\"xcontentpasted0\"><b><span style=\"font-size: 12.0pt; font-family: 'Arial',sans-serif; color: black;\">PROYECTOS PEDAG\u00d3GICOS TRANSVERSALES.\u00a0<\/span><\/b><\/span><\/h1>\n<p>Los Proyectos Pedag\u00f3gicos Transversales son estrategias pedag\u00f3gicas que permiten planear, desarrollar y evaluar el curr\u00edculo en el establecimiento Educativo, posibilitando con ello, mejorar la calidad del proceso de ense\u00f1anza y el desarrollo integral de los estudiantes.<\/p>\n\n<h2 style=\"text-align: center;\"><strong>ACOMPA\u00d1AMIENTO Y SEGUIMIENTO 1ER CONCURSO ESTUDIANTIL \u00abCOLOMBIA, MI HISTORIA\u00bb PROYECTO DE DEMOCRACIA ESCUELA NORMAL SUPERIOR BUCARAMANGA<\/strong><\/h2>\n\n\n<figure class=\"wp-block-video\"><video controls src=\"https:\/\/www.seb.gov.co\/wp-content\/uploads\/2023\/11\/Acompanamiento-y-Seguimiento-Calidad.mp4\"><\/video><\/figure>\n","protected":false},"excerpt":{"rendered":"<p>ACOMPA\u00d1AMIENTO Y SEGUIMIENTO 1ER CONCURSO ESTUDIANTIL \u00abCOLOMBIA, MI HISTORIA\u00bb PROYECTO DE DEMOCRACIA ESCUELA NORMAL SUPERIOR BUCARAMANGA<\/p>\n","protected":false},"author":1,"featured_media":0,"parent":0,"menu_order":0,"comment_status":"closed","ping_status":"closed","template":"","meta":{"_bbp_topic_count":0,"_bbp_reply_count":0,"_bbp_total_topic_count":0,"_bbp_total_reply_count":0,"_bbp_voice_count":0,"_bbp_anonymous_reply_count":0,"_bbp_topic_count_hidden":0,"_bbp_reply_count_hidden":0,"_bbp_forum_subforum_count":0,"footnotes":""},"_links":{"self":[{"href":"https:\/\/www.seb.gov.co\/index.php\/wp-json\/wp\/v2\/pages\/20303"}],"collection":[{"href":"https:\/\/www.seb.gov.co\/index.php\/wp-json\/wp\/v2\/pages"}],"about":[{"href":"https:\/\/www.seb.gov.co\/index.php\/wp-json\/wp\/v2\/types\/page"}],"author":[{"embeddable":true,"href":"https:\/\/www.seb.gov.co\/index.php\/wp-json\/wp\/v2\/users\/1"}],"replies":[{"embeddable":true,"href":"https:\/\/www.seb.gov.co\/index.php\/wp-json\/wp\/v2\/comments?post=20303"}],"version-history":[{"count":8,"href":"https:\/\/www.seb.gov.co\/index.php\/wp-json\/wp\/v2\/pages\/20303\/revisions"}],"predecessor-version":[{"id":22244,"href":"https:\/\/www.seb.gov.co\/index.php\/wp-json\/wp\/v2\/pages\/20303\/revisions\/22244"}],"wp:attachment":[{"href":"https:\/\/www.seb.gov.co\/index.php\/wp-json\/wp\/v2\/media?parent=20303"}],"curies":[{"name":"wp","href":"https:\/\/api.w.org\/{rel}","templated":true}]}}