{"id":20153,"date":"2022-09-28T04:32:09","date_gmt":"2022-09-28T04:32:09","guid":{"rendered":"https:\/\/www.seb.gov.co\/?page_id=20153"},"modified":"2022-09-30T20:23:45","modified_gmt":"2022-09-30T20:23:45","slug":"gestion-de-referentes-tecnicos","status":"publish","type":"page","link":"https:\/\/www.seb.gov.co\/index.php\/gestion-de-referentes-tecnicos\/","title":{"rendered":"Gesti\u00f3n de Referentes T\u00e9cnicos"},"content":{"rendered":"<div class=\"fusion-fullwidth fullwidth-box fusion-fullwidth-1  fusion-parallax-none nonhundred-percent-fullwidth\" style=\"border-color:#eae9e9;border-bottom-width: 0px;border-top-width: 0px;border-bottom-style: solid;border-top-style: solid;padding-bottom:20px;padding-top:20px;padding-left:;padding-right:;\"><style type=\"text\/css\" scoped=\"scoped\">.fusion-fullwidth-1 {\r\n                            padding-left: px !important;\r\n                            padding-right: px !important;\r\n                        }<\/style><div class=\"fusion-row\"><div class=\"fusion-title title fusion-title-center fusion-title-size-three\"><div class=\"title-sep-container title-sep-container-left\"><div class=\"title-sep sep-single\"><\/div><\/div><h3 class=\"title-heading-center\"><strong>REFERENTES T\u00c9CNICOS <\/strong><\/h3><div class=\"title-sep-container title-sep-container-right\"><div class=\"title-sep sep-single\"><\/div><\/div><\/div><\/div><\/div><div class=\"fusion-one-half fusion-layout-column fusion-spacing-yes\" style=\"margin-top:0px;margin-bottom:20px;\"><div class=\"fusion-column-wrapper\"><div class=\"fusion-slider-sc flexslider flexslider-hover-type-none\" style=\"max-width:100%;height:100%;\"><ul class=\"slides\"><li class=\"image\"><span class=\"hover-type-none\"><img src=\"https:\/\/www.seb.gov.co\/wp-content\/uploads\/2022\/09\/Educaci\u00f3n-inicial-300x169.png\" \/><\/span><\/li><\/ul><\/div><div class=\"fusion-clearfix\"><\/div><\/div><\/div><div class=\"fusion-one-half fusion-layout-column fusion-column-last fusion-spacing-yes\" style=\"margin-top:0px;margin-bottom:20px;\"><div class=\"fusion-column-wrapper\"><h3>Conjunto de disposiciones t\u00e9cnicas y de gesti\u00f3n que orientan la planeaci\u00f3n,<\/h3>\n<h3>implementaci\u00f3n y seguimiento de las acciones encaminadas a favorecer una Educaci\u00f3n<\/h3>\n<h3>Inicial de calidad, incluye est\u00e1ndares de calidad del servicio de Educaci\u00f3n Inicial,<\/h3>\n<h3>orientaciones pedag\u00f3gicas, gu\u00edas, y dem\u00e1s documentos oficiales que emita el Ministerio<\/h3>\n<h3>de Educaci\u00f3n Nacional en ejercicio de su rector\u00eda de la pol\u00edtica p\u00fablica educativa.<\/h3>\n<div class=\"fusion-clearfix\"><\/div><\/div><\/div><div class=\"fusion-clearfix\"><\/div><div class=\"fusion-fullwidth fullwidth-box fusion-fullwidth-2  fusion-parallax-none nonhundred-percent-fullwidth\" style=\"border-color:#eae9e9;border-bottom-width: 0px;border-top-width: 0px;border-bottom-style: solid;border-top-style: solid;padding-bottom:20px;padding-top:20px;padding-left:;padding-right:;\"><style type=\"text\/css\" scoped=\"scoped\">.fusion-fullwidth-2 {\r\n                            padding-left: px !important;\r\n                            padding-right: px !important;\r\n                        }<\/style><div class=\"fusion-row\"><div class=\"fusion-title title fusion-title-size-three\"><h3 class=\"title-heading-left\"><strong>DATOS IMPORTANTES<\/strong><\/h3><div class=\"title-sep-container\"><div class=\"title-sep sep-single\"><\/div><\/div><\/div><\/div><\/div><div class=\"fusion-one-half fusion-layout-column fusion-spacing-yes\" style=\"margin-top:0px;margin-bottom:20px;\"><div class=\"fusion-column-wrapper\"><ul class=\"fusion-checklist fusion-checklist-1\" style=\"font-size:17px;line-height:28.9px;\"><li class=\"fusion-li-item\"><span style=\"background-color:#a0ce4e;font-size:14.96px;height:28.9px;width:28.9px;margin-right:11.9px;\" class=\"icon-wrapper circle-yes\"><i class=\"fusion-li-icon fa fa-arrow-right\" style=\"color:#1e73be;\"><\/i><\/span><div class=\"fusion-li-item-content\" style=\"margin-left:40.8px;\">Arte en la Educaci\u00f3n Inicial. <a href=\"https:\/\/www.seb.gov.co\/wp-content\/uploads\/2022\/09\/ARTE-EN-LA-ED-INICIAL-21.pdf\"><strong>M\u00e1s informaci\u00f3n &gt;&gt;<\/strong><\/a><\/div><\/li><li class=\"fusion-li-item\"><span style=\"background-color:#a0ce4e;font-size:14.96px;height:28.9px;width:28.9px;margin-right:11.9px;\" class=\"icon-wrapper circle-yes\"><i class=\"fusion-li-icon fa fa-arrow-right\" style=\"color:#1e73be;\"><\/i><\/span><div class=\"fusion-li-item-content\" style=\"margin-left:40.8px;\">Exploraci\u00f3n del Medio. <a href=\"https:\/\/www.seb.gov.co\/wp-content\/uploads\/2022\/09\/EXPLORACI\u00d3N-DEL-MEDIO-24.pdf\"><strong>M\u00e1s informaci\u00f3n<\/strong>\u00a0&gt;&gt;<\/a><\/div><\/li><li class=\"fusion-li-item\"><span style=\"background-color:#a0ce4e;font-size:14.96px;height:28.9px;width:28.9px;margin-right:11.9px;\" class=\"icon-wrapper circle-yes\"><i class=\"fusion-li-icon fa fa-arrow-right\" style=\"color:#1e73be;\"><\/i><\/span><div class=\"fusion-li-item-content\" style=\"margin-left:40.8px;\">Literatura en Educaci\u00f3n Inicial. <a href=\"https:\/\/www.seb.gov.co\/wp-content\/uploads\/2022\/09\/LITERATURA-EN-EDUCACI\u00d3N-INICIAL-23.pdf\"><strong>M\u00e1s Informaci\u00f3n<\/strong> &gt;&gt;<\/a><\/div><\/li><\/ul><div class=\"fusion-clearfix\"><\/div><\/div><\/div><div class=\"fusion-one-half fusion-layout-column fusion-column-last fusion-spacing-yes\" style=\"margin-top:0px;margin-bottom:20px;\"><div class=\"fusion-column-wrapper\"><ul class=\"fusion-checklist fusion-checklist-2\" style=\"font-size:17px;line-height:28.9px;\"><li class=\"fusion-li-item\"><span style=\"background-color:#a0ce4e;font-size:14.96px;height:28.9px;width:28.9px;margin-right:11.9px;\" class=\"icon-wrapper circle-yes\"><i class=\"fusion-li-icon fa fa-arrow-right\" style=\"color:#1e73be;\"><\/i><\/span><div class=\"fusion-li-item-content\" style=\"margin-left:40.8px;\">Seguimiento al Desarrollo. <a href=\"https:\/\/www.seb.gov.co\/wp-content\/uploads\/2022\/09\/SEGUIMIENTO-AL-DESARROLLO-25.pdf\"><strong>M\u00e1s Informaci\u00f3n &gt;&gt;<\/strong><\/a><\/div><\/li><li class=\"fusion-li-item\"><span style=\"background-color:#a0ce4e;font-size:14.96px;height:28.9px;width:28.9px;margin-right:11.9px;\" class=\"icon-wrapper circle-yes\"><i class=\"fusion-li-icon fa fa-arrow-right\" style=\"color:#1e73be;\"><\/i><\/span><div class=\"fusion-li-item-content\" style=\"margin-left:40.8px;\">Sentido de la Educaci\u00f3n Inicial. <a href=\"https:\/\/www.seb.gov.co\/wp-content\/uploads\/2022\/09\/SENTIDO-DE-LA-ED-INICIAL-20.pdf\"><strong>M\u00e1s Informaci\u00f3n &gt;&gt;<\/strong><\/a><\/div><\/li><li class=\"fusion-li-item\"><span style=\"background-color:#a0ce4e;font-size:14.96px;height:28.9px;width:28.9px;margin-right:11.9px;\" class=\"icon-wrapper circle-yes\"><i class=\"fusion-li-icon fa fa-arrow-right\" style=\"color:#1e73be;\"><\/i><\/span><div class=\"fusion-li-item-content\" style=\"margin-left:40.8px;\">Juego en la Educaci\u00f3n Inicial. <a href=\"https:\/\/www.seb.gov.co\/wp-content\/uploads\/2022\/09\/JUEGO-EN-LA-ED-INICIAL-22.pdf\"><strong>M\u00e1s informaci\u00f3n &gt;&gt;<\/strong><\/a><\/div><\/li><\/ul><div class=\"fusion-clearfix\"><\/div><\/div><\/div><div class=\"fusion-clearfix\"><\/div>\n","protected":false},"excerpt":{"rendered":"","protected":false},"author":1,"featured_media":0,"parent":0,"menu_order":0,"comment_status":"closed","ping_status":"closed","template":"","meta":{"_bbp_topic_count":0,"_bbp_reply_count":0,"_bbp_total_topic_count":0,"_bbp_total_reply_count":0,"_bbp_voice_count":0,"_bbp_anonymous_reply_count":0,"_bbp_topic_count_hidden":0,"_bbp_reply_count_hidden":0,"_bbp_forum_subforum_count":0,"footnotes":""},"_links":{"self":[{"href":"https:\/\/www.seb.gov.co\/index.php\/wp-json\/wp\/v2\/pages\/20153"}],"collection":[{"href":"https:\/\/www.seb.gov.co\/index.php\/wp-json\/wp\/v2\/pages"}],"about":[{"href":"https:\/\/www.seb.gov.co\/index.php\/wp-json\/wp\/v2\/types\/page"}],"author":[{"embeddable":true,"href":"https:\/\/www.seb.gov.co\/index.php\/wp-json\/wp\/v2\/users\/1"}],"replies":[{"embeddable":true,"href":"https:\/\/www.seb.gov.co\/index.php\/wp-json\/wp\/v2\/comments?post=20153"}],"version-history":[{"count":22,"href":"https:\/\/www.seb.gov.co\/index.php\/wp-json\/wp\/v2\/pages\/20153\/revisions"}],"predecessor-version":[{"id":20233,"href":"https:\/\/www.seb.gov.co\/index.php\/wp-json\/wp\/v2\/pages\/20153\/revisions\/20233"}],"wp:attachment":[{"href":"https:\/\/www.seb.gov.co\/index.php\/wp-json\/wp\/v2\/media?parent=20153"}],"curies":[{"name":"wp","href":"https:\/\/api.w.org\/{rel}","templated":true}]}}