{"id":20087,"date":"2022-09-26T22:30:47","date_gmt":"2022-09-26T22:30:47","guid":{"rendered":"https:\/\/www.seb.gov.co\/?page_id=20087"},"modified":"2022-09-29T03:53:40","modified_gmt":"2022-09-29T03:53:40","slug":"educacion-para-el-trabajo-y-el-desarrollo-humano","status":"publish","type":"page","link":"https:\/\/www.seb.gov.co\/index.php\/educacion-para-el-trabajo-y-el-desarrollo-humano\/","title":{"rendered":"Educaci\u00f3n Para El Trabajo Y El Desarrollo Humano"},"content":{"rendered":"<div class=\"fusion-fullwidth fullwidth-box fusion-fullwidth-1  fusion-parallax-none nonhundred-percent-fullwidth\" style=\"border-color:#eae9e9;border-bottom-width: 0px;border-top-width: 0px;border-bottom-style: solid;border-top-style: solid;padding-bottom:20px;padding-top:20px;padding-left:;padding-right:;\"><style type=\"text\/css\" scoped=\"scoped\">.fusion-fullwidth-1 {\r\n                            padding-left: px !important;\r\n                            padding-right: px !important;\r\n                        }<\/style><div class=\"fusion-row\"><\/div><\/div><div class=\"fusion-title title fusion-title-center fusion-title-size-three\"><div class=\"title-sep-container title-sep-container-left\"><div class=\"title-sep sep-double\"><\/div><\/div><h3 class=\"title-heading-center\"><strong>\u00bfQu\u00e9 es la educaci\u00f3n para el trabajo y el desarrollo humano?<\/strong><\/h3><div class=\"title-sep-container title-sep-container-right\"><div class=\"title-sep sep-double\"><\/div><\/div><\/div><p>La educaci\u00f3n para el trabajo y el desarrollo humano hace parte del servicio p\u00fablico educativo y responde a los fines de la educaci\u00f3n consagrados en el art\u00edculo 5\u00b0 de la Ley 115 de 1994.<\/p>\n<p>Se ofrece con el objeto de complementar, actualizar, suplir conocimientos y formar, en aspectos acad\u00e9micos o laborales y conduce a la obtenci\u00f3n de certificados de\u00a0<strong>aptitud ocupacional.<\/strong>\u00a0Comprende la formaci\u00f3n permanente, personal, social y cultural, que se fundamenta en la concepci\u00f3n integral de la persona; que una instituci\u00f3n organiza en un proyecto educativo institucional y que estructura en curr\u00edculos flexibles sin sujeci\u00f3n al sistema de niveles y grados propios de la educaci\u00f3n formal.<\/p>\n<p>Comprende la formaci\u00f3n permanente, personal, social y cultural, que se fundamenta en una concepci\u00f3n integral de la persona, que prestada por una instituci\u00f3n mediante el desarrollo de un Proyecto Educativo Institucional PEI que estructura en una instituci\u00f3n curr\u00edculos flexibles sin sujeci\u00f3n al sistema de niveles y grados propios de la educaci\u00f3n formal. Decreto 1075 del 26 de mayo de 2015 \u2013 Libro 2 &#8211; PARTE 6 Reglamentaci\u00f3n de la Educaci\u00f3n para trabajo y desarrollo humano \u2013 Articulo 2.6.2.2.<\/p>\n<div class=\"fusion-title title fusion-title-center fusion-title-size-three\"><div class=\"title-sep-container title-sep-container-left\"><div class=\"title-sep sep-double\"><\/div><\/div><h3 class=\"title-heading-center\"><strong>\u00bfQu\u00e9 es el sistema de informaci\u00f3n de educaci\u00f3n para el trabajo y desarrollo humano SIET?<\/strong><\/h3><div class=\"title-sep-container title-sep-container-right\"><div class=\"title-sep sep-double\"><\/div><\/div><\/div><p>En el a\u00f1o 2010, se implement\u00f3 el Sistema de Informaci\u00f3n de la Educaci\u00f3n para el Trabajo y el Desarrollo Humano (SIET) siendo este, una herramienta inform\u00e1tica, creada adem\u00e1s, para que las Secretar\u00edas de Educaci\u00f3n de las Entidades Territoriales Certificadas (SEC) ingresen la informaci\u00f3n de las licencias de funcionamiento y los registros de los programas que hayan sido otorgados a estas instituciones educativas; de igual manera, corresponde a estas Instituciones de Educaci\u00f3n para el Trabajo y el Desarrollo Humano (IETDH) registrar la informaci\u00f3n de su Matr\u00edcula, novedades de la misma, estudiantes certificados y el cambio a\u00f1o a a\u00f1o de los costos totales de los programas aprobados.<\/p>\n<div class=\"fusion-title title fusion-title-center fusion-title-size-three\"><div class=\"title-sep-container title-sep-container-left\"><div class=\"title-sep sep-double\"><\/div><\/div><h3 class=\"title-heading-center\"><strong>Objetivos del SIET<\/strong><\/h3><div class=\"title-sep-container title-sep-container-right\"><div class=\"title-sep sep-double\"><\/div><\/div><\/div><p>En el a\u00f1o 2010, se implement\u00f3 el Sistema de Informaci\u00f3n de la Educaci\u00f3n para el Trabajo y el Desarrollo Humano (SIET) siendo este, una herramienta inform\u00e1tica, creada adem\u00e1s, para que las Secretar\u00edas de Educaci\u00f3n de las Entidades Territoriales Certificadas (SEC) ingresen la informaci\u00f3n de las licencias de funcionamiento y los registros de los programas que hayan sido otorgados a estas instituciones educativas; de igual manera, corresponde a estas Instituciones de Educaci\u00f3n para el Trabajo y el Desarrollo Humano (IETDH) registrar la informaci\u00f3n de su Matr\u00edcula, novedades de la misma, estudiantes certificados y el cambio a\u00f1o a a\u00f1o de los costos totales de los programas aprobados.<\/p>\n<p>&nbsp;<\/p>\n<ol>\n<li>Informar a la comunidad sobre las instituciones y programas de educaci\u00f3n para el trabajo y el desarrollo humano y su respectiva certificaci\u00f3n de calidad.<\/li>\n<li>Servir como herramienta para la determinaci\u00f3n de pol\u00edticas educativas a nivel nacional y territorial, planeaci\u00f3n, monitoreo, evaluaci\u00f3n, asesor\u00eda, inspecci\u00f3n y vigilancia.<\/li>\n<\/ol>\n<p>El art\u00edculo 2.6.5.3., del Decreto 1075 de 2015 \u201cDecreto \u00danico Reglamentario del Sector Educaci\u00f3n\u201d se\u00f1ala que \u201cLa Administraci\u00f3n del Sistema de Informaci\u00f3n de las Instituciones y Programas de Educaci\u00f3n para el Trabajo y el Desarrollo Humano corresponde al Ministerio de Educaci\u00f3n Nacional\u201d, dice adem\u00e1s, que corresponde a cada secretar\u00eda de educaci\u00f3n de las entidades territoriales certificadas incluir en tal Sistema los datos de las instituciones y\u00a0 los programas registrados y mantener la informaci\u00f3n completa, veraz y actualizada.<\/p>\n<p>&nbsp;<\/p>\n<p>Consulta sobre IETDH: <a href=\"http:\/\/siet.mineducacion.gov.co\"><strong>http:\/\/siet.mineducacion.gov.co<\/strong><\/a><\/p>\n<div class=\"fusion-title title fusion-title-center fusion-title-size-three\"><div class=\"title-sep-container title-sep-container-left\"><div class=\"title-sep sep-double\"><\/div><\/div><h3 class=\"title-heading-center\"><strong>\u00bfQu\u00e9 es la educaci\u00f3n informal?<\/strong><\/h3><div class=\"title-sep-container title-sep-container-right\"><div class=\"title-sep sep-double\"><\/div><\/div><\/div><p>La oferta de educaci\u00f3n informal tiene como objetivo brindar oportunidades para complementar, actualizar, perfeccionar, renovar o profundizar conocimientos, habilidades, t\u00e9cnicas y pr\u00e1cticas.<\/p>\n<p>Hacen parte de esta oferta educativa aquellos cursos que tengan una duraci\u00f3n inferior a ciento sesenta (160) horas. Su organizaci\u00f3n, oferta y desarrollo no requieren de registro por parte de la secretar\u00eda de educaci\u00f3n de la entidad territorial certificada y solo dar\u00e1n lugar a la expedici\u00f3n de una constancia de asistencia.<\/p>\n<p>Para su ofrecimiento deben cumplir con lo establecido en el art\u00edculo 47 del Decreto Ley 2150 de 1995.<\/p>\n<p>Toda promoci\u00f3n que se realice, respecto de esta modalidad deber\u00e1 indicar claramente que se trata de educaci\u00f3n informal y que no conduce a t\u00edtulo alguno o certificado de aptitud ocupacional. Decreto 1075 de 2015 Articulo 2.6.6.8<\/p>\n\n","protected":false},"excerpt":{"rendered":"","protected":false},"author":1,"featured_media":0,"parent":0,"menu_order":0,"comment_status":"closed","ping_status":"closed","template":"","meta":{"_bbp_topic_count":0,"_bbp_reply_count":0,"_bbp_total_topic_count":0,"_bbp_total_reply_count":0,"_bbp_voice_count":0,"_bbp_anonymous_reply_count":0,"_bbp_topic_count_hidden":0,"_bbp_reply_count_hidden":0,"_bbp_forum_subforum_count":0,"footnotes":""},"_links":{"self":[{"href":"https:\/\/www.seb.gov.co\/index.php\/wp-json\/wp\/v2\/pages\/20087"}],"collection":[{"href":"https:\/\/www.seb.gov.co\/index.php\/wp-json\/wp\/v2\/pages"}],"about":[{"href":"https:\/\/www.seb.gov.co\/index.php\/wp-json\/wp\/v2\/types\/page"}],"author":[{"embeddable":true,"href":"https:\/\/www.seb.gov.co\/index.php\/wp-json\/wp\/v2\/users\/1"}],"replies":[{"embeddable":true,"href":"https:\/\/www.seb.gov.co\/index.php\/wp-json\/wp\/v2\/comments?post=20087"}],"version-history":[{"count":13,"href":"https:\/\/www.seb.gov.co\/index.php\/wp-json\/wp\/v2\/pages\/20087\/revisions"}],"predecessor-version":[{"id":20180,"href":"https:\/\/www.seb.gov.co\/index.php\/wp-json\/wp\/v2\/pages\/20087\/revisions\/20180"}],"wp:attachment":[{"href":"https:\/\/www.seb.gov.co\/index.php\/wp-json\/wp\/v2\/media?parent=20087"}],"curies":[{"name":"wp","href":"https:\/\/api.w.org\/{rel}","templated":true}]}}