{"id":19898,"date":"2022-09-19T20:01:45","date_gmt":"2022-09-19T20:01:45","guid":{"rendered":"https:\/\/www.seb.gov.co\/?page_id=19898"},"modified":"2022-09-19T21:27:51","modified_gmt":"2022-09-19T21:27:51","slug":"liberaciones-de-bodega","status":"publish","type":"page","link":"https:\/\/www.seb.gov.co\/index.php\/liberaciones-de-bodega\/","title":{"rendered":"Liberaciones de Bodega"},"content":{"rendered":"<h2 style=\"font-weight: 400; text-align: center;\"><strong>PROCESO DE VERIFICACI\u00d3N DE PRODUCTOS ALIMENTARIOS<\/strong><\/h2>\n<h3 style=\"font-weight: 400;\"><strong>Modalidad Raci\u00f3n Preparada en Sitio y Raci\u00f3n Industrializada<\/strong><\/h3>\n<p style=\"font-weight: 400;\">Las actividades de supervisi\u00f3n enmarcan una verificaci\u00f3n de cumplimiento a las obligaciones de manera previa a la entrega de las raciones haciendo visita a las bodegas de los operadores para revisar la calidad de los alimentos y v\u00edveres que conforman los complementos alimentarios y determinar si son aptos para su distribuci\u00f3n y consumo en las Instituciones Educativas o si deben hacer cambio de lotes de los alimentos, seg\u00fan lo establecido en la normatividad alimentaria vigente. Este procedimiento se conoce como liberaci\u00f3n de productos y los operadores tienen conocimiento que s\u00f3lo pueden distribuir los alimentos que cuenten con liberaci\u00f3n por parte del equipo de supervisi\u00f3n.<\/p>\n<p style=\"font-weight: 400;\">El equipo t\u00e9cnico de supervisi\u00f3n PAE de la Secretar\u00eda de Educaci\u00f3n previo a la entrega de los productos alimentarios correspondientes a la modalidad Raci\u00f3n Industrializada, realiza la inspecci\u00f3n de los alimentos a trav\u00e9s de la verificaci\u00f3n de caracter\u00edsticas de calidad, inocuidad, organol\u00e9pticas (caracter\u00edsticas de producto como sabor, olor, color), de empaque y almacenamiento, as\u00ed como el cumplimiento de la normatividad vigente para alimentos. Se realiza la verificaci\u00f3n de trazabilidad de los productos a trav\u00e9s del registro de marca, proveedor, lotes, permisos seg\u00fan INVIMA, fecha de fabricaci\u00f3n, fecha de vencimiento superior a 10 d\u00edas calendario contados a partir de la fecha de entrega y registro fotogr\u00e1fico de todos los productos entregados.<\/p>\n<p style=\"font-weight: 400;\">Posterior a ello, se realizan visitas a las Instituciones Educativas verificando las condiciones de preparaci\u00f3n de los alimentos para la raci\u00f3n prepara en sitio y verificando el suministro de complementos alimentarios para la modalidad de raci\u00f3n industrializada, con actividades en las que se revisa el cumplimiento de gramaje por grupo etario, cumplimiento de ciclos de men\u00fa, condiciones de manipulaci\u00f3n y almacenamientos de alimentos, condiciones de productos entregados, condiciones de transporte si durante la visita se est\u00e1 realizando distribuci\u00f3n, implementaci\u00f3n de procesos de limpieza y desinfecci\u00f3n en las \u00e1reas de preparaci\u00f3n y suministro de raciones, entre otras.<\/p>\n<p>&nbsp;<\/p>\n<div class=\"fusion-content-boxes content-boxes columns fusion-columns-2 fusion-columns-total-2 fusion-content-boxes-1 content-boxes-icon-on-side row content-left\" data-animationOffset=\"100%\" style=\"margin-top:0px;margin-bottom:60px;\"><style type=\"text\/css\" scoped=\"scoped\">\r\n\t\t\t.fusion-content-boxes-1 .fusion-content-box-hover .link-area-link-icon-hover .heading h2,\r\n\t\t\t.fusion-content-boxes-1 .fusion-content-box-hover .link-area-link-icon-hover .heading .heading-link h2,\r\n\t\t\t.fusion-content-boxes-1 .fusion-content-box-hover .link-area-box-hover .heading h2,\r\n\t\t\t.fusion-content-boxes-1 .fusion-content-box-hover .link-area-box-hover .heading .heading-link h2,\r\n\t\t\t.fusion-content-boxes-1 .fusion-content-box-hover .link-area-link-icon-hover.link-area-box .fusion-read-more,\r\n\t\t\t.fusion-content-boxes-1 .fusion-content-box-hover .link-area-link-icon-hover.link-area-box .fusion-read-more::after,\r\n\t\t\t.fusion-content-boxes-1 .fusion-content-box-hover .link-area-link-icon-hover.link-area-box .fusion-read-more::before,\r\n\t\t\t.fusion-content-boxes-1 .fusion-content-box-hover .fusion-read-more:hover:after,\r\n\t\t\t.fusion-content-boxes-1 .fusion-content-box-hover .fusion-read-more:hover:before,\r\n\t\t\t.fusion-content-boxes-1 .fusion-content-box-hover .fusion-read-more:hover,\r\n\t\t\t.fusion-content-boxes-1 .fusion-content-box-hover .link-area-box-hover.link-area-box .fusion-read-more,\r\n\t\t\t.fusion-content-boxes-1 .fusion-content-box-hover .link-area-box-hover.link-area-box .fusion-read-more::after,\r\n\t\t\t.fusion-content-boxes-1 .fusion-content-box-hover .link-area-box-hover.link-area-box .fusion-read-more::before,\t\t\t\r\n\t\t\t.fusion-content-boxes-1 .fusion-content-box-hover .link-area-link-icon-hover .icon .circle-no,\r\n\t\t\t.fusion-content-boxes-1 .fusion-content-box-hover .link-area-box-hover .icon .circle-no {\r\n\t\t\t\tcolor: #0082cb !important;\r\n\t\t\t}\r\n\t\t\t.fusion-content-boxes-1 .fusion-content-box-hover .heading-link:hover .icon i.circle-yes,\r\n\t\t\t.fusion-content-boxes-1 .fusion-content-box-hover .link-area-box:hover .heading-link .icon i.circle-yes,\r\n\t\t\t.fusion-content-boxes-1 .fusion-content-box-hover .link-area-link-icon-hover .heading .icon i.circle-yes,\r\n\t\t\t.fusion-content-boxes-1 .fusion-content-box-hover .link-area-box-hover .heading .icon i.circle-yes {\r\n\t\t\t\tbackground-color: #0082cb !important;\r\n\t\t\t\tborder-color: #0082cb !important;\r\n\t\t\t}<\/style><div class=\"fusion-column content-box-column content-box-column-1 col-lg-6 col-md-6 col-sm-6 fusion-content-box-hover content-box-column-first-in-row\"><div class=\"col content-wrapper link-area-link-icon link-type-text icon-hover-animation-slide\" style=\"background-color:transparent;\"><div class=\"heading heading-with-icon icon-left\"><a class=\"heading-link\" href=\"https:\/\/www.seb.gov.co\/wp-content\/uploads\/2022\/09\/LIB_SEPTIEMBRE.pdf\" target=\"_blank\"><div class=\"icon\"><i style=\"border-color:#333333;border-width:1px;background-color:#333333;height:42px;width:42px;line-height:42px;border-radius:100%;color:#acc601;font-size:21px;\" class=\"fa fontawesome-icon fa-hand-o-right circle-yes\"><\/i><\/div><h2 class=\"content-box-heading\" style=\"font-size: 16px;line-height:21px;padding-left:64px;\">Proceso de Liberaci\u00f3n <\/h2><\/a><\/div><div class=\"fusion-clearfix\"><\/div><div class=\"content-container\" style=\"padding-left:64px;\"><\/div><\/div><\/div><div class=\"fusion-column content-box-column content-box-column-2 col-lg-6 col-md-6 col-sm-6 fusion-content-box-hover content-box-column-last content-box-column-last-in-row\"><div class=\"col content-wrapper link-area-link-icon icon-hover-animation-slide\" style=\"background-color:transparent;\"><div class=\"heading heading-with-icon icon-left\"><div class=\"icon\"><i style=\"border-color:#333333;border-width:1px;background-color:#333333;height:42px;width:42px;line-height:42px;border-radius:100%;color:#acc601;font-size:21px;\" class=\"fa fontawesome-icon fa-exclamation-circle circle-yes\"><\/i><\/div><h2 class=\"content-box-heading\" style=\"font-size: 16px;line-height:21px;padding-left:64px;\">M\u00e1s informaci\u00f3n <\/h2><\/div><div class=\"fusion-clearfix\"><\/div><div class=\"content-container\" style=\"padding-left:64px;\"><\/div><\/div><\/div><div class=\"fusion-clearfix\"><\/div><div class=\"fusion-clearfix\"><\/div><\/div>\n","protected":false},"excerpt":{"rendered":"","protected":false},"author":1,"featured_media":0,"parent":0,"menu_order":0,"comment_status":"closed","ping_status":"closed","template":"","meta":{"_bbp_topic_count":0,"_bbp_reply_count":0,"_bbp_total_topic_count":0,"_bbp_total_reply_count":0,"_bbp_voice_count":0,"_bbp_anonymous_reply_count":0,"_bbp_topic_count_hidden":0,"_bbp_reply_count_hidden":0,"_bbp_forum_subforum_count":0,"footnotes":""},"_links":{"self":[{"href":"https:\/\/www.seb.gov.co\/index.php\/wp-json\/wp\/v2\/pages\/19898"}],"collection":[{"href":"https:\/\/www.seb.gov.co\/index.php\/wp-json\/wp\/v2\/pages"}],"about":[{"href":"https:\/\/www.seb.gov.co\/index.php\/wp-json\/wp\/v2\/types\/page"}],"author":[{"embeddable":true,"href":"https:\/\/www.seb.gov.co\/index.php\/wp-json\/wp\/v2\/users\/1"}],"replies":[{"embeddable":true,"href":"https:\/\/www.seb.gov.co\/index.php\/wp-json\/wp\/v2\/comments?post=19898"}],"version-history":[{"count":10,"href":"https:\/\/www.seb.gov.co\/index.php\/wp-json\/wp\/v2\/pages\/19898\/revisions"}],"predecessor-version":[{"id":19928,"href":"https:\/\/www.seb.gov.co\/index.php\/wp-json\/wp\/v2\/pages\/19898\/revisions\/19928"}],"wp:attachment":[{"href":"https:\/\/www.seb.gov.co\/index.php\/wp-json\/wp\/v2\/media?parent=19898"}],"curies":[{"name":"wp","href":"https:\/\/api.w.org\/{rel}","templated":true}]}}