{"id":19787,"date":"2022-09-16T13:07:48","date_gmt":"2022-09-16T13:07:48","guid":{"rendered":"https:\/\/www.seb.gov.co\/?page_id=19787"},"modified":"2022-12-16T19:25:34","modified_gmt":"2022-12-16T19:25:34","slug":"componente-social-eje-de-transparencia","status":"publish","type":"page","link":"https:\/\/www.seb.gov.co\/index.php\/componente-social-eje-de-transparencia\/","title":{"rendered":"COMPONENTE SOCIAL \u2013 EJE DE TRANSPARENCIA"},"content":{"rendered":"<h2 style=\"font-weight: 400; text-align: left;\"><strong>COMITES DE ALIMENTACI\u00d3N ESCOLAR\u00a0 \u00abCAE\u00bb<\/strong><\/h2>\n<p>La entidad territorial ha brindado acompa\u00f1amiento y asesor\u00eda en la conformaci\u00f3n de comit\u00e9s de alimentaci\u00f3n escolar en 45 instituciones educativas priorizadas con el programa de alimentaci\u00f3n escolar, actualmente las instituciones educativas beneficiarias del programa PAE, cuentan con la debida conformaci\u00f3n de comit\u00e9s de alimentaci\u00f3n escolar CAE, los cuales se re\u00fanen cada dos meses. En cada reuni\u00f3n bimensual de seguimiento CAE por sede educativa priorizada se ha brindado asesor\u00eda y acompa\u00f1amiento en la medida que los rectores solicitan la presencia de un profesional de la secretar\u00eda de educaci\u00f3n.\u00a0El equipo de supervisi\u00f3n PAE desde el componente social, realiza seguimiento permanente a los acuerdos pactados en cada reuni\u00f3n de seguimiento CAE bimensual, garantizando que el operador cumpla con los acuerdos estipulados en estas y en caso de evidenciar un incumplimiento realizar el respectivo requerimiento, con el fin de promover una mejora continua en el programa de alimentaci\u00f3n escolar.<\/p>\n<p>&nbsp;<\/p>\n<div class=\"fusion-content-boxes content-boxes columns fusion-columns-2 fusion-columns-total-2 fusion-content-boxes-1 content-boxes-icon-on-side row content-left\" data-animationOffset=\"100%\" style=\"margin-top:0px;margin-bottom:60px;\"><style type=\"text\/css\" scoped=\"scoped\">.fusion-content-boxes-1 .heading h2{color:#000000;}\r\n\t\t\t.fusion-content-boxes-1 .fusion-content-box-hover .link-area-link-icon-hover .heading h2,\r\n\t\t\t.fusion-content-boxes-1 .fusion-content-box-hover .link-area-link-icon-hover .heading .heading-link h2,\r\n\t\t\t.fusion-content-boxes-1 .fusion-content-box-hover .link-area-box-hover .heading h2,\r\n\t\t\t.fusion-content-boxes-1 .fusion-content-box-hover .link-area-box-hover .heading .heading-link h2,\r\n\t\t\t.fusion-content-boxes-1 .fusion-content-box-hover .link-area-link-icon-hover.link-area-box .fusion-read-more,\r\n\t\t\t.fusion-content-boxes-1 .fusion-content-box-hover .link-area-link-icon-hover.link-area-box .fusion-read-more::after,\r\n\t\t\t.fusion-content-boxes-1 .fusion-content-box-hover .link-area-link-icon-hover.link-area-box .fusion-read-more::before,\r\n\t\t\t.fusion-content-boxes-1 .fusion-content-box-hover .fusion-read-more:hover:after,\r\n\t\t\t.fusion-content-boxes-1 .fusion-content-box-hover .fusion-read-more:hover:before,\r\n\t\t\t.fusion-content-boxes-1 .fusion-content-box-hover .fusion-read-more:hover,\r\n\t\t\t.fusion-content-boxes-1 .fusion-content-box-hover .link-area-box-hover.link-area-box .fusion-read-more,\r\n\t\t\t.fusion-content-boxes-1 .fusion-content-box-hover .link-area-box-hover.link-area-box .fusion-read-more::after,\r\n\t\t\t.fusion-content-boxes-1 .fusion-content-box-hover .link-area-box-hover.link-area-box .fusion-read-more::before,\t\t\t\r\n\t\t\t.fusion-content-boxes-1 .fusion-content-box-hover .link-area-link-icon-hover .icon .circle-no,\r\n\t\t\t.fusion-content-boxes-1 .fusion-content-box-hover .link-area-box-hover .icon .circle-no {\r\n\t\t\t\tcolor: #0082cb !important;\r\n\t\t\t}\r\n\t\t\t.fusion-content-boxes-1 .fusion-content-box-hover .heading-link:hover .icon i.circle-yes,\r\n\t\t\t.fusion-content-boxes-1 .fusion-content-box-hover .link-area-box:hover .heading-link .icon i.circle-yes,\r\n\t\t\t.fusion-content-boxes-1 .fusion-content-box-hover .link-area-link-icon-hover .heading .icon i.circle-yes,\r\n\t\t\t.fusion-content-boxes-1 .fusion-content-box-hover .link-area-box-hover .heading .icon i.circle-yes {\r\n\t\t\t\tbackground-color: #0082cb !important;\r\n\t\t\t\tborder-color: #0082cb !important;\r\n\t\t\t}<\/style><div class=\"fusion-column content-box-column content-box-column-1 col-lg-6 col-md-6 col-sm-6 fusion-content-box-hover content-box-column-first-in-row\"><div class=\"col content-wrapper link-area-link-icon link-type-text icon-hover-animation-slide\" style=\"background-color:transparent;\"><div class=\"heading heading-with-icon icon-left\"><a class=\"heading-link\" href=\"https:\/\/www.seb.gov.co\/wp-content\/uploads\/2022\/09\/11.pdf\" target=\"_self\"><div class=\"icon\"><i style=\"background-color:transparent;border-color:transparent;height:auto;width:21px;line-height:normal;color:#acc601;font-size:21px;\" class=\"fa fontawesome-icon fa-hand-o-right circle-no\"><\/i><\/div><h2 class=\"content-box-heading\" style=\"font-size: 16px;line-height:21px;padding-left:41px;\">Acompa\u00f1amiento a comite alimentaci\u00f3n escolar CAE<\/h2><\/a><\/div><div class=\"fusion-clearfix\"><\/div><div class=\"content-container\" style=\"padding-left:41px;\"><\/div><\/div><\/div><div class=\"fusion-column content-box-column content-box-column-2 col-lg-6 col-md-6 col-sm-6 fusion-content-box-hover content-box-column-last content-box-column-last-in-row\"><div class=\"col content-wrapper link-area-link-icon icon-hover-animation-slide\" style=\"background-color:transparent;\"><div class=\"heading heading-with-icon icon-left\"><div class=\"icon\"><i style=\"background-color:transparent;border-color:transparent;height:auto;width:21px;line-height:normal;color:#acc601;font-size:21px;\" class=\"fa fontawesome-icon fa-hand-o-right circle-no\"><\/i><\/div><h2 class=\"content-box-heading\" style=\"font-size: 16px;line-height:21px;padding-left:41px;\">M\u00e1s informaci\u00f3n <\/h2><\/div><div class=\"fusion-clearfix\"><\/div><div class=\"content-container\" style=\"padding-left:41px;\"><\/div><\/div><\/div><div class=\"fusion-clearfix\"><\/div><div class=\"fusion-clearfix\"><\/div><\/div><h2><\/h2>\n<h2 style=\"font-weight: 400;\"><strong>CAPACITACIONES CAE<\/strong><\/h2>\n<ul style=\"font-weight: 400;\">\n<li>Primera capacitaci\u00f3n Comit\u00e9 de Alimentaci\u00f3n Escolar 2022\u00a0 <a href=\"https:\/\/www.seb.gov.co\/wp-content\/uploads\/2022\/09\/PRIMERA-CAPACITACI\u00d3N-A-MIEMBROS-DE-CAE_25-MAYO.pdf\">(Vista Previa Aqu\u00ed)<\/a>\u00a0 \u00a0<a href=\"https:\/\/www.seb.gov.co\/wp-content\/uploads\/2022\/10\/PRIMERA-CAPACITACI\u00d3N-CAE-2022.pdf\"><span class=\"x_ContentPasted0\">Memoria &#8211;\u00a0<\/span>Presentaci\u00f3n primera capacitaci\u00f3n a comit\u00e9s de alimentaci\u00f3n escolar &#8211; 07-06-2022<\/a><\/li>\n<li>Segunda capacitaci\u00f3n Comit\u00e9 de Alimentaci\u00f3n Escolar 2022\u00a0\u00a0<a href=\"https:\/\/www.seb.gov.co\/wp-content\/uploads\/2022\/09\/SEGUNDA-CAPACITACI\u00d3N-A-MIEMBROS-DE-CAE_25-SEPT.pdf\">(Vista Previa Aqu\u00ed)<\/a>\u00a0\u00a0<a href=\"https:\/\/www.seb.gov.co\/wp-content\/uploads\/2022\/10\/SEGUNDA-CAPACITACI\u00d3N-CAE-08-09-2022-1.pdf\"><span class=\"x_ContentPasted0 x_ContentPasted1\">Memoria &#8211;\u00a0<\/span>Presentaci\u00f3n Segunda capacitaci\u00f3n a comit\u00e9s de alimentaci\u00f3n escolar &#8211; 08-09-2022<\/a><\/li>\n<li>Indicaciones para la elaboraci\u00f3n de una oportuna Acta CAE\u00a0<a href=\"https:\/\/www.seb.gov.co\/wp-content\/uploads\/2022\/09\/Infograf\u00eda-ACTAS-CAE.pdf\">(Vista Previa Aqu\u00ed)<\/a><\/li>\n<\/ul>\n<h2><strong>CIRCULARES CAE<\/strong><\/h2>\n<ul style=\"font-weight: 400;\">\n<li>Circular No. 6 del 13 Enero de 2022 &#8211; Indicaciones operaci\u00f3n del Programa de Alimentaci\u00f3n Escolar PAE Bucaramanga 2022\u00a0 \u00a0<a href=\"https:\/\/www.seb.gov.co\/wp-content\/uploads\/2022\/10\/CIRCULAR-N\u00b0-6-DEL-13-DE-ENERO-DE-2022-INDICACIONES-INICIO-PAE-9.pdf\">(Vista Previa Aqu\u00ed)<\/a><\/li>\n<li>Circular No. 206 del 08 Julio de 2022 &#8211; Solicitud de invitaci\u00f3n a reuniones CAE y cargue de actas CAE al drive vigencia 2022\u00a0\u00a0<a href=\"https:\/\/www.seb.gov.co\/wp-content\/uploads\/2022\/10\/CIRCULAR-N\u00b0206-DE-08-JULIO-2022.pdf\">(Vista Previa Aqu\u00ed)<\/a><\/li>\n<li>Circular No. 294 del 26 Septiembre de 2022 &#8211; Orientaciones diligenciamiento encuesta de satisfacci\u00f3n PAE\u00a0\u00a0\u00a0<a href=\"https:\/\/www.seb.gov.co\/wp-content\/uploads\/2022\/10\/Circular-No.-294-ORIENTACIONES-PARA-DILIGENCIAMIENTO-DE-ENCUESTAS.pdf\">(Vista Previa Aqu\u00ed)<\/a><\/li>\n<\/ul>\n<h2 style=\"font-weight: 400;\"><strong>COMITES DE SEGUIMIENTO OPERATIVO<\/strong><\/h2>\n<ul style=\"font-weight: 400;\">\n<li>Primer seguimiento operativo 2022\u00a0<a href=\"https:\/\/www.seb.gov.co\/wp-content\/uploads\/2022\/09\/PRIMERA-CAPACITACI\u00d3N-A-MIEMBROS-DE-CAE_25-MAYO.pdf\">(Vista Previa Aqu\u00ed)<\/a><\/li>\n<\/ul>\n<h2 style=\"font-weight: 400;\"><strong>ENCUENTROS CON PADRES DE FAMILIA<\/strong><\/h2>\n<p style=\"font-weight: 400;\">Espacio donde se brindan herramientas para ejercer una oportuna veedur\u00eda y control social en cada una de las Instituciones Educativas beneficiarias del Programa de Alimentacion Escolar PAE.<\/p>\n<ul style=\"font-weight: 400;\">\n<li>Primer encuentro IE Nuestra Se\u00f1ora del Pilar 2022 <a href=\"https:\/\/www.seb.gov.co\/wp-content\/uploads\/2022\/09\/ENCUENTROS-CON-PADRES-1.pdf\">(Vista previa Aqu\u00ed)<\/a><\/li>\n<li>Segundo encuentro IE Bicentenario 2022 <a href=\"https:\/\/www.seb.gov.co\/wp-content\/uploads\/2022\/09\/ENCUENTROS-CON-PADRES-2.pdf\">(Vista previa Aqu\u00ed)<\/a><\/li>\n<\/ul>\n<h2 style=\"font-weight: 400;\"><strong>MESA P\u00daBLICA<\/strong><\/h2>\n<ul style=\"font-weight: 400;\">\n<li>Primera Mesa Publica 2022 <a href=\"https:\/\/www.seb.gov.co\/wp-content\/uploads\/2022\/09\/PRIMERA-MESA-P\u00daBLICA_29-ABRIL.pdf\">(Vista previa Aqu\u00ed)<\/a><\/li>\n<li>Segunda Mesa Publica 2022 <a href=\"https:\/\/www.seb.gov.co\/wp-content\/uploads\/2022\/10\/INFORMACI\u00d3N-SEGUNDA-MESA-P\u00daBLICA-1.pdf\">(Vista previa Aqu\u00ed)<\/a><\/li>\n<\/ul>\n<h2 style=\"font-weight: 400;\"><strong>ENCUESTA DE SATISFACCI\u00d3N<\/strong><\/h2>\n<ul style=\"font-weight: 400;\">\n<li>Resultados Primera Encuesta de Satisfacci\u00f3n 2022 <a href=\"https:\/\/www.seb.gov.co\/wp-content\/uploads\/2022\/10\/RESULTADOS-PRIMERA-ENCUESTA-VIGENCIA-2022.pdf\">(Vista previa Aqu\u00ed)<\/a><\/li>\n<li>Resultados Segunda Encuesta de Satisfacci\u00f3n 2022\u00a0<a href=\"https:\/\/www.seb.gov.co\/wp-content\/uploads\/2022\/12\/RESULTADOS-SEGUNDA-ENCUESTA-VIGENCIA-2022.pdf\">(Vista previa Aqu\u00ed)<\/a><\/li>\n<\/ul>\n<p><strong><a href=\"https:\/\/www.seb.gov.co\/wp-content\/uploads\/2022\/12\/INFORME-ATENCI\u00d3N-SPQR-PROGRAMA-DE-ALIMENTACI\u00d3N-ESCOLAR-2022.pdf\">INFORME ATENCI\u00d3N SPQR &#8211; PROGRAMA DE ALIMENTACION ESCOLAR PAE 2022<\/a><\/strong><\/p>\n\n","protected":false},"excerpt":{"rendered":"","protected":false},"author":1,"featured_media":0,"parent":0,"menu_order":0,"comment_status":"closed","ping_status":"closed","template":"","meta":{"_bbp_topic_count":0,"_bbp_reply_count":0,"_bbp_total_topic_count":0,"_bbp_total_reply_count":0,"_bbp_voice_count":0,"_bbp_anonymous_reply_count":0,"_bbp_topic_count_hidden":0,"_bbp_reply_count_hidden":0,"_bbp_forum_subforum_count":0,"footnotes":""},"_links":{"self":[{"href":"https:\/\/www.seb.gov.co\/index.php\/wp-json\/wp\/v2\/pages\/19787"}],"collection":[{"href":"https:\/\/www.seb.gov.co\/index.php\/wp-json\/wp\/v2\/pages"}],"about":[{"href":"https:\/\/www.seb.gov.co\/index.php\/wp-json\/wp\/v2\/types\/page"}],"author":[{"embeddable":true,"href":"https:\/\/www.seb.gov.co\/index.php\/wp-json\/wp\/v2\/users\/1"}],"replies":[{"embeddable":true,"href":"https:\/\/www.seb.gov.co\/index.php\/wp-json\/wp\/v2\/comments?post=19787"}],"version-history":[{"count":74,"href":"https:\/\/www.seb.gov.co\/index.php\/wp-json\/wp\/v2\/pages\/19787\/revisions"}],"predecessor-version":[{"id":20783,"href":"https:\/\/www.seb.gov.co\/index.php\/wp-json\/wp\/v2\/pages\/19787\/revisions\/20783"}],"wp:attachment":[{"href":"https:\/\/www.seb.gov.co\/index.php\/wp-json\/wp\/v2\/media?parent=19787"}],"curies":[{"name":"wp","href":"https:\/\/api.w.org\/{rel}","templated":true}]}}