{"id":17244,"date":"2021-12-10T19:48:26","date_gmt":"2021-12-10T19:48:26","guid":{"rendered":"https:\/\/www.seb.gov.co\/?page_id=17244"},"modified":"2023-08-09T20:57:41","modified_gmt":"2023-08-09T20:57:41","slug":"guia-de-tramites","status":"publish","type":"page","link":"https:\/\/www.seb.gov.co\/index.php\/guia-de-tramites\/","title":{"rendered":"Gu\u00eda de Tr\u00e1mites"},"content":{"rendered":"<div class=\"fusion-one-sixth fusion-layout-column fusion-spacing-yes\" style=\"margin-top:0px;margin-bottom:20px;\"><div class=\"fusion-column-wrapper\"><div class=\"fusion-clearfix\"><\/div><\/div><\/div><div class=\"fusion-two-third fusion-layout-column fusion-spacing-yes\" style=\"margin-top:0px;margin-bottom:20px;\"><div class=\"fusion-column-wrapper\"><div class=\"accordian fusion-accordian\"><div class=\"panel-group\" id=\"accordion-17244-1\"><div class=\"fusion-panel panel-default\"><div class=\"panel-heading\"><h4 class=\"panel-title toggle\"><a data-toggle=\"collapse\" data-parent=\"#accordion-17244-1\" data-target=\"#369f8e32aa9063807\" href=\"#369f8e32aa9063807\"><div class=\"fusion-toggle-icon-wrapper\"><i class=\"fa-fusion-box\"><\/i><\/div><div class=\"fusion-toggle-heading\">1.CERTIFICADOS<\/div><\/a><\/h4><\/div><div id=\"369f8e32aa9063807\" class=\"panel-collapse collapse \"><div class=\"panel-body toggle-content\">Certificado laboral que se requiere para tr\u00e1mite de cr\u00e9ditos con entidades financieras, visa, arriendos.<\/p>\n<p><a href=\"https:\/\/www.seb.gov.co\/wp-content\/uploads\/2022\/08\/1.CERTIFICADOS-Ver2.pdf\"><span style=\"color: #0000ff;\">&gt;&gt; Descargar aqu\u00ed&gt;&gt;<\/span><\/a><\/div><\/div><\/div><div class=\"fusion-panel panel-default\"><div class=\"panel-heading\"><h4 class=\"panel-title toggle\"><a data-toggle=\"collapse\" data-parent=\"#accordion-17244-1\" data-target=\"#a3dead62a6514e704\" href=\"#a3dead62a6514e704\"><div class=\"fusion-toggle-icon-wrapper\"><i class=\"fa-fusion-box\"><\/i><\/div><div class=\"fusion-toggle-heading\">2.CESANT\u00cdAS ADMINISTRATIVOS<\/div><\/a><\/h4><\/div><div id=\"a3dead62a6514e704\" class=\"panel-collapse collapse \"><div class=\"panel-body toggle-content\">Tr\u00e1mite para el retiro de cesant\u00edas para personal administrativo en el cual la entidad expide carta de autorizaci\u00f3n de retiro.<\/p>\n<p><span style=\"color: #0000ff;\"><a style=\"color: #0000ff;\" href=\"https:\/\/www.seb.gov.co\/wp-content\/uploads\/2021\/12\/2.CESANT\u00cdAS-ADMINISTRATIVOS.pdf\">&gt;&gt;Descargar aqu\u00ed &gt;&gt;<\/a><\/span><\/p>\n<\/div><\/div><\/div><div class=\"fusion-panel panel-default\"><div class=\"panel-heading\"><h4 class=\"panel-title toggle\"><a data-toggle=\"collapse\" data-parent=\"#accordion-17244-1\" data-target=\"#315fb10717b14f4b0\" href=\"#315fb10717b14f4b0\"><div class=\"fusion-toggle-icon-wrapper\"><i class=\"fa-fusion-box\"><\/i><\/div><div class=\"fusion-toggle-heading\">3.INSCRIPCI\u00d3N EN ESCALAF\u00d3N DOCENTE<\/div><\/a><\/h4><\/div><div id=\"315fb10717b14f4b0\" class=\"panel-collapse collapse \"><div class=\"panel-body toggle-content\">Es un medio de clasificaci\u00f3n de los educadores de acuerdo con su preparaci\u00f3n acad\u00e9mica, experiencia docente y m\u00e9ritos reconocidos. Los docentes del sector Oficial que se rigen por el nuevo Decreto 1278 de 2002, no requieren allegar documentos para ser inscritos en el Escalaf\u00f3n Nacional Docente.<\/p>\n<p><a href=\"https:\/\/www.seb.gov.co\/wp-content\/uploads\/2022\/03\/3-INSCRIPCI\u00d3N-EN-ESCALAFON.pdf\">&gt;&gt;<span style=\"color: #0000ff;\">Descargar aqu\u00ed &gt;&gt;<\/span><\/a><\/div><\/div><\/div><div class=\"fusion-panel panel-default\"><div class=\"panel-heading\"><h4 class=\"panel-title toggle\"><a data-toggle=\"collapse\" data-parent=\"#accordion-17244-1\" data-target=\"#ecfdecc730efeecce\" href=\"#ecfdecc730efeecce\"><div class=\"fusion-toggle-icon-wrapper\"><i class=\"fa-fusion-box\"><\/i><\/div><div class=\"fusion-toggle-heading\">4.ASIGNACI\u00d3N SALARIAL POR POSGRADO<\/div><\/a><\/h4><\/div><div id=\"ecfdecc730efeecce\" class=\"panel-collapse collapse \"><div class=\"panel-body toggle-content\">Incentivo otorgado a los docentes hasta el grado 10, por medio del cual, a trav\u00e9s de una maestr\u00eda, especializaci\u00f3n o doctorado, el docente puede convalidar 3 a\u00f1os de servicio.<\/p>\n<p><a href=\"https:\/\/www.seb.gov.co\/wp-content\/uploads\/2022\/03\/4-ASIGNACION-SALARIAL-POR-POSGRADO.pdf\">&gt;&gt;<span style=\"color: #0000ff;\">Descargar aqu\u00ed&gt;&gt;<\/span><\/a><\/div><\/div><\/div><div class=\"fusion-panel panel-default\"><div class=\"panel-heading\"><h4 class=\"panel-title toggle\"><a data-toggle=\"collapse\" data-parent=\"#accordion-17244-1\" data-target=\"#c96bfa107cb2b6340\" href=\"#c96bfa107cb2b6340\"><div class=\"fusion-toggle-icon-wrapper\"><i class=\"fa-fusion-box\"><\/i><\/div><div class=\"fusion-toggle-heading\">5.ASCENSO EN EL ESCALAF\u00d3N NACIONAL DOCENTE DECRETO LEY 2277 DE 1979<\/div><\/a><\/h4><\/div><div id=\"c96bfa107cb2b6340\" class=\"panel-collapse collapse \"><div class=\"panel-body toggle-content\">\n<p style=\"text-align: left;\">Aumentar un grado dentro de la escala Nacional para los docentes que deseen mejorar sus ingresos, constituido por catorce grados, del 1 al 14, entre los cuales el educador podr\u00e1 ascender de acuerdo con los t\u00edtulos acad\u00e9micos que acredite, el tiempo de servicio, los cursos de capacitaci\u00f3n y actualizaci\u00f3n y las obras did\u00e1cticas de su autor\u00eda. <a href=\"https:\/\/www.seb.gov.co\/wp-content\/uploads\/2022\/10\/SOLICITUD-SAC-ESCALAF\u00d3N-REQUISITOS-CORREGIDO-Y-ACTUALIZADO.pdf\"><span style=\"color: #0000ff;\">&gt;&gt;&gt;Requisitos\u00a0Descargar aqu\u00ed &gt;&gt;&gt;<\/span><\/a><\/p>\n<\/div><\/div><\/div><div class=\"fusion-panel panel-default\"><div class=\"panel-heading\"><h4 class=\"panel-title toggle\"><a data-toggle=\"collapse\" data-parent=\"#accordion-17244-1\" data-target=\"#a2044c94ffb318359\" href=\"#a2044c94ffb318359\"><div class=\"fusion-toggle-icon-wrapper\"><i class=\"fa-fusion-box\"><\/i><\/div><div class=\"fusion-toggle-heading\">6.LEGALIZACI\u00d3N PARA APOSTILLA<\/div><\/a><\/h4><\/div><div id=\"a2044c94ffb318359\" class=\"panel-collapse collapse \"><div class=\"panel-body toggle-content\">Legalizaci\u00f3n de documentos acad\u00e9micos: actas de grado y\/o diplomas y\/o notas de las Instituciones Educativas de educaci\u00f3n formal y de Instituciones para el Trabajo y Desarrollo Humano de Bucaramanga.<\/p>\n<p><a href=\"https:\/\/www.seb.gov.co\/wp-content\/uploads\/2023\/08\/LEGALIZACION-PARA-APOSTILLA.pdf\"><span style=\"color: #0000ff;\">&gt;&gt;Descargar aqu\u00ed&gt;&gt;<\/span><\/a><\/div><\/div><\/div><div class=\"fusion-panel panel-default\"><div class=\"panel-heading\"><h4 class=\"panel-title toggle\"><a data-toggle=\"collapse\" data-parent=\"#accordion-17244-1\" data-target=\"#50535a2eff2185d32\" href=\"#50535a2eff2185d32\"><div class=\"fusion-toggle-icon-wrapper\"><i class=\"fa-fusion-box\"><\/i><\/div><div class=\"fusion-toggle-heading\">7.LICENCIA POR LUTO<\/div><\/a><\/h4><\/div><div id=\"50535a2eff2185d32\" class=\"panel-collapse collapse \"><div class=\"panel-body toggle-content\">Conceder a los servidores p\u00fablicos en caso de fallecimiento de su c\u00f3nyuge, compa\u00f1ero o compa\u00f1era permanente, o de un familiar hasta el grado segundo de consanguinidad, primero de afinidad y segundo civil una licencia remunerada por luto de cinco d\u00edas h\u00e1biles.<\/p>\n<p><a href=\"https:\/\/www.seb.gov.co\/wp-content\/uploads\/2021\/12\/7.LICENCIA-POR-LUTO.pdf\"><span style=\"color: #0000ff;\">&gt;&gt;Descargar aqu\u00ed&gt;&gt;<\/span><\/a><\/div><\/div><\/div><div class=\"fusion-panel panel-default\"><div class=\"panel-heading\"><h4 class=\"panel-title toggle\"><a data-toggle=\"collapse\" data-parent=\"#accordion-17244-1\" data-target=\"#39f65328aef9f5d2a\" href=\"#39f65328aef9f5d2a\"><div class=\"fusion-toggle-icon-wrapper\"><i class=\"fa-fusion-box\"><\/i><\/div><div class=\"fusion-toggle-heading\">8.LICENCIAS DE FUNCIONAMIENTO DE EDUCACI\u00d3N FORMAL Y ETDH<\/div><\/a><\/h4><\/div><div id=\"39f65328aef9f5d2a\" class=\"panel-collapse collapse \"><div class=\"panel-body toggle-content\">-Expedici\u00f3n de licencias de funcionamiento de Educaci\u00f3n Formal o de Educaci\u00f3n para el Trabajo y Desarrollo Humano o de registro o renovaci\u00f3n de programas de formaci\u00f3n laboral \u2013 acad\u00e9mica.<\/p>\n<p><a href=\"https:\/\/www.seb.gov.co\/wp-content\/uploads\/2021\/12\/8.LICENCIAS-DE-FUNCIONAMIENTO-DE-EDUCACI\u00d3N-FORMAL-Y-ETDH.pdf\"><span style=\"color: #0000ff;\">&gt;Descargar aqu\u00ed&gt;&gt;<\/span><\/a><\/p>\n<p>-Requisitos para obtener la licencia de funcionamiento, sus modificaciones, registro y renovaci\u00f3n de programas de las instituciones de educaci\u00f3n para el trabajo y el desarrollo humano que funcionen en el municipio de Bucaramanga.<\/p>\n<p style=\"text-align: left;\"><span style=\"color: #0000ff;\"><a style=\"color: #0000ff;\" href=\"https:\/\/www.seb.gov.co\/wp-content\/uploads\/2023\/05\/CIRCULAR-144-NORMATIVIDAD-REQUISITOS-LICENCIA-REGISTRO-NOVEDADES-ETDH.pdf\">&gt;Descargar aqu\u00ed&gt;&gt;<\/a><\/span><\/p>\n<\/div><\/div><\/div><div class=\"fusion-panel panel-default\"><div class=\"panel-heading\"><h4 class=\"panel-title toggle\"><a data-toggle=\"collapse\" data-parent=\"#accordion-17244-1\" data-target=\"#acbc1a78d03c672cb\" href=\"#acbc1a78d03c672cb\"><div class=\"fusion-toggle-icon-wrapper\"><i class=\"fa-fusion-box\"><\/i><\/div><div class=\"fusion-toggle-heading\">9.LEGALIZACI\u00d3N DE NOVEDADES ADMINISTRATIVAS<\/div><\/a><\/h4><\/div><div id=\"acbc1a78d03c672cb\" class=\"panel-collapse collapse \"><div class=\"panel-body toggle-content\">-Hace referencia a: Cambio de sede dentro de la misma entidad territorial certificada, Apertura de nuevas sedes en la misma jurisdicci\u00f3n, Cambio de nombre del establecimiento educativo, Cambio del titular de la licencia, Ampliaci\u00f3n o disminuci\u00f3n de los niveles de educaci\u00f3n ofrecidos, Fusi\u00f3n de dos o m\u00e1s establecimientos educativos, o Una modificaci\u00f3n estructural del PEI que implique una modalidad de servicio distinto o en el car\u00e1cter de la media. <a href=\"https:\/\/www.seb.gov.co\/wp-content\/uploads\/2021\/12\/9.LEGALIZACI\u00d3N-DE-NOVEDADES-ADMINISTRATIVAS.pdf\"><span style=\"color: #0000ff;\">&gt;&gt;Descargar aqu\u00ed&gt;&gt;\u00a0<\/span><\/a><\/p>\n<p>-Requisitos para obtener la licencia de funcionamiento, sus modificaciones, registro y renovaci\u00f3n de programas de las instituciones de educaci\u00f3n para el trabajo y el desarrollo humano que funcionen en el municipio de Bucaramanga.\u00a0<a href=\"https:\/\/www.seb.gov.co\/wp-content\/uploads\/2023\/05\/CIRCULAR-144-NORMATIVIDAD-REQUISITOS-LICENCIA-REGISTRO-NOVEDADES-ETDH.pdf\"><span style=\"color: #0000ff;\">&gt;&gt;Descargar aqu\u00ed&gt;&gt;\u00a0<\/span><\/a><\/div><\/div><\/div><div class=\"fusion-panel panel-default\"><div class=\"panel-heading\"><h4 class=\"panel-title toggle\"><a data-toggle=\"collapse\" data-parent=\"#accordion-17244-1\" data-target=\"#2eedc120662280da8\" href=\"#2eedc120662280da8\"><div class=\"fusion-toggle-icon-wrapper\"><i class=\"fa-fusion-box\"><\/i><\/div><div class=\"fusion-toggle-heading\">10.VALIDACI\u00d3N DE QUINTO PRIMARIA<\/div><\/a><\/h4><\/div><div id=\"2eedc120662280da8\" class=\"panel-collapse collapse \"><div class=\"panel-body toggle-content\">Solicitud de validaci\u00f3n del grado 5\u00b0 de B\u00e1sica Primaria, por parte de ciudadanos mayores de 12 a\u00f1os que lo requieren para continuaci\u00f3n de estudios acad\u00e9micos o fines personales.<\/p>\n<p><a href=\"https:\/\/www.seb.gov.co\/wp-content\/uploads\/2021\/12\/10.VALIDACI\u00d3N-DE-QUINTO-PRIMARIA.pdf\"><span style=\"color: #0000ff;\">&gt;&gt;Descargar aqu\u00ed &gt;&gt;<\/span><\/a><\/div><\/div><\/div><div class=\"fusion-panel panel-default\"><div class=\"panel-heading\"><h4 class=\"panel-title toggle\"><a data-toggle=\"collapse\" data-parent=\"#accordion-17244-1\" data-target=\"#a471d349d8a9df1d4\" href=\"#a471d349d8a9df1d4\"><div class=\"fusion-toggle-icon-wrapper\"><i class=\"fa-fusion-box\"><\/i><\/div><div class=\"fusion-toggle-heading\">11. CERTIFICADOS PAZ Y SALVO DE N\u00d3MINA<\/div><\/a><\/h4><\/div><div id=\"a471d349d8a9df1d4\" class=\"panel-collapse collapse \"><div class=\"panel-body toggle-content\">Lo tiene todo docente para retiro definitivo del servicio, o estando en servicio requiere tramitar cesant\u00edas para compra de vivienda o lote, pago de hipoteca, estudio<\/p>\n<p><a href=\"https:\/\/www.seb.gov.co\/wp-content\/uploads\/2021\/12\/11.PAZ-Y-SALVO.pdf\"><span style=\"color: #0000ff;\">&gt;&gt;Descargar aqu\u00ed &gt;&gt;<\/span><\/a><\/div><\/div><\/div><div class=\"fusion-panel panel-default\"><div class=\"panel-heading\"><h4 class=\"panel-title toggle\"><a data-toggle=\"collapse\" data-parent=\"#accordion-17244-1\" data-target=\"#136daae73d8746f17\" href=\"#136daae73d8746f17\"><div class=\"fusion-toggle-icon-wrapper\"><i class=\"fa-fusion-box\"><\/i><\/div><div class=\"fusion-toggle-heading\">12. TR\u00c1MITE DE CESANTIAS DOCENTES, DIRECTIVOS DOCENTES <\/div><\/a><\/h4><\/div><div id=\"136daae73d8746f17\" class=\"panel-collapse collapse \"><div class=\"panel-body toggle-content\">\n<ul>\n<li>Tr\u00e1mite cesant\u00edas definitivas a beneficiarios de un docente fallecido<\/li>\n<\/ul>\n<p><a href=\"https:\/\/www.seb.gov.co\/wp-content\/uploads\/2022\/11\/H05.01.P02-TR\u00c1MITE-CESANT\u00cdAS-PARCIALES-PARA-DOCENTES-OFICIALES.pdf\"><span style=\"color: #0000ff;\">&gt;&gt;Descargar aqu\u00ed &gt;&gt;<\/span><\/a><\/p>\n<ul>\n<li>Tr\u00e1mite cesant\u00edas parciales para docentes oficiales<\/li>\n<\/ul>\n<p><a href=\"https:\/\/www.seb.gov.co\/wp-content\/uploads\/2022\/11\/H05.01.P03-TR\u00c1MITE-CESANT\u00cdA-DEFINITIVA-PARA-DOCENTES-OFICIALES..pdf\"><span style=\"color: #0000ff;\">&gt;&gt;Descargar aqu\u00ed &gt;&gt;<\/span><\/a><\/p>\n<ul>\n<li>Tr\u00e1mite cesant\u00eda definitiva para docentes oficiales.<\/li>\n<\/ul>\n<p><a href=\"https:\/\/www.seb.gov.co\/wp-content\/uploads\/2022\/11\/H05.01.P01-TR\u00c1MITE-CESANT\u00cdAS-DEFINITIVAS-A-BENEFICIARIOS-DE-UN-DOCENTE-FALLECIDO.pdf\"><span style=\"color: #0000ff;\">&gt;&gt;Descargar aqu\u00ed &gt;&gt;<\/span><\/a><\/p>\n<ul>\n<li>Tr\u00e1mite de incapacidades superiores a 180 d\u00edas de Docentes y Directivos Docentes<\/li>\n<\/ul>\n<p><a href=\"https:\/\/www.seb.gov.co\/wp-content\/uploads\/2023\/06\/I-GSEP-4300-250-H06.04-TR\u00c1MITE-DE-INCAPACIDADES-SUPERIORES-A-180-D\u00cdAS-DE-DOCENTES-Y-DIRECTIVOS-DOCENTES.pdf\"><span style=\"color: #0000ff;\">&gt;&gt;Descargar aqu\u00ed &gt;&gt;<\/span><\/a><\/div><\/div><\/div><\/div><\/div><div class=\"fusion-clearfix\"><\/div><\/div><\/div><div class=\"fusion-one-sixth fusion-layout-column fusion-column-last fusion-spacing-yes\" style=\"margin-top:0px;margin-bottom:20px;\"><div class=\"fusion-column-wrapper\"><div class=\"fusion-clearfix\"><\/div><\/div><\/div><div class=\"fusion-clearfix\"><\/div>\n","protected":false},"excerpt":{"rendered":"","protected":false},"author":1,"featured_media":0,"parent":0,"menu_order":0,"comment_status":"closed","ping_status":"closed","template":"","meta":{"_bbp_topic_count":0,"_bbp_reply_count":0,"_bbp_total_topic_count":0,"_bbp_total_reply_count":0,"_bbp_voice_count":0,"_bbp_anonymous_reply_count":0,"_bbp_topic_count_hidden":0,"_bbp_reply_count_hidden":0,"_bbp_forum_subforum_count":0,"footnotes":""},"_links":{"self":[{"href":"https:\/\/www.seb.gov.co\/index.php\/wp-json\/wp\/v2\/pages\/17244"}],"collection":[{"href":"https:\/\/www.seb.gov.co\/index.php\/wp-json\/wp\/v2\/pages"}],"about":[{"href":"https:\/\/www.seb.gov.co\/index.php\/wp-json\/wp\/v2\/types\/page"}],"author":[{"embeddable":true,"href":"https:\/\/www.seb.gov.co\/index.php\/wp-json\/wp\/v2\/users\/1"}],"replies":[{"embeddable":true,"href":"https:\/\/www.seb.gov.co\/index.php\/wp-json\/wp\/v2\/comments?post=17244"}],"version-history":[{"count":28,"href":"https:\/\/www.seb.gov.co\/index.php\/wp-json\/wp\/v2\/pages\/17244\/revisions"}],"predecessor-version":[{"id":21695,"href":"https:\/\/www.seb.gov.co\/index.php\/wp-json\/wp\/v2\/pages\/17244\/revisions\/21695"}],"wp:attachment":[{"href":"https:\/\/www.seb.gov.co\/index.php\/wp-json\/wp\/v2\/media?parent=17244"}],"curies":[{"name":"wp","href":"https:\/\/api.w.org\/{rel}","templated":true}]}}