{"id":15800,"date":"2021-02-08T04:07:22","date_gmt":"2021-02-08T04:07:22","guid":{"rendered":"https:\/\/www.seb.gov.co\/?page_id=15800"},"modified":"2025-10-07T14:17:11","modified_gmt":"2025-10-07T14:17:11","slug":"tramites-de-cesantias","status":"publish","type":"page","link":"https:\/\/www.seb.gov.co\/index.php\/tramites-de-cesantias\/","title":{"rendered":"Tramites de Cesantias"},"content":{"rendered":"<div class=\"fusion-one-full fusion-layout-column fusion-column-last fusion-spacing-yes\" style=\"margin-top:0px;margin-bottom:20px;\"><div class=\"fusion-column-wrapper\"><div class=\"fusion-title title fusion-title-size-one\"><h1 class=\"title-heading-left\">\n<p style=\"text-align: center;\">TRAMITES DE CESANTIAS<\/p>\n<\/h1><div class=\"title-sep-container\"><div class=\"title-sep sep-double\"><\/div><\/div><\/div><h3>\u00d8\u00a0<strong><u>Cesant\u00edas Definitivas<\/u><\/strong><\/h3>\n<p><strong>Concepto:\u00a0<\/strong>Es el derecho de un auxilio monetario que adquiere todo docente cuando se retira de manera definitiva del servicio educativo.<\/p>\n<p><strong>Periodicidad:\u00a0<\/strong>Una vez se termine la relaci\u00f3n laboral, o por fallecimiento del docente<\/p>\n<p><strong>Beneficiarios:\u00a0<\/strong>El derecho lo tienen los bene\ufb01ciarios del docente que fallece estando en servicio\u00a0\u00a0 activo, o\u00a0\u00a0 que\u00a0habi\u00e9ndose retirado del servicio no solicit\u00f3 o no recibi\u00f3 el pago de sus cesant\u00edas de\ufb01nitivas (antes de la prescripci\u00f3n del derecho).<\/p>\n<p><strong>PRESCRIPCION<\/strong><\/p>\n<p>3 A\u00f1os contados una vez se termine la relaci\u00f3n laboral.<\/p>\n<h3>\u00d8 <strong><u>Cesant\u00edas Parciales<\/u><\/strong><\/h3>\n<p><strong>Concepto:\u00a0<\/strong>Las\u00a0Cesant\u00edas parciales\u00a0son reconocidas exclusivamente para solucionar una necesidad b\u00e1sica y que est\u00e1 relacionada como Vivienda y Estudio.<\/p>\n<ul>\n<li>Reparaci\u00f3n y ampliaci\u00f3n de vivienda<\/li>\n<li>Compra de vivienda o lote<\/li>\n<li>Liberaci\u00f3n de gravamen hipotecario<\/li>\n<li>Construcci\u00f3n de vivienda<\/li>\n<li>Estudios<\/li>\n<\/ul>\n<h3>\u00d8 <strong><u>Gu\u00edas de Usuario<\/u><\/strong><\/h3>\n<p>Haga clic en el texto para abrir el documento:<\/p>\n<ul>\n<li><a href=\"https:\/\/www.seb.gov.co\/wp-content\/uploads\/2025\/10\/Guia-de-usuario-Gestion-Cesantias_Docente.pdf\" target=\"_blank\" rel=\"noreferrer noopener\"><strong>Gu\u00eda de Usuario Gesti\u00f3n Cesant\u00edas Docente<\/strong><\/a><\/li>\n<li><a href=\"https:\/\/www.seb.gov.co\/wp-content\/uploads\/2025\/10\/Guia-de-Usuario-Gestion-Certificacion_Docente.pdf\" target=\"_blank\" rel=\"noreferrer noopener\"><strong>Gu\u00eda de Usuario Gesti\u00f3n Certificaci\u00f3n Docente<\/strong><\/a><\/li>\n<\/ul>\n<div class=\"fusion-clearfix\"><\/div><\/div><\/div><div class=\"fusion-clearfix\"><\/div>","protected":false},"excerpt":{"rendered":"","protected":false},"author":1,"featured_media":0,"parent":0,"menu_order":0,"comment_status":"closed","ping_status":"closed","template":"","meta":{"_bbp_topic_count":0,"_bbp_reply_count":0,"_bbp_total_topic_count":0,"_bbp_total_reply_count":0,"_bbp_voice_count":0,"_bbp_anonymous_reply_count":0,"_bbp_topic_count_hidden":0,"_bbp_reply_count_hidden":0,"_bbp_forum_subforum_count":0,"footnotes":""},"_links":{"self":[{"href":"https:\/\/www.seb.gov.co\/index.php\/wp-json\/wp\/v2\/pages\/15800"}],"collection":[{"href":"https:\/\/www.seb.gov.co\/index.php\/wp-json\/wp\/v2\/pages"}],"about":[{"href":"https:\/\/www.seb.gov.co\/index.php\/wp-json\/wp\/v2\/types\/page"}],"author":[{"embeddable":true,"href":"https:\/\/www.seb.gov.co\/index.php\/wp-json\/wp\/v2\/users\/1"}],"replies":[{"embeddable":true,"href":"https:\/\/www.seb.gov.co\/index.php\/wp-json\/wp\/v2\/comments?post=15800"}],"version-history":[{"count":2,"href":"https:\/\/www.seb.gov.co\/index.php\/wp-json\/wp\/v2\/pages\/15800\/revisions"}],"predecessor-version":[{"id":24612,"href":"https:\/\/www.seb.gov.co\/index.php\/wp-json\/wp\/v2\/pages\/15800\/revisions\/24612"}],"wp:attachment":[{"href":"https:\/\/www.seb.gov.co\/index.php\/wp-json\/wp\/v2\/media?parent=15800"}],"curies":[{"name":"wp","href":"https:\/\/api.w.org\/{rel}","templated":true}]}}