{"id":15743,"date":"2021-02-08T04:06:08","date_gmt":"2021-02-08T04:06:08","guid":{"rendered":"https:\/\/www.seb.gov.co\/?page_id=15743"},"modified":"2024-11-25T17:20:46","modified_gmt":"2024-11-25T17:20:46","slug":"fondo-prestacional","status":"publish","type":"page","link":"https:\/\/www.seb.gov.co\/index.php\/fondo-prestacional\/","title":{"rendered":"Fondo prestacional"},"content":{"rendered":"<div class=\"fusion-one-full fusion-layout-column fusion-column-last fusion-spacing-yes\" style=\"margin-top:0px;margin-bottom:20px;\"><div class=\"fusion-column-wrapper\"><div class=\"fusion-content-boxes content-boxes columns fusion-columns-4 fusion-columns-total-8 fusion-content-boxes-1 content-boxes-icon-with-title row content-left\" data-animationOffset=\"100%\" style=\"margin-top:0px;margin-bottom:60px;\"><style type=\"text\/css\" scoped=\"scoped\">\r\n\t\t\t.fusion-content-boxes-1 .fusion-content-box-hover .link-area-link-icon-hover .heading h2,\r\n\t\t\t.fusion-content-boxes-1 .fusion-content-box-hover .link-area-link-icon-hover .heading .heading-link h2,\r\n\t\t\t.fusion-content-boxes-1 .fusion-content-box-hover .link-area-box-hover .heading h2,\r\n\t\t\t.fusion-content-boxes-1 .fusion-content-box-hover .link-area-box-hover .heading .heading-link h2,\r\n\t\t\t.fusion-content-boxes-1 .fusion-content-box-hover .link-area-link-icon-hover.link-area-box .fusion-read-more,\r\n\t\t\t.fusion-content-boxes-1 .fusion-content-box-hover .link-area-link-icon-hover.link-area-box .fusion-read-more::after,\r\n\t\t\t.fusion-content-boxes-1 .fusion-content-box-hover .link-area-link-icon-hover.link-area-box .fusion-read-more::before,\r\n\t\t\t.fusion-content-boxes-1 .fusion-content-box-hover .fusion-read-more:hover:after,\r\n\t\t\t.fusion-content-boxes-1 .fusion-content-box-hover .fusion-read-more:hover:before,\r\n\t\t\t.fusion-content-boxes-1 .fusion-content-box-hover .fusion-read-more:hover,\r\n\t\t\t.fusion-content-boxes-1 .fusion-content-box-hover .link-area-box-hover.link-area-box .fusion-read-more,\r\n\t\t\t.fusion-content-boxes-1 .fusion-content-box-hover .link-area-box-hover.link-area-box .fusion-read-more::after,\r\n\t\t\t.fusion-content-boxes-1 .fusion-content-box-hover .link-area-box-hover.link-area-box .fusion-read-more::before,\t\t\t\r\n\t\t\t.fusion-content-boxes-1 .fusion-content-box-hover .link-area-link-icon-hover .icon .circle-no,\r\n\t\t\t.fusion-content-boxes-1 .fusion-content-box-hover .link-area-box-hover .icon .circle-no {\r\n\t\t\t\tcolor: #0082cb !important;\r\n\t\t\t}\r\n\t\t\t.fusion-content-boxes-1 .fusion-content-box-hover .heading-link:hover .icon i.circle-yes,\r\n\t\t\t.fusion-content-boxes-1 .fusion-content-box-hover .link-area-box:hover .heading-link .icon i.circle-yes,\r\n\t\t\t.fusion-content-boxes-1 .fusion-content-box-hover .link-area-link-icon-hover .heading .icon i.circle-yes,\r\n\t\t\t.fusion-content-boxes-1 .fusion-content-box-hover .link-area-box-hover .heading .icon i.circle-yes {\r\n\t\t\t\tbackground-color: #0082cb !important;\r\n\t\t\t\tborder-color: #0082cb !important;\r\n\t\t\t}<\/style><div class=\"fusion-column content-box-column content-box-column-1 col-lg-3 col-md-3 col-sm-3 fusion-content-box-hover content-box-column-first-in-row\"><div class=\"col content-wrapper link-area-link-icon link-type-text icon-hover-animation-fade\" style=\"background-color:transparent;\"><div class=\"heading heading-with-icon icon-left\"><a class=\"heading-link\" href=\"https:\/\/www.seb.gov.co\/?page_id=15796&amp;preview=true\" target=\"_self\"><div class=\"icon\"><i style=\"border-color:#333333;border-width:1px;background-color:#333333;height:42px;width:42px;line-height:42px;border-radius:100%;color:#ffffff;font-size:21px;\" class=\"fa fontawesome-icon fa-cogs circle-yes\"><\/i><\/div><h2 class=\"content-box-heading\" style=\"font-size: 18px;line-height:23px;\">Tr\u00e1mites de Pensiones<\/h2><\/a><\/div><div class=\"fusion-clearfix\"><\/div><div class=\"content-container\"><\/div><\/div><\/div><div class=\"fusion-column content-box-column content-box-column-2 col-lg-3 col-md-3 col-sm-3 fusion-content-box-hover\"><div class=\"col content-wrapper link-area-link-icon link-type-text icon-hover-animation-fade\" style=\"background-color:transparent;\"><div class=\"heading heading-with-icon icon-left\"><a class=\"heading-link\" href=\"https:\/\/www.seb.gov.co\/?page_id=15800&amp;preview=true\" target=\"_self\"><div class=\"icon\"><i style=\"border-color:#333333;border-width:1px;background-color:#333333;height:42px;width:42px;line-height:42px;border-radius:100%;color:#ffffff;font-size:21px;\" class=\"fa fontawesome-icon fa-credit-card circle-yes\"><\/i><\/div><h2 class=\"content-box-heading\" style=\"font-size: 18px;line-height:23px;\">Tr\u00e1mite de Cesant\u00edas<\/h2><\/a><\/div><div class=\"fusion-clearfix\"><\/div><div class=\"content-container\"><\/div><\/div><\/div><div class=\"fusion-column content-box-column content-box-column-3 col-lg-3 col-md-3 col-sm-3 fusion-content-box-hover\"><div class=\"col content-wrapper link-area-link-icon link-type-text icon-hover-animation-fade\" style=\"background-color:transparent;\"><div class=\"heading heading-with-icon icon-left\"><a class=\"heading-link\" href=\"https:\/\/www.seb.gov.co\/?page_id=15802&amp;preview=true\" target=\"_self\"><div class=\"icon\"><i style=\"border-color:#333333;border-width:1px;background-color:#333333;height:42px;width:42px;line-height:42px;border-radius:100%;color:#ffffff;font-size:21px;\" class=\"fa fontawesome-icon fa-coffee circle-yes\"><\/i><\/div><h2 class=\"content-box-heading\" style=\"font-size: 18px;line-height:23px;\">Tr\u00e1mite de Auxilios<\/h2><\/a><\/div><div class=\"fusion-clearfix\"><\/div><div class=\"content-container\"><\/div><\/div><\/div><div class=\"fusion-column content-box-column content-box-column-4 col-lg-3 col-md-3 col-sm-3 fusion-content-box-hover content-box-column-last-in-row\"><div class=\"col content-wrapper link-area-link-icon link-type-text icon-hover-animation-fade\" style=\"background-color:transparent;\"><div class=\"heading heading-with-icon icon-left\"><a class=\"heading-link\" href=\"https:\/\/www.seb.gov.co\/wp-content\/uploads\/2022\/07\/H05.F03-FORMATO-AUTORIZACI\u00d3N-NOTIFICACI\u00d3N-ELECTR\u00d3NICA-USUARIO.pdf\" target=\"_self\"><div class=\"icon\"><i style=\"border-color:#333333;border-width:1px;background-color:#333333;height:42px;width:42px;line-height:42px;border-radius:100%;color:#ffffff;font-size:21px;\" class=\"fa fontawesome-icon fa-print circle-yes\"><\/i><\/div><h2 class=\"content-box-heading\" style=\"font-size: 18px;line-height:23px;\">Autorizaci\u00f3n Notificaci\u00f3n Electr\u00f3nica SEB<\/h2><\/a><\/div><div class=\"fusion-clearfix\"><\/div><div class=\"content-container\"><\/div><\/div><\/div><div class=\"fusion-clearfix\"><\/div><div class=\"fusion-column content-box-column content-box-column-5 col-lg-3 col-md-3 col-sm-3 fusion-content-box-hover content-box-column-first-in-row\"><div class=\"col content-wrapper link-area-link-icon link-type-text icon-hover-animation-fade\" style=\"background-color:transparent;\"><div class=\"heading heading-with-icon icon-left\"><a class=\"heading-link\" href=\"https:\/\/www.seb.gov.co\/index.php\/pensiones-y-auxilios-en-linea\/\" target=\"_self\"><div class=\"icon\"><i style=\"border-color:#333333;border-width:1px;background-color:#333333;height:42px;width:42px;line-height:42px;border-radius:100%;color:#ffffff;font-size:21px;\" class=\"fa fontawesome-icon fa-cloud-download circle-yes\"><\/i><\/div><h2 class=\"content-box-heading\" style=\"font-size: 18px;line-height:23px;\">Pensiones y Auxilios en L\u00ednea<\/h2><\/a><\/div><div class=\"fusion-clearfix\"><\/div><div class=\"content-container\"><\/div><\/div><\/div><div class=\"fusion-column content-box-column content-box-column-6 col-lg-3 col-md-3 col-sm-3 fusion-content-box-hover\"><div class=\"col content-wrapper link-area-link-icon link-type-text icon-hover-animation-fade\" style=\"background-color:transparent;\"><div class=\"heading heading-with-icon icon-left\"><a class=\"heading-link\" href=\"https:\/\/www.fomag.gov.co\/cesantias-en-linea\/\" target=\"_self\"><div class=\"icon\"><i style=\"border-color:#333333;border-width:1px;background-color:#333333;height:42px;width:42px;line-height:42px;border-radius:100%;color:#ffffff;font-size:21px;\" class=\"fa fontawesome-icon fa-check-circle-o circle-yes\"><\/i><\/div><h2 class=\"content-box-heading\" style=\"font-size: 18px;line-height:23px;\">Cesant\u00edas en l\u00ednea<\/h2><\/a><\/div><div class=\"fusion-clearfix\"><\/div><div class=\"content-container\"><\/div><\/div><\/div><div class=\"fusion-column content-box-column content-box-column-7 col-lg-3 col-md-3 col-sm-3 fusion-content-box-hover\"><div class=\"col content-wrapper link-area-link-icon link-type-text icon-hover-animation-fade\" style=\"background-color:transparent;\"><div class=\"heading heading-with-icon icon-left\"><a class=\"heading-link\" href=\"https:\/\/forms.office.com\/Pages\/ResponsePage.aspx?id=uJKpT6utl0CD7yLs4zOqLVdmnjJpLDhNkaFY-gt3T0BUN1daMEhCVklYT1kxT0RCNUxPS1hKTVBURy4u\" target=\"_self\"><div class=\"icon\"><i style=\"border-color:#333333;border-width:1px;background-color:#333333;height:42px;width:42px;line-height:42px;border-radius:100%;color:#ffffff;font-size:21px;\" class=\"fa fontawesome-icon fa-user-plus circle-yes\"><\/i><\/div><h2 class=\"content-box-heading\" style=\"font-size: 18px;line-height:23px;\">Asesor\u00eda a Docentes para el tr\u00e1mite de Prestaciones Econ\u00f3micas Cesant\u00edas, Pensiones y Auxilios<\/h2><\/a><\/div><div class=\"fusion-clearfix\"><\/div><div class=\"content-container\"><\/div><\/div><\/div><div class=\"fusion-column content-box-column content-box-column-8 col-lg-3 col-md-3 col-sm-3 fusion-content-box-hover content-box-column-last content-box-column-last-in-row\"><div class=\"col content-wrapper link-area-link-icon link-type-text icon-hover-animation-fade\" style=\"background-color:transparent;\"><div class=\"heading heading-with-icon icon-left\"><a class=\"heading-link\" href=\"https:\/\/www.seb.gov.co\/index.php\/otros-tramites-en-linea\/\" target=\"_self\"><div class=\"icon\"><i style=\"border-color:#333333;border-width:1px;background-color:#333333;height:42px;width:42px;line-height:42px;border-radius:100%;color:#ffffff;font-size:21px;\" class=\"fa fontawesome-icon fa-power-off circle-yes\"><\/i><\/div><h2 class=\"content-box-heading\" style=\"font-size: 18px;line-height:23px;\">Otros tramites<\/h2><\/a><\/div><div class=\"fusion-clearfix\"><\/div><div class=\"content-container\"><\/div><\/div><\/div><div class=\"fusion-clearfix\"><\/div><div class=\"fusion-clearfix\"><\/div><\/div><div class=\"fusion-clearfix\"><\/div><\/div><\/div><div class=\"fusion-clearfix\"><\/div>\n","protected":false},"excerpt":{"rendered":"","protected":false},"author":1,"featured_media":0,"parent":0,"menu_order":0,"comment_status":"closed","ping_status":"closed","template":"","meta":{"_bbp_topic_count":0,"_bbp_reply_count":0,"_bbp_total_topic_count":0,"_bbp_total_reply_count":0,"_bbp_voice_count":0,"_bbp_anonymous_reply_count":0,"_bbp_topic_count_hidden":0,"_bbp_reply_count_hidden":0,"_bbp_forum_subforum_count":0,"footnotes":""},"_links":{"self":[{"href":"https:\/\/www.seb.gov.co\/index.php\/wp-json\/wp\/v2\/pages\/15743"}],"collection":[{"href":"https:\/\/www.seb.gov.co\/index.php\/wp-json\/wp\/v2\/pages"}],"about":[{"href":"https:\/\/www.seb.gov.co\/index.php\/wp-json\/wp\/v2\/types\/page"}],"author":[{"embeddable":true,"href":"https:\/\/www.seb.gov.co\/index.php\/wp-json\/wp\/v2\/users\/1"}],"replies":[{"embeddable":true,"href":"https:\/\/www.seb.gov.co\/index.php\/wp-json\/wp\/v2\/comments?post=15743"}],"version-history":[{"count":43,"href":"https:\/\/www.seb.gov.co\/index.php\/wp-json\/wp\/v2\/pages\/15743\/revisions"}],"predecessor-version":[{"id":23503,"href":"https:\/\/www.seb.gov.co\/index.php\/wp-json\/wp\/v2\/pages\/15743\/revisions\/23503"}],"wp:attachment":[{"href":"https:\/\/www.seb.gov.co\/index.php\/wp-json\/wp\/v2\/media?parent=15743"}],"curies":[{"name":"wp","href":"https:\/\/api.w.org\/{rel}","templated":true}]}}