{"id":15259,"date":"2020-09-09T20:19:05","date_gmt":"2020-09-09T20:19:05","guid":{"rendered":"https:\/\/www.seb.gov.co\/?page_id=15259"},"modified":"2020-09-09T20:19:05","modified_gmt":"2020-09-09T20:19:05","slug":"legalizacion-de-titulos-o-certificados-de-calificacion","status":"publish","type":"page","link":"https:\/\/www.seb.gov.co\/index.php\/legalizacion-de-titulos-o-certificados-de-calificacion\/","title":{"rendered":"Legalizaci\u00f3n de t\u00edtulos o certificados de calificaci\u00f3n"},"content":{"rendered":"<p style=\"text-align: left;\"><strong>PROCEDIMIENTO PARA LEGALIZAR DOCUMENTOS TITULOS O CERTIFICADOS DE CALIFICACIONES DE SECUNDARIA Y MEDIA:<\/strong><br \/>\n<strong>EN SERVICIO PRESENCIAL:<\/strong><\/p>\n<p style=\"text-align: left;\">Se radica de forma presencial ya sea por el interesado o familia o amigo en el , Centro Municipal de Atenci\u00f3n al Ciudadano \u2013 CAME, ubicado en el primer piso de la Fase II de la Alcaldia Municipal (carrera 11 N\u00b0 34-56 ) ; modulo 28 o 29 , en los horarios de 7.30 a.m &#8211; 11.30 a.m y de 1:OO p.m a 5.30 p.m , para realizar este proceso, los cuales son:<\/p>\n<p style=\"text-align: left;\">1.El peticionario deber\u00e1 radicar su solicitud presencial en ventanilla del CAME, adjuntando los documentos originales y con la firma del rector actual, autenticada en notaria, (diploma de bachiller).]<\/p>\n<p>2.Una vez recibidos los documentos y validados a trav\u00e9s de los sistemas dispuestos para tal fin, ser\u00e1n entregados en el CAME al peticionario, quien deber\u00e1 autenticar la firma de la Secretar\u00eda de Educaci\u00f3n en la notaria s\u00e9ptima de Bucaramanga.<\/p>\n<p style=\"text-align: left;\">3.Posteriormente el peticionario contin\u00faa el proceso de apostillaje.<\/p>\n<p style=\"text-align: left;\"><strong>PERIODO EMERGENCIA SANITARIA POR COVID-19:<\/strong><\/p>\n<p>La normalidad administrativa de la Alcald\u00eda de Bucaramanga \u2013 Secretar\u00eda de Educaci\u00f3n, fue modificadas a causa del establecimiento de medidas preventivas contra la infecci\u00f3n del COVID-19. Por lo anterior, a este procedimiento de legalizaci\u00f3n de documentos acad\u00e9micos se le hicieron los siguientes ajustes transitorios:<br \/>\n1.Establecer comunicaci\u00f3n con la l\u00ednea telef\u00f3nica de la Alcald\u00eda de Bucaramanga 6337000 extensi\u00f3n 380, con la finalidad de acordar fecha y lugar de recepci\u00f3n y entrega de los documentos.<\/p>\n<p>2.Hacer entrega de los documentos acad\u00e9micos, previa Autenticaci\u00f3n en la Notaria de la firma del rector del establecimiento educativo; s\u00f3lo si est\u00e1 funcionando. Si la instituci\u00f3n educativa fue cerrada, no se requiere autenticaci\u00f3n.<\/p>\n<p>3.Revisar los documentos acad\u00e9micos, por parte del \u00e1rea de inspecci\u00f3n y vigilancia de la Secretar\u00eda de Educaci\u00f3n, teniendo en cuenta la normativa vigente y los sistemas de matr\u00edculas SIMAT y SIET.<\/p>\n<p>4.Sellar y pasar a firmas de la Secretaria de Educaci\u00f3n, si la revisi\u00f3n de los documentos estar acorde con lo reglamentado.<\/p>\n<p>5.Hacer entrega al usuario de los documentos debidamente sellados y firmados.<\/p>\n<p>6.Autenticar por pare del usuario en la Notaria S\u00e9ptima, la firma de la Secretaria de Educaci\u00f3n de Bucaramanga.<\/p>\n","protected":false},"excerpt":{"rendered":"<p>PROCEDIMIENTO PARA LEGALIZAR DOCUMENTOS TITULOS O CERTIFICADOS DE CALIFICACIONES DE SECUNDARIA Y MEDIA: EN SERVICIO PRESENCIAL: Se radica de forma presencial ya sea por el interesado o familia o amigo en el , Centro Municipal de Atenci\u00f3n al Ciudadano \u2013 CAME, ubicado en el primer piso de la Fase II de la Alcaldia Municipal (carrera [&hellip;]<\/p>\n","protected":false},"author":1,"featured_media":0,"parent":0,"menu_order":0,"comment_status":"closed","ping_status":"closed","template":"","meta":{"_bbp_topic_count":0,"_bbp_reply_count":0,"_bbp_total_topic_count":0,"_bbp_total_reply_count":0,"_bbp_voice_count":0,"_bbp_anonymous_reply_count":0,"_bbp_topic_count_hidden":0,"_bbp_reply_count_hidden":0,"_bbp_forum_subforum_count":0,"footnotes":""},"_links":{"self":[{"href":"https:\/\/www.seb.gov.co\/index.php\/wp-json\/wp\/v2\/pages\/15259"}],"collection":[{"href":"https:\/\/www.seb.gov.co\/index.php\/wp-json\/wp\/v2\/pages"}],"about":[{"href":"https:\/\/www.seb.gov.co\/index.php\/wp-json\/wp\/v2\/types\/page"}],"author":[{"embeddable":true,"href":"https:\/\/www.seb.gov.co\/index.php\/wp-json\/wp\/v2\/users\/1"}],"replies":[{"embeddable":true,"href":"https:\/\/www.seb.gov.co\/index.php\/wp-json\/wp\/v2\/comments?post=15259"}],"version-history":[{"count":5,"href":"https:\/\/www.seb.gov.co\/index.php\/wp-json\/wp\/v2\/pages\/15259\/revisions"}],"predecessor-version":[{"id":15264,"href":"https:\/\/www.seb.gov.co\/index.php\/wp-json\/wp\/v2\/pages\/15259\/revisions\/15264"}],"wp:attachment":[{"href":"https:\/\/www.seb.gov.co\/index.php\/wp-json\/wp\/v2\/media?parent=15259"}],"curies":[{"name":"wp","href":"https:\/\/api.w.org\/{rel}","templated":true}]}}