{"id":14,"date":"2018-03-09T16:19:20","date_gmt":"2018-03-09T16:19:20","guid":{"rendered":"https:\/\/www.seb.gov.co\/?page_id=14"},"modified":"2022-09-30T23:42:10","modified_gmt":"2022-09-30T23:42:10","slug":"sistema-de-gestion-de-calidad","status":"publish","type":"page","link":"https:\/\/www.seb.gov.co\/index.php\/sistema-de-gestion-de-calidad\/","title":{"rendered":"Sistema de gesti\u00f3n de calidad"},"content":{"rendered":"<div class=\"fusion-one-full fusion-layout-column fusion-column-last fusion-spacing-yes\" style=\"margin-top:0px;margin-bottom:20px;\"><div class=\"fusion-column-wrapper\"><div class=\"fusion-title title fusion-title-size-two\"><h2 class=\"title-heading-left\"><strong>Pol\u00edtica de calidad<\/strong><\/h2><div class=\"title-sep-container\"><div class=\"title-sep sep-double\"><\/div><\/div><\/div><p>La pol\u00edtica de calidad de la Secretar\u00eda de Educaci\u00f3n de Bucaramanga, se fundamenta en la formaci\u00f3n permanente de los docentes y del personal administrativo, en la mejora y evaluaci\u00f3n de competencias sociales y fundamentales, en el desarrollo de competencias laborales basadas en tecnolog\u00eda con alto sentido de respeto por el medio ambiente.<\/p>\n<p>Tambi\u00e9n se fundamenta en el mejoramiento profesional de los docentes en un contexto tecnol\u00f3gico y did\u00e1ctico, involucrando a los padres de familia en el desarrollo del PEI, la modernizaci\u00f3n, promoci\u00f3n y seguimiento del sistema educativo, en la optimizaci\u00f3n de la capacidad organizacional, con un criterio \u00e9tico de mejoramiento continuo y uso de la informaci\u00f3n para la toma de decisiones.<\/p>\n<p>El compromiso de la Secretar\u00eda es mejorar la proyecci\u00f3n educativa social con equidad, mediante la ampliaci\u00f3n de la cobertura y el mejoramiento de la calidad educativa, garantizando la democracia, la inclusi\u00f3n y la movilidad social, y formando en competencias b\u00e1sicas, laborales y ciudadanas, estimulando la generaci\u00f3n y ejecuci\u00f3n de proyectos de acuerdo a las necesidades y expectativas de la comunidad Bumanguesa.<\/p>\n<div class=\"fusion-clearfix\"><\/div><\/div><\/div><div class=\"fusion-clearfix\"><\/div><div class=\"fusion-one-fifth fusion-layout-column fusion-spacing-yes\" style=\"margin-top:0px;margin-bottom:20px;\"><div class=\"fusion-column-wrapper\"><div class=\"fusion-clearfix\"><\/div><\/div><\/div><div class=\"fusion-three-fifth fusion-layout-column fusion-spacing-yes\" style=\"margin-top:0px;margin-bottom:20px;\"><div class=\"fusion-column-wrapper\"><span class=\"fusion-imageframe imageframe-none imageframe-1 hover-type-none\"> <img decoding=\"async\" alt=\"\" src=\"https:\/\/www.seb.gov.co\/wp-content\/uploads\/2022\/08\/mapa-de-proceso-1024x576.jpg\" class=\"img-responsive\"\/><\/span><div class=\"fusion-clearfix\"><\/div><\/div><\/div><div class=\"fusion-one-fifth fusion-layout-column fusion-column-last fusion-spacing-yes\" style=\"margin-top:0px;margin-bottom:20px;\"><div class=\"fusion-column-wrapper\"><div class=\"fusion-clearfix\"><\/div><\/div><\/div><div class=\"fusion-clearfix\"><\/div><div class=\"fusion-title title fusion-title-size-two\"><h2 class=\"title-heading-left\"><strong>Documentaci\u00f3n del sistema<br \/>\n<\/strong><\/h2><div class=\"title-sep-container\"><div class=\"title-sep sep-double\"><\/div><\/div><\/div><p>Seleccione la opci\u00f3n para descargar el documento<\/p>\n<div class=\"fusion-one-sixth fusion-layout-column fusion-spacing-yes\" style=\"margin-top:0px;margin-bottom:20px;\"><div class=\"fusion-column-wrapper\"><div class=\"fusion-clearfix\"><\/div><\/div><\/div><div class=\"fusion-one-third fusion-layout-column fusion-spacing-no\" style=\"margin-top:0px;margin-bottom:20px;\"><div class=\"fusion-column-wrapper\"><ul class=\"fusion-checklist fusion-checklist-1\" style=\"font-size:13px;line-height:22.1px;\"><li class=\"fusion-li-item\"><span style=\"height:22.1px;width:22.1px;margin-right:9.1px;\" class=\"icon-wrapper circle-no\"><i class=\"fusion-li-icon fa fa-arrow-right\" style=\"color:#0097d8;\"><\/i><\/span><div class=\"fusion-li-item-content\" style=\"margin-left:31.2px;\"><a href=\"https:\/\/www.seb.gov.co\/wp-content\/uploads\/2022\/09\/1.-A-GESTI\u00d3N-ESTRAT\u00c9GICA.pdf\"><strong>Gesti\u00f3n\u00a0<\/strong><b>estrat\u00e9gica<\/b><\/a><\/div><\/li><li class=\"fusion-li-item\"><span style=\"height:22.1px;width:22.1px;margin-right:9.1px;\" class=\"icon-wrapper circle-no\"><i class=\"fusion-li-icon fa fa-arrow-right\" style=\"color:#0097d8;\"><\/i><\/span><div class=\"fusion-li-item-content\" style=\"margin-left:31.2px;\"><a href=\"https:\/\/www.seb.gov.co\/wp-content\/uploads\/2022\/09\/2.-PROGRAMAS-Y-PROYECTOS.pdf\"><strong>Gesti\u00f3n de programas y proyectos<\/strong><\/a><\/div><\/li><li class=\"fusion-li-item\"><span style=\"height:22.1px;width:22.1px;margin-right:9.1px;\" class=\"icon-wrapper circle-no\"><i class=\"fusion-li-icon fa fa-arrow-right\" style=\"color:#0097d8;\"><\/i><\/span><div class=\"fusion-li-item-content\" style=\"margin-left:31.2px;\"><a href=\"https:\/\/www.seb.gov.co\/wp-content\/uploads\/2022\/09\/12.-gesti\u00f3n-de-asuntos-legales-y-jur\u00eddicos.pdf\"><strong>\u00a0Gesti\u00f3n de asuntos legales y\u00a0<\/strong><b>p\u00fablicos<\/b><\/a><\/div><\/li><li class=\"fusion-li-item\"><span style=\"height:22.1px;width:22.1px;margin-right:9.1px;\" class=\"icon-wrapper circle-no\"><i class=\"fusion-li-icon fa fa-arrow-right\" style=\"color:#0097d8;\"><\/i><\/span><div class=\"fusion-li-item-content\" style=\"margin-left:31.2px;\"><a href=\"https:\/\/www.seb.gov.co\/wp-content\/uploads\/2022\/09\/4.-CALIDAD-EDUCATIVA.pdf\"><strong>Gesti\u00f3n de la calidad del servicio educativo<\/strong><\/a><\/div><\/li><li class=\"fusion-li-item\"><span style=\"height:22.1px;width:22.1px;margin-right:9.1px;\" class=\"icon-wrapper circle-no\"><i class=\"fusion-li-icon fa fa-arrow-right\" style=\"color:#0097d8;\"><\/i><\/span><div class=\"fusion-li-item-content\" style=\"margin-left:31.2px;\"><a href=\"https:\/\/www.seb.gov.co\/wp-content\/uploads\/2022\/09\/6.-INSPECCI\u00d3N-Y-VIGILANCIA.pdf\"><strong>Gesti\u00f3n de la inspecci\u00f3n y vigilancia<\/strong><\/a><\/div><\/li><li class=\"fusion-li-item\"><span style=\"height:22.1px;width:22.1px;margin-right:9.1px;\" class=\"icon-wrapper circle-no\"><i class=\"fusion-li-icon fa fa-arrow-right\" style=\"color:#0097d8;\"><\/i><\/span><div class=\"fusion-li-item-content\" style=\"margin-left:31.2px;\"><a href=\"https:\/\/www.seb.gov.co\/wp-content\/uploads\/2022\/09\/3.-COBERTURA.pdf\"><strong>Gesti\u00f3n de la cobertura del servicio educativo.<\/strong><\/a><\/div><\/li><li class=\"fusion-li-item\"><span style=\"height:22.1px;width:22.1px;margin-right:9.1px;\" class=\"icon-wrapper circle-no\"><i class=\"fusion-li-icon fa fa-arrow-right\" style=\"color:#0097d8;\"><\/i><\/span><div class=\"fusion-li-item-content\" style=\"margin-left:31.2px;\"><a href=\"https:\/\/www.seb.gov.co\/wp-content\/uploads\/2022\/09\/5.-ATENCI\u00d3N-AL-CIUDADANO..pdf\"><strong>Atenci\u00f3n al ciudadano.<\/strong><\/a><\/div><\/li><\/ul><div class=\"fusion-clearfix\"><\/div><\/div><\/div><div class=\"fusion-one-third fusion-layout-column fusion-spacing-no\" style=\"margin-top:0px;margin-bottom:20px;\"><div class=\"fusion-column-wrapper\"><ul class=\"fusion-checklist fusion-checklist-2\" style=\"font-size:13px;line-height:22.1px;\"><li class=\"fusion-li-item\"><span style=\"height:22.1px;width:22.1px;margin-right:9.1px;\" class=\"icon-wrapper circle-no\"><i class=\"fusion-li-icon fa fa-arrow-right\" style=\"color:#0097d8;\"><\/i><\/span><div class=\"fusion-li-item-content\" style=\"margin-left:31.2px;\"><a href=\"https:\/\/www.seb.gov.co\/wp-content\/uploads\/2022\/09\/11.-GESTI\u00d3N-INFORMACI\u00d3N.pdf\"><strong>Gesti\u00f3n de la informaci\u00f3n.<\/strong><\/a><\/div><\/li><li class=\"fusion-li-item\"><span style=\"height:22.1px;width:22.1px;margin-right:9.1px;\" class=\"icon-wrapper circle-no\"><i class=\"fusion-li-icon fa fa-arrow-right\" style=\"color:#0097d8;\"><\/i><\/span><div class=\"fusion-li-item-content\" style=\"margin-left:31.2px;\"><a href=\"https:\/\/www.seb.gov.co\/wp-content\/uploads\/2022\/09\/8.-TALENTO-HUMANO.pdf\"><strong>Gesti\u00f3n del talento humano.<\/strong><\/a><\/div><\/li><li class=\"fusion-li-item\"><span style=\"height:22.1px;width:22.1px;margin-right:9.1px;\" class=\"icon-wrapper circle-no\"><i class=\"fusion-li-icon fa fa-arrow-right\" style=\"color:#0097d8;\"><\/i><\/span><div class=\"fusion-li-item-content\" style=\"margin-left:31.2px;\"><a href=\"https:\/\/www.seb.gov.co\/wp-content\/uploads\/2022\/09\/9.-BIENES-Y-SERVICIOS.pdf\"><strong>Gesti\u00f3n administrativa de bienes y servicios.<\/strong><\/a><\/div><\/li><li class=\"fusion-li-item\"><span style=\"height:22.1px;width:22.1px;margin-right:9.1px;\" class=\"icon-wrapper circle-no\"><i class=\"fusion-li-icon fa fa-arrow-right\" style=\"color:#0097d8;\"><\/i><\/span><div class=\"fusion-li-item-content\" style=\"margin-left:31.2px;\"><a href=\"https:\/\/www.seb.gov.co\/wp-content\/uploads\/2022\/09\/10.-GESTI\u00d3N-FINANCIERA.pdf\"><strong>Gesti\u00f3n financiera<\/strong><\/a><\/div><\/li><li class=\"fusion-li-item\"><span style=\"height:22.1px;width:22.1px;margin-right:9.1px;\" class=\"icon-wrapper circle-no\"><i class=\"fusion-li-icon fa fa-arrow-right\" style=\"color:#0097d8;\"><\/i><\/span><div class=\"fusion-li-item-content\" style=\"margin-left:31.2px;\"><strong>Control interno.<\/strong><\/div><\/li><li class=\"fusion-li-item\"><span style=\"height:22.1px;width:22.1px;margin-right:9.1px;\" class=\"icon-wrapper circle-no\"><i class=\"fusion-li-icon fa fa-arrow-right\" style=\"color:#0097d8;\"><\/i><\/span><div class=\"fusion-li-item-content\" style=\"margin-left:31.2px;\"><a href=\"https:\/\/www.seb.gov.co\/wp-content\/uploads\/2022\/09\/11.-GESTI\u00d3N-INFORMACI\u00d3N.pdf\"><strong>Gesti\u00f3n de la tecnolog\u00eda inform\u00e1tica<\/strong><\/a><\/div><\/li><li class=\"fusion-li-item\"><span style=\"height:22.1px;width:22.1px;margin-right:9.1px;\" class=\"icon-wrapper circle-no\"><i class=\"fusion-li-icon fa fa-arrow-right\" style=\"color:#0097d8;\"><\/i><\/span><div class=\"fusion-li-item-content\" style=\"margin-left:31.2px;\"><a href=\"https:\/\/www.seb.gov.co\/wp-content\/uploads\/2022\/09\/13.-ADMINISTRACI\u00d3N-DEL-SISTEMA-DE-GESTI\u00d3N-DE-CALIDAD.pdf\"><strong>Administraci\u00f3n SGC<\/strong><\/a><\/div><\/li><\/ul><div class=\"fusion-clearfix\"><\/div><\/div><\/div><div class=\"fusion-one-sixth fusion-layout-column fusion-column-last fusion-spacing-yes\" style=\"margin-top:0px;margin-bottom:20px;\"><div class=\"fusion-column-wrapper\"><div class=\"fusion-clearfix\"><\/div><\/div><\/div><div class=\"fusion-clearfix\"><\/div>\n","protected":false},"excerpt":{"rendered":"","protected":false},"author":1,"featured_media":0,"parent":0,"menu_order":0,"comment_status":"closed","ping_status":"closed","template":"","meta":{"_bbp_topic_count":0,"_bbp_reply_count":0,"_bbp_total_topic_count":0,"_bbp_total_reply_count":0,"_bbp_voice_count":0,"_bbp_anonymous_reply_count":0,"_bbp_topic_count_hidden":0,"_bbp_reply_count_hidden":0,"_bbp_forum_subforum_count":0,"footnotes":""},"_links":{"self":[{"href":"https:\/\/www.seb.gov.co\/index.php\/wp-json\/wp\/v2\/pages\/14"}],"collection":[{"href":"https:\/\/www.seb.gov.co\/index.php\/wp-json\/wp\/v2\/pages"}],"about":[{"href":"https:\/\/www.seb.gov.co\/index.php\/wp-json\/wp\/v2\/types\/page"}],"author":[{"embeddable":true,"href":"https:\/\/www.seb.gov.co\/index.php\/wp-json\/wp\/v2\/users\/1"}],"replies":[{"embeddable":true,"href":"https:\/\/www.seb.gov.co\/index.php\/wp-json\/wp\/v2\/comments?post=14"}],"version-history":[{"count":32,"href":"https:\/\/www.seb.gov.co\/index.php\/wp-json\/wp\/v2\/pages\/14\/revisions"}],"predecessor-version":[{"id":20286,"href":"https:\/\/www.seb.gov.co\/index.php\/wp-json\/wp\/v2\/pages\/14\/revisions\/20286"}],"wp:attachment":[{"href":"https:\/\/www.seb.gov.co\/index.php\/wp-json\/wp\/v2\/media?parent=14"}],"curies":[{"name":"wp","href":"https:\/\/api.w.org\/{rel}","templated":true}]}}