{"id":12764,"date":"2019-02-07T16:12:30","date_gmt":"2019-02-07T16:12:30","guid":{"rendered":"https:\/\/www.seb.gov.co\/?page_id=12764"},"modified":"2023-12-21T20:43:20","modified_gmt":"2023-12-21T20:43:20","slug":"formatos","status":"publish","type":"page","link":"https:\/\/www.seb.gov.co\/index.php\/formatos\/","title":{"rendered":"Formatos"},"content":{"rendered":"<div class=\"fusion-content-boxes content-boxes columns fusion-columns-4 fusion-columns-total-21 fusion-content-boxes-1 content-boxes-icon-boxed row content-left\" data-animationOffset=\"100%\" style=\"margin-top:0px;margin-bottom:60px;\"><style type=\"text\/css\" scoped=\"scoped\">.fusion-content-boxes-1 .heading h2{color:#1e73be;}\r\n\t\t\t.fusion-content-boxes-1 .fusion-content-box-hover .link-area-link-icon-hover .heading h2,\r\n\t\t\t.fusion-content-boxes-1 .fusion-content-box-hover .link-area-link-icon-hover .heading .heading-link h2,\r\n\t\t\t.fusion-content-boxes-1 .fusion-content-box-hover .link-area-box-hover .heading h2,\r\n\t\t\t.fusion-content-boxes-1 .fusion-content-box-hover .link-area-box-hover .heading .heading-link h2,\r\n\t\t\t.fusion-content-boxes-1 .fusion-content-box-hover .link-area-link-icon-hover.link-area-box .fusion-read-more,\r\n\t\t\t.fusion-content-boxes-1 .fusion-content-box-hover .link-area-link-icon-hover.link-area-box .fusion-read-more::after,\r\n\t\t\t.fusion-content-boxes-1 .fusion-content-box-hover .link-area-link-icon-hover.link-area-box .fusion-read-more::before,\r\n\t\t\t.fusion-content-boxes-1 .fusion-content-box-hover .fusion-read-more:hover:after,\r\n\t\t\t.fusion-content-boxes-1 .fusion-content-box-hover .fusion-read-more:hover:before,\r\n\t\t\t.fusion-content-boxes-1 .fusion-content-box-hover .fusion-read-more:hover,\r\n\t\t\t.fusion-content-boxes-1 .fusion-content-box-hover .link-area-box-hover.link-area-box .fusion-read-more,\r\n\t\t\t.fusion-content-boxes-1 .fusion-content-box-hover .link-area-box-hover.link-area-box .fusion-read-more::after,\r\n\t\t\t.fusion-content-boxes-1 .fusion-content-box-hover .link-area-box-hover.link-area-box .fusion-read-more::before,\t\t\t\r\n\t\t\t.fusion-content-boxes-1 .fusion-content-box-hover .link-area-link-icon-hover .icon .circle-no,\r\n\t\t\t.fusion-content-boxes-1 .fusion-content-box-hover .link-area-box-hover .icon .circle-no {\r\n\t\t\t\tcolor: #0082cb !important;\r\n\t\t\t}\r\n\t\t\t.fusion-content-boxes-1 .fusion-content-box-hover .heading-link:hover .icon i.circle-yes,\r\n\t\t\t.fusion-content-boxes-1 .fusion-content-box-hover .link-area-box:hover .heading-link .icon i.circle-yes,\r\n\t\t\t.fusion-content-boxes-1 .fusion-content-box-hover .link-area-link-icon-hover .heading .icon i.circle-yes,\r\n\t\t\t.fusion-content-boxes-1 .fusion-content-box-hover .link-area-box-hover .heading .icon i.circle-yes {\r\n\t\t\t\tbackground-color: #0082cb !important;\r\n\t\t\t\tborder-color: #0082cb !important;\r\n\t\t\t}<\/style><div class=\"fusion-column content-box-column content-box-column-1 col-lg-3 col-md-3 col-sm-3 fusion-content-box-hover content-box-column-first-in-row\"><div class=\"col content-wrapper content-wrapper-boxed link-area-link-icon link-type-text icon-hover-animation-slide\" style=\"background-color:transparent;\"><div class=\"heading heading-with-icon icon-left\"><a class=\"heading-link\" href=\"https:\/\/www.seb.gov.co\/wp-content\/uploads\/2019\/02\/Anexo5-Formato-Unico-Fiduprevisora.pdf\" target=\"_self\"><div class=\"icon\"><i style=\"border-color:#81d742;border-width:1px;background-color:#81d742;height:42px;width:42px;line-height:42px;top:-71px;margin-left:-21px;border-radius:100%;color:#ffffff;font-size:21px;\" class=\"fa fontawesome-icon fa-cloud-download circle-yes\"><\/i><\/div><h2 class=\"content-box-heading\" style=\"font-size: 18px;line-height:23px;\">Formato \u00danico Fiduprevisora<\/h2><\/a><\/div><div class=\"fusion-clearfix\"><\/div><div class=\"content-container\"><\/div><\/div><\/div><div class=\"fusion-column content-box-column content-box-column-2 col-lg-3 col-md-3 col-sm-3 fusion-content-box-hover\"><div class=\"col content-wrapper content-wrapper-boxed link-area-link-icon link-type-text icon-hover-animation-slide\" style=\"background-color:transparent;\"><div class=\"heading heading-with-icon icon-left\"><a class=\"heading-link\" href=\"https:\/\/www.seb.gov.co\/wp-content\/uploads\/2021\/06\/FORMATO-HISTORIA-SOCIO-FAMILIAR.pdf\" target=\"_self\"><div class=\"icon\"><i style=\"border-color:#81d742;border-width:1px;background-color:#81d742;height:42px;width:42px;line-height:42px;top:-71px;margin-left:-21px;border-radius:100%;color:#ffffff;font-size:21px;\" class=\"fa fontawesome-icon fa-cloud-download circle-yes\"><\/i><\/div><h2 class=\"content-box-heading\" style=\"font-size: 18px;line-height:23px;\">Formato Historia Socio Familiar<\/h2><\/a><\/div><div class=\"fusion-clearfix\"><\/div><div class=\"content-container\"><\/div><\/div><\/div><div class=\"fusion-column content-box-column content-box-column-3 col-lg-3 col-md-3 col-sm-3 fusion-content-box-hover\"><div class=\"col content-wrapper content-wrapper-boxed link-area-link-icon link-type-text icon-hover-animation-slide\" style=\"background-color:transparent;\"><div class=\"heading heading-with-icon icon-left\"><a class=\"heading-link\" href=\"https:\/\/www.seb.gov.co\/wp-content\/uploads\/2020\/07\/H02.04.F10-H.R-DOC.-ADMINISTRATIVOS.pdf\" target=\"_self\"><div class=\"icon\"><i style=\"border-color:#81d742;border-width:1px;background-color:#81d742;height:42px;width:42px;line-height:42px;top:-71px;margin-left:-21px;border-radius:100%;color:#ffffff;font-size:21px;\" class=\"fa fontawesome-icon fa-cloud-download circle-yes\"><\/i><\/div><h2 class=\"content-box-heading\" style=\"font-size: 18px;line-height:23px;\">Formato Hoja de Ruta Control de Documentos Administrativos<\/h2><\/a><\/div><div class=\"fusion-clearfix\"><\/div><div class=\"content-container\"><\/div><\/div><\/div><div class=\"fusion-column content-box-column content-box-column-4 col-lg-3 col-md-3 col-sm-3 fusion-content-box-hover content-box-column-last-in-row\"><div class=\"col content-wrapper content-wrapper-boxed link-area-link-icon link-type-text icon-hover-animation-slide\" style=\"background-color:transparent;\"><div class=\"heading heading-with-icon icon-left\"><a class=\"heading-link\" href=\"https:\/\/www.seb.gov.co\/wp-content\/uploads\/2019\/02\/Requisitos-Para-Posesiones.pdf\" target=\"_self\"><div class=\"icon\"><i style=\"border-color:#81d742;border-width:1px;background-color:#81d742;height:42px;width:42px;line-height:42px;top:-71px;margin-left:-21px;border-radius:100%;color:#ffffff;font-size:21px;\" class=\"fa fontawesome-icon fa-cloud-download circle-yes\"><\/i><\/div><h2 class=\"content-box-heading\" style=\"font-size: 18px;line-height:23px;\">Formato Requisitos Para Posesiones<\/h2><\/a><\/div><div class=\"fusion-clearfix\"><\/div><div class=\"content-container\"><\/div><\/div><\/div><div class=\"fusion-clearfix\"><\/div><div class=\"fusion-column content-box-column content-box-column-5 col-lg-3 col-md-3 col-sm-3 fusion-content-box-hover content-box-column-first-in-row\"><div class=\"col content-wrapper content-wrapper-boxed link-area-link-icon link-type-text icon-hover-animation-slide\" style=\"background-color:transparent;\"><div class=\"heading heading-with-icon icon-left\"><a class=\"heading-link\" href=\"https:\/\/www.seb.gov.co\/wp-content\/uploads\/2019\/02\/Acta-de-Posesion.docx\" target=\"_self\"><div class=\"icon\"><i style=\"border-color:#81d742;border-width:1px;background-color:#81d742;height:42px;width:42px;line-height:42px;top:-71px;margin-left:-21px;border-radius:100%;color:#ffffff;font-size:21px;\" class=\"fa fontawesome-icon fa-cloud-download circle-yes\"><\/i><\/div><h2 class=\"content-box-heading\" style=\"font-size: 18px;line-height:23px;\">Acta de Posesi\u00f3n <\/h2><\/a><\/div><div class=\"fusion-clearfix\"><\/div><div class=\"content-container\"><\/div><\/div><\/div><div class=\"fusion-column content-box-column content-box-column-6 col-lg-3 col-md-3 col-sm-3 fusion-content-box-hover\"><div class=\"col content-wrapper content-wrapper-boxed link-area-link-icon link-type-text icon-hover-animation-slide\" style=\"background-color:transparent;\"><div class=\"heading heading-with-icon icon-left\"><a class=\"heading-link\" href=\"https:\/\/www.seb.gov.co\/wp-content\/uploads\/2019\/02\/Citatorio-para-notificacion-de-acto-administrativo.docx\" target=\"_self\"><div class=\"icon\"><i style=\"border-color:#81d742;border-width:1px;background-color:#81d742;height:42px;width:42px;line-height:42px;top:-71px;margin-left:-21px;border-radius:100%;color:#ffffff;font-size:21px;\" class=\"fa fontawesome-icon fa-cloud-download circle-yes\"><\/i><\/div><h2 class=\"content-box-heading\" style=\"font-size: 18px;line-height:23px;\">Citatorio Para Notificaci\u00f3n de Acto Administrativo<\/h2><\/a><\/div><div class=\"fusion-clearfix\"><\/div><div class=\"content-container\"><\/div><\/div><\/div><div class=\"fusion-column content-box-column content-box-column-7 col-lg-3 col-md-3 col-sm-3 fusion-content-box-hover\"><div class=\"col content-wrapper content-wrapper-boxed link-area-link-icon link-type-text icon-hover-animation-slide\" style=\"background-color:transparent;\"><div class=\"heading heading-with-icon icon-left\"><a class=\"heading-link\" href=\"https:\/\/www.seb.gov.co\/wp-content\/uploads\/2019\/02\/Comunicacion-Acto-Administrativo.docx\" target=\"_self\"><div class=\"icon\"><i style=\"border-color:#81d742;border-width:1px;background-color:#81d742;height:42px;width:42px;line-height:42px;top:-71px;margin-left:-21px;border-radius:100%;color:#ffffff;font-size:21px;\" class=\"fa fontawesome-icon fa-cloud-download circle-yes\"><\/i><\/div><h2 class=\"content-box-heading\" style=\"font-size: 18px;line-height:23px;\">Comunicaci\u00f3n Acto Administrativo<\/h2><\/a><\/div><div class=\"fusion-clearfix\"><\/div><div class=\"content-container\"><\/div><\/div><\/div><div class=\"fusion-column content-box-column content-box-column-8 col-lg-3 col-md-3 col-sm-3 fusion-content-box-hover content-box-column-last-in-row\"><div class=\"col content-wrapper content-wrapper-boxed link-area-link-icon link-type-text icon-hover-animation-slide\" style=\"background-color:transparent;\"><div class=\"heading heading-with-icon icon-left\"><a class=\"heading-link\" href=\"https:\/\/www.seb.gov.co\/wp-content\/uploads\/2019\/02\/Comunicacion-Incapacidades.docx\" target=\"_self\"><div class=\"icon\"><i style=\"border-color:#81d742;border-width:1px;background-color:#81d742;height:42px;width:42px;line-height:42px;top:-71px;margin-left:-21px;border-radius:100%;color:#ffffff;font-size:21px;\" class=\"fa fontawesome-icon fa-cloud-download circle-yes\"><\/i><\/div><h2 class=\"content-box-heading\" style=\"font-size: 18px;line-height:23px;\">Comunicaci\u00f3n Incapacidades<\/h2><\/a><\/div><div class=\"fusion-clearfix\"><\/div><div class=\"content-container\"><\/div><\/div><\/div><div class=\"fusion-clearfix\"><\/div><div class=\"fusion-column content-box-column content-box-column-9 col-lg-3 col-md-3 col-sm-3 fusion-content-box-hover content-box-column-first-in-row\"><div class=\"col content-wrapper content-wrapper-boxed link-area-link-icon link-type-text icon-hover-animation-slide\" style=\"background-color:transparent;\"><div class=\"heading heading-with-icon icon-left\"><a class=\"heading-link\" href=\"https:\/\/www.seb.gov.co\/wp-content\/uploads\/2019\/02\/Comunicacion-otros-actos-administrativos.docx\" target=\"_self\"><div class=\"icon\"><i style=\"border-color:#81d742;border-width:1px;background-color:#81d742;height:42px;width:42px;line-height:42px;top:-71px;margin-left:-21px;border-radius:100%;color:#ffffff;font-size:21px;\" class=\"fa fontawesome-icon fa-cloud-download circle-yes\"><\/i><\/div><h2 class=\"content-box-heading\" style=\"font-size: 18px;line-height:23px;\">Comunicaci\u00f3n Otros Actos Administrativos<\/h2><\/a><\/div><div class=\"fusion-clearfix\"><\/div><div class=\"content-container\"><\/div><\/div><\/div><div class=\"fusion-column content-box-column content-box-column-10 col-lg-3 col-md-3 col-sm-3 fusion-content-box-hover\"><div class=\"col content-wrapper content-wrapper-boxed link-area-link-icon link-type-text icon-hover-animation-slide\" style=\"background-color:transparent;\"><div class=\"heading heading-with-icon icon-left\"><a class=\"heading-link\" href=\"https:\/\/www.seb.gov.co\/wp-content\/uploads\/2019\/02\/Listado-Personal-Nombrado.xls\" target=\"_self\"><div class=\"icon\"><i style=\"border-color:#81d742;border-width:1px;background-color:#81d742;height:42px;width:42px;line-height:42px;top:-71px;margin-left:-21px;border-radius:100%;color:#ffffff;font-size:21px;\" class=\"fa fontawesome-icon fa-cloud-download circle-yes\"><\/i><\/div><h2 class=\"content-box-heading\" style=\"font-size: 18px;line-height:23px;\">Listado de Personal Nombrado<\/h2><\/a><\/div><div class=\"fusion-clearfix\"><\/div><div class=\"content-container\"><\/div><\/div><\/div><div class=\"fusion-column content-box-column content-box-column-11 col-lg-3 col-md-3 col-sm-3 fusion-content-box-hover\"><div class=\"col content-wrapper content-wrapper-boxed link-area-link-icon link-type-text icon-hover-animation-slide\" style=\"background-color:transparent;\"><div class=\"heading heading-with-icon icon-left\"><a class=\"heading-link\" href=\"https:\/\/www.seb.gov.co\/wp-content\/uploads\/2022\/08\/H07.02.F01-SOLICITUD-DE-CERTIFICADOS.docx\" target=\"_self\"><div class=\"icon\"><i style=\"border-color:#81d742;border-width:1px;background-color:#81d742;height:42px;width:42px;line-height:42px;top:-71px;margin-left:-21px;border-radius:100%;color:#ffffff;font-size:21px;\" class=\"fa fontawesome-icon fa-cloud-download circle-yes\"><\/i><\/div><h2 class=\"content-box-heading\" style=\"font-size: 18px;line-height:23px;\">Solicitud de Certificado<\/h2><\/a><\/div><div class=\"fusion-clearfix\"><\/div><div class=\"content-container\"><\/div><\/div><\/div><div class=\"fusion-column content-box-column content-box-column-12 col-lg-3 col-md-3 col-sm-3 fusion-content-box-hover content-box-column-last-in-row\"><div class=\"col content-wrapper content-wrapper-boxed link-area-link-icon link-type-text icon-hover-animation-slide\" style=\"background-color:transparent;\"><div class=\"heading heading-with-icon icon-left\"><a class=\"heading-link\" href=\"https:\/\/www.seb.gov.co\/wp-content\/uploads\/2019\/03\/Formato-Unico-de-Novedades.xls\" target=\"_self\"><div class=\"icon\"><i style=\"border-color:#81d742;border-width:1px;background-color:#81d742;height:42px;width:42px;line-height:42px;top:-71px;margin-left:-21px;border-radius:100%;color:#ffffff;font-size:21px;\" class=\"fa fontawesome-icon fa-cloud-download circle-yes\"><\/i><\/div><h2 class=\"content-box-heading\" style=\"font-size: 18px;line-height:23px;\">Formato Unico de Novedades<\/h2><\/a><\/div><div class=\"fusion-clearfix\"><\/div><div class=\"content-container\"><\/div><\/div><\/div><div class=\"fusion-clearfix\"><\/div><div class=\"fusion-column content-box-column content-box-column-13 col-lg-3 col-md-3 col-sm-3 fusion-content-box-hover content-box-column-first-in-row\"><div class=\"col content-wrapper content-wrapper-boxed link-area-link-icon link-type-text icon-hover-animation-slide\" style=\"background-color:transparent;\"><div class=\"heading heading-with-icon icon-left\"><a class=\"heading-link\" href=\"https:\/\/www.seb.gov.co\/wp-content\/uploads\/2023\/12\/F-GSEP-4300-16307-H06.01.F02-REPORTE-HORAS-EXTRAS.docx\" target=\"_self\"><div class=\"icon\"><i style=\"border-color:#81d742;border-width:1px;background-color:#81d742;height:42px;width:42px;line-height:42px;top:-71px;margin-left:-21px;border-radius:100%;color:#ffffff;font-size:21px;\" class=\"fa fontawesome-icon fa-cloud-download circle-yes\"><\/i><\/div><h2 class=\"content-box-heading\" style=\"font-size: 18px;line-height:23px;\">Formato Reporte de Horas Extras<\/h2><\/a><\/div><div class=\"fusion-clearfix\"><\/div><div class=\"content-container\"><\/div><\/div><\/div><div class=\"fusion-column content-box-column content-box-column-14 col-lg-3 col-md-3 col-sm-3 fusion-content-box-hover\"><div class=\"col content-wrapper content-wrapper-boxed link-area-link-icon link-type-text icon-hover-animation-slide\" style=\"background-color:transparent;\"><div class=\"heading heading-with-icon icon-left\"><a class=\"heading-link\" href=\"https:\/\/www.seb.gov.co\/wp-content\/uploads\/2023\/12\/F-GSEP-4300-16307-H06.01.F01-AUTORIZACION-HORAS-EXTRAS.docx\" target=\"_self\"><div class=\"icon\"><i style=\"border-color:#81d742;border-width:1px;background-color:#81d742;height:42px;width:42px;line-height:42px;top:-71px;margin-left:-21px;border-radius:100%;color:#ffffff;font-size:21px;\" class=\"fa fontawesome-icon fa-cloud-download circle-yes\"><\/i><\/div><h2 class=\"content-box-heading\" style=\"font-size: 18px;line-height:23px;\">Formato Autorizaci\u00f3n Horas Extras<\/h2><\/a><\/div><div class=\"fusion-clearfix\"><\/div><div class=\"content-container\"><\/div><\/div><\/div><div class=\"fusion-column content-box-column content-box-column-15 col-lg-3 col-md-3 col-sm-3 fusion-content-box-hover\"><div class=\"col content-wrapper content-wrapper-boxed link-area-link-icon link-type-text icon-hover-animation-slide\" style=\"background-color:transparent;\"><div class=\"heading heading-with-icon icon-left\"><a class=\"heading-link\" href=\"https:\/\/www.seb.gov.co\/wp-content\/uploads\/2020\/07\/H02.04.F09-H.R-DOC.-DIRECTIVOS-Y-DOCENTES.pdf\" target=\"_self\"><div class=\"icon\"><i style=\"border-color:#81d742;border-width:1px;background-color:#81d742;height:42px;width:42px;line-height:42px;top:-71px;margin-left:-21px;border-radius:100%;color:#ffffff;font-size:21px;\" class=\"fa fontawesome-icon fa-cloud-download circle-yes\"><\/i><\/div><h2 class=\"content-box-heading\" style=\"font-size: 18px;line-height:23px;\">Formato Hoja de Ruta Control de Documentos Docentes y Directivos Docentes<\/h2><\/a><\/div><div class=\"fusion-clearfix\"><\/div><div class=\"content-container\"><\/div><\/div><\/div><div class=\"fusion-column content-box-column content-box-column-16 col-lg-3 col-md-3 col-sm-3 fusion-content-box-hover content-box-column-last-in-row\"><div class=\"col content-wrapper content-wrapper-boxed link-area-link-icon link-type-text icon-hover-animation-slide\" style=\"background-color:transparent;\"><div class=\"heading heading-with-icon icon-left\"><a class=\"heading-link\" href=\"https:\/\/www.seb.gov.co\/wp-content\/uploads\/2020\/07\/H01.01.F06-PAZ-Y-SALVO-PERSONAL-DOCENTES-DIRECTIVOS-I.E.docx\" target=\"_self\"><div class=\"icon\"><i style=\"border-color:#81d742;border-width:1px;background-color:#81d742;height:42px;width:42px;line-height:42px;top:-71px;margin-left:-21px;border-radius:100%;color:#ffffff;font-size:21px;\" class=\"fa fontawesome-icon fa-cloud-download circle-yes\"><\/i><\/div><h2 class=\"content-box-heading\" style=\"font-size: 18px;line-height:23px;\">Formato Paz Y Salvo Para Personal Docentes, Directivos Y Administrativos Vinculados A Instituciones Educativas<\/h2><\/a><\/div><div class=\"fusion-clearfix\"><\/div><div class=\"content-container\"><\/div><\/div><\/div><div class=\"fusion-clearfix\"><\/div><div class=\"fusion-column content-box-column content-box-column-17 col-lg-3 col-md-3 col-sm-3 fusion-content-box-hover content-box-column-first-in-row\"><div class=\"col content-wrapper content-wrapper-boxed link-area-link-icon link-type-text icon-hover-animation-slide\" style=\"background-color:transparent;\"><div class=\"heading heading-with-icon icon-left\"><a class=\"heading-link\" href=\"https:\/\/www.seb.gov.co\/wp-content\/uploads\/2020\/08\/Solicitd-de-Ascenso.pdf\" target=\"_self\"><div class=\"icon\"><i style=\"border-color:#81d742;border-width:1px;background-color:#81d742;height:42px;width:42px;line-height:42px;top:-71px;margin-left:-21px;border-radius:100%;color:#ffffff;font-size:21px;\" class=\"fa fontawesome-icon fa-cloud-download circle-yes\"><\/i><\/div><h2 class=\"content-box-heading\" style=\"font-size: 18px;line-height:23px;\">Solicitud de Ascenso<\/h2><\/a><\/div><div class=\"fusion-clearfix\"><\/div><div class=\"content-container\"><\/div><\/div><\/div><div class=\"fusion-column content-box-column content-box-column-18 col-lg-3 col-md-3 col-sm-3 fusion-content-box-hover\"><div class=\"col content-wrapper content-wrapper-boxed link-area-link-icon link-type-text icon-hover-animation-slide\" style=\"background-color:transparent;\"><div class=\"heading heading-with-icon icon-left\"><a class=\"heading-link\" href=\"https:\/\/www.seb.gov.co\/wp-content\/uploads\/2020\/08\/Solicitud-de-Inscripcion-en-el-Escalafon-Nacional-Docente.pdf\" target=\"_self\"><div class=\"icon\"><i style=\"border-color:#81d742;border-width:1px;background-color:#81d742;height:42px;width:42px;line-height:42px;top:-71px;margin-left:-21px;border-radius:100%;color:#ffffff;font-size:21px;\" class=\"fa fontawesome-icon fa-cloud-download circle-yes\"><\/i><\/div><h2 class=\"content-box-heading\" style=\"font-size: 18px;line-height:23px;\">Solicitud de Inscripci\u00f3n en el Escalaf\u00f3n Nacional Docente<\/h2><\/a><\/div><div class=\"fusion-clearfix\"><\/div><div class=\"content-container\"><\/div><\/div><\/div><div class=\"fusion-column content-box-column content-box-column-19 col-lg-3 col-md-3 col-sm-3 fusion-content-box-hover\"><div class=\"col content-wrapper content-wrapper-boxed link-area-link-icon link-type-text icon-hover-animation-slide\" style=\"background-color:transparent;\"><div class=\"heading heading-with-icon icon-left\"><a class=\"heading-link\" href=\"https:\/\/www.seb.gov.co\/wp-content\/uploads\/2018\/11\/Anexo-1-Circular-094-2019-Formato-Control-Laboral-Incapacidades.xlsx\" target=\"_self\"><div class=\"icon\"><i style=\"border-color:#81d742;border-width:1px;background-color:#81d742;height:42px;width:42px;line-height:42px;top:-71px;margin-left:-21px;border-radius:100%;color:#ffffff;font-size:21px;\" class=\"fa fontawesome-icon fa-cloud-download circle-yes\"><\/i><\/div><h2 class=\"content-box-heading\" style=\"font-size: 18px;line-height:23px;\">Control Jornada Laboral e Incapacidades<\/h2><\/a><\/div><div class=\"fusion-clearfix\"><\/div><div class=\"content-container\"><\/div><\/div><\/div><div class=\"fusion-column content-box-column content-box-column-20 col-lg-3 col-md-3 col-sm-3 fusion-content-box-hover content-box-column-last-in-row\"><div class=\"col content-wrapper content-wrapper-boxed link-area-link-icon link-type-text icon-hover-animation-slide\" style=\"background-color:transparent;\"><div class=\"heading heading-with-icon icon-left\"><a class=\"heading-link\" href=\"https:\/\/www.seb.gov.co\/wp-content\/uploads\/2022\/07\/H05.F03-FORMATO-AUTORIZACI\u00d3N-NOTIFICACI\u00d3N-ELECTR\u00d3NICA-USUARIO.pdf\" target=\"_self\"><div class=\"icon\"><i style=\"border-color:#81d742;border-width:1px;background-color:#81d742;height:42px;width:42px;line-height:42px;top:-71px;margin-left:-21px;border-radius:100%;color:#ffffff;font-size:21px;\" class=\"fa fontawesome-icon fa-cloud-download circle-yes\"><\/i><\/div><h2 class=\"content-box-heading\" style=\"font-size: 18px;line-height:23px;\">Formato Autorizaci\u00f3n Notificacion Electronica <\/h2><\/a><\/div><div class=\"fusion-clearfix\"><\/div><div class=\"content-container\"><\/div><\/div><\/div><div class=\"fusion-clearfix\"><\/div><div class=\"fusion-column content-box-column content-box-column-21 col-lg-3 col-md-3 col-sm-3 fusion-content-box-hover content-box-column-first-in-row content-box-column-last\"><div class=\"col content-wrapper content-wrapper-boxed link-area-link-icon link-type-text icon-hover-animation-slide\" style=\"background-color:transparent;\"><div class=\"heading heading-with-icon icon-left\"><a class=\"heading-link\" href=\"https:\/\/www.seb.gov.co\/wp-content\/uploads\/2022\/08\/AUTORIZACION-DE-VERIFICACION-DE-TITULOS-1.pdf\" target=\"_self\"><div class=\"icon\"><i style=\"border-color:#81d742;border-width:1px;background-color:#81d742;height:42px;width:42px;line-height:42px;top:-71px;margin-left:-21px;border-radius:100%;color:#ffffff;font-size:21px;\" class=\"fa fontawesome-icon fa-cloud-download circle-yes\"><\/i><\/div><h2 class=\"content-box-heading\" style=\"font-size: 18px;line-height:23px;\">Formato Autorizaci\u00f3n Verificaci\u00f3n de Titulo<\/h2><\/a><\/div><div class=\"fusion-clearfix\"><\/div><div class=\"content-container\"><\/div><\/div><\/div><div class=\"fusion-clearfix\"><\/div><\/div>\n","protected":false},"excerpt":{"rendered":"","protected":false},"author":1,"featured_media":0,"parent":0,"menu_order":0,"comment_status":"closed","ping_status":"closed","template":"","meta":{"_bbp_topic_count":0,"_bbp_reply_count":0,"_bbp_total_topic_count":0,"_bbp_total_reply_count":0,"_bbp_voice_count":0,"_bbp_anonymous_reply_count":0,"_bbp_topic_count_hidden":0,"_bbp_reply_count_hidden":0,"_bbp_forum_subforum_count":0,"footnotes":""},"_links":{"self":[{"href":"https:\/\/www.seb.gov.co\/index.php\/wp-json\/wp\/v2\/pages\/12764"}],"collection":[{"href":"https:\/\/www.seb.gov.co\/index.php\/wp-json\/wp\/v2\/pages"}],"about":[{"href":"https:\/\/www.seb.gov.co\/index.php\/wp-json\/wp\/v2\/types\/page"}],"author":[{"embeddable":true,"href":"https:\/\/www.seb.gov.co\/index.php\/wp-json\/wp\/v2\/users\/1"}],"replies":[{"embeddable":true,"href":"https:\/\/www.seb.gov.co\/index.php\/wp-json\/wp\/v2\/comments?post=12764"}],"version-history":[{"count":34,"href":"https:\/\/www.seb.gov.co\/index.php\/wp-json\/wp\/v2\/pages\/12764\/revisions"}],"predecessor-version":[{"id":22570,"href":"https:\/\/www.seb.gov.co\/index.php\/wp-json\/wp\/v2\/pages\/12764\/revisions\/22570"}],"wp:attachment":[{"href":"https:\/\/www.seb.gov.co\/index.php\/wp-json\/wp\/v2\/media?parent=12764"}],"curies":[{"name":"wp","href":"https:\/\/api.w.org\/{rel}","templated":true}]}}