{"id":11728,"date":"2018-11-06T15:42:49","date_gmt":"2018-11-06T15:42:49","guid":{"rendered":"https:\/\/www.seb.gov.co\/?page_id=11728"},"modified":"2019-02-06T13:36:27","modified_gmt":"2019-02-06T13:36:27","slug":"ludotecas","status":"publish","type":"page","link":"https:\/\/www.seb.gov.co\/index.php\/ludotecas\/","title":{"rendered":"Ludotecas"},"content":{"rendered":"<div class=\"fusion-fullwidth fullwidth-box fusion-fullwidth-1  fusion-parallax-none nonhundred-percent-fullwidth\" style=\"border-color:#eae9e9;border-bottom-width: 0px;border-top-width: 0px;border-bottom-style: solid;border-top-style: solid;padding-bottom:0px;padding-top:0px;padding-left:;padding-right:;\"><style type=\"text\/css\" scoped=\"scoped\">.fusion-fullwidth-1 {\r\n                            padding-left: px !important;\r\n                            padding-right: px !important;\r\n                        }<\/style><div class=\"fusion-row\"><div class=\"fusion-one-full fusion-layout-column fusion-column-last fusion-spacing-yes\" style=\"margin-top:0px;margin-bottom:20px;\"><div class=\"fusion-column-wrapper\"><p style=\"text-align: left;\"><strong>En la Secretar\u00eda de Educaci\u00f3n<\/strong> se priorizan los proyectos en beneficio de los ni\u00f1os y ni\u00f1as especialmente en los primeros a\u00f1os de vida, con estrategias que contribuyan a mejorar los procesos de formaci\u00f3n y desarrollo. Nos vinculamos a la Politica P\u00fablica de atenci\u00f3n integral a la primera Infancia \u201cDe Cero a Siempre\u201d y a los referentes t\u00e9nicos y pedag\u00f3gicos del Ministerio de Educacion Nacional, (link de referntes <strong><a href=\"https:\/\/www.mineducacion.gov.co\/portal\/Educacion-inicial\/Referentes-Tecnicos\/341880:Referentes-Tecnicos)\">https:\/\/www.mineducacion.gov.co\/portal\/Educacion-inicial\/Referentes-Tecnicos\/341880:Referentes-Tecnicos)<\/a> <\/strong>dentro de los que se destaca:<\/p>\n<p><strong>El Programa Municipal de Ludotecas de Bucaramanga que tiene como objetivos:<\/strong><\/p>\n<ul>\n<li>Fortalecer el desarrollo integral de los ni\u00f1os y ni\u00f1as de la ciudad de Bucaramanga, a trav\u00e9s de la oferta de actividades en torno a la l\u00fadica y el arte.<\/li>\n<li>Brindar a los ni\u00f1os y ni\u00f1as espacios de juego, exploraci\u00f3n, aprendizaje y socializaci\u00f3n que generen procesos din\u00e1micos de construcci\u00f3n e identidad cultural.<\/li>\n<li>Articular e implementar los Referentes T\u00e9cnicos y Pedag\u00f3gicos de Atenci\u00f3n Integral a la Primera Infancia del Ministerio de Educaci\u00f3n Nacional a trav\u00e9s de talleres de formaci\u00f3n y divulgaci\u00f3n a ni\u00f1os, ni\u00f1as, familias, docentes y comunidad en general.<\/li>\n<\/ul>\n<p>Las Ludotecas est\u00e1n concebidas en torno a las actividades rectoras para la Primera Infancia: <strong>Juego, Arte, Literatura y Exploraci\u00f3n del Medio<\/strong>, de esta manera se potencia el desarrollo integral de los ni\u00f1os y ni\u00f1as de la ciudad.<\/p>\n<p>Los ambientes de las Ludotecas est\u00e1n dise\u00f1ados y adecuados como espacios multimodales, donde se vinculan experiencias interdisciplinarias l\u00fadicas, las cuales permiten a los ni\u00f1os y ni\u00f1as ser agentes activos de sus procesos de aprendizaje, a trav\u00e9s de la exploraci\u00f3n y experimentaci\u00f3n de los sentidos, acompa\u00f1ados de proyectos pedag\u00f3gicos liderados por el equipo profesional de ludotecarias y talleristas<\/p>\n<div class=\"fusion-sep-clear\"><\/div><div class=\"fusion-separator fusion-full-width-sep sep-none\" style=\"border-color:#e0dede;margin-left: auto;margin-right: auto;margin-top:5px;margin-bottom:5px;\"><\/div><div class=\"fusion-clearfix\"><\/div><\/div><\/div><div class=\"fusion-clearfix\"><\/div><\/div><\/div><div class=\"fusion-fullwidth fullwidth-box fusion-fullwidth-2  fusion-parallax-none nonhundred-percent-fullwidth\" style=\"border-color:#eae9e9;border-bottom-width: 0px;border-top-width: 0px;border-bottom-style: solid;border-top-style: solid;padding-bottom:7px;padding-top:7px;padding-left:;padding-right:;\"><style type=\"text\/css\" scoped=\"scoped\">.fusion-fullwidth-2 {\r\n                            padding-left: px !important;\r\n                            padding-right: px !important;\r\n                        }<\/style><div class=\"fusion-row\"><div class=\"fusion-one-fourth fusion-layout-column fusion-spacing-yes\" style=\"margin-top:0px;margin-bottom:20px;\"><div class=\"fusion-column-wrapper\"><div class=\"fusion-clearfix\"><\/div><\/div><\/div><div class=\"fusion-one-half fusion-layout-column fusion-spacing-yes\" style=\"margin-top:0px;margin-bottom:20px;\"><div class=\"fusion-column-wrapper\">\n<table id=\"tablepress-2\" class=\"tablepress tablepress-id-2\">\n<thead>\n<tr class=\"row-1 odd\">\n\t<th class=\"column-1\"><B>LUDOTECAS MUNICIPALES<\/B><\/th><th class=\"column-2\"><B>ESTADO<\/B><\/th>\n<\/tr>\n<\/thead>\n<tbody class=\"row-hover\">\n<tr class=\"row-2 even\">\n\t<td class=\"column-1\">Ludoteca Centro Cultural del Oriente<br \/>\nCarrera. 19 #31-65<br \/>\n<\/td><td class=\"column-2\">Inicia operaci\u00f3n el 17 de Febrero de 2018. <\/td>\n<\/tr>\n<tr class=\"row-3 odd\">\n\t<td class=\"column-1\">Ludoteca Estaci\u00f3n Caf\u00e9 Madrid<br \/>\nBARRIO CAF\u00c9 MADRID<br \/>\n<\/td><td class=\"column-2\">En proyecto de construcci\u00f3n y adecuaci\u00f3n.<br \/>\nEntra en operaciones el primer semestre de 2019<br \/>\n<\/td>\n<\/tr>\n<tr class=\"row-4 even\">\n\t<td class=\"column-1\">Ludoteca La Ceiba-Parque Las Am\u00e9ricas<\/td><td class=\"column-2\">En proyecto de construcci\u00f3n y adecuaci\u00f3n.<br \/>\nEntra en operaciones el primer semestre de 2019<br \/>\n<\/td>\n<\/tr>\n<\/tbody>\n<\/table>\n<!-- #tablepress-2 from cache --><div class=\"fusion-clearfix\"><\/div><\/div><\/div><div class=\"fusion-one-fourth fusion-layout-column fusion-column-last fusion-spacing-yes\" style=\"margin-top:0px;margin-bottom:20px;\"><div class=\"fusion-column-wrapper\"><div class=\"fusion-clearfix\"><\/div><\/div><\/div><div class=\"fusion-clearfix\"><\/div><\/div><\/div><div class=\"fusion-sep-clear\"><\/div><div class=\"fusion-separator fusion-full-width-sep sep-shadow\" style=\"background:radial-gradient(ellipse at 50% -50% , #e0dede 0px, rgba(255, 255, 255, 0) 80%) repeat scroll 0 0 rgba(0, 0, 0, 0);background:-webkit-radial-gradient(ellipse at 50% -50% , #e0dede 0px, rgba(255, 255, 255, 0) 80%) repeat scroll 0 0 rgba(0, 0, 0, 0);background:-moz-radial-gradient(ellipse at 50% -50% , #e0dede 0px, rgba(255, 255, 255, 0) 80%) repeat scroll 0 0 rgba(0, 0, 0, 0);background:-o-radial-gradient(ellipse at 50% -50% , #e0dede 0px, rgba(255, 255, 255, 0) 80%) repeat scroll 0 0 rgba(0, 0, 0, 0);margin-left: auto;margin-right: auto;margin-top:;\"><\/div><div class=\"fusion-fullwidth fullwidth-box fusion-fullwidth-3  fusion-parallax-none nonhundred-percent-fullwidth\" style=\"border-color:#eae9e9;border-bottom-width: 0px;border-top-width: 0px;border-bottom-style: solid;border-top-style: solid;padding-bottom:20px;padding-top:20px;padding-left:;padding-right:;\"><style type=\"text\/css\" scoped=\"scoped\">.fusion-fullwidth-3 {\r\n                            padding-left: px !important;\r\n                            padding-right: px !important;\r\n                        }<\/style><div class=\"fusion-row\"><div class=\"fusion-one-full fusion-layout-column fusion-column-last fusion-spacing-yes\" style=\"margin-top:0px;margin-bottom:20px;\"><div class=\"fusion-column-wrapper\"><div class=\"fusion-title title fusion-title-center fusion-title-size-two\"><div class=\"title-sep-container title-sep-container-left\"><div class=\"title-sep sep-single\"><\/div><\/div><h2 class=\"title-heading-center\">\n<p style=\"text-align: center;\"><strong>Registro de instituciones educativas prestadoras de servicios de educaci\u00f3n inicial en el marco de la atenci\u00f3n integral a la primera infancia <\/strong><\/p>\n<\/h2><div class=\"title-sep-container title-sep-container-right\"><div class=\"title-sep sep-single\"><\/div><\/div><\/div><div class=\"fusion-clearfix\"><\/div><\/div><\/div><div class=\"fusion-clearfix\"><\/div><p>La Secretar\u00eda de Educaci\u00f3n de Bucaramanga invita a todas las instituciones Educativas prestadoras del servicio de Educaci\u00f3n Inicial (ni\u00f1os y ni\u00f1as menores de 5 a\u00f1os) a participar en la Implementaci\u00f3n del Modelo de Gesti\u00f3n de Educaci\u00f3n Inicial (MGEI) y la consolidaci\u00f3n del Registro \u00danico de Prestadores de Educaci\u00f3n Inicial (RUPEI). Estos procesos son liderados por la Direcci\u00f3n de Primera Infancia del Ministerio de Educaci\u00f3n Inicial y se enmarcan en la Ley 1804 de 2016 para desarrollar acciones tendientes a consolidar un ejercicio nacional que mejore progresivamente la calidad de la oferta de educaci\u00f3n inicial dirigida a los ni\u00f1os y ni\u00f1as en primera infancia de todo el pa\u00eds.<\/p>\n<p>Esta invitaci\u00f3n, va dirigida a las Instituciones Educativas que ofertan o desean ofertar educaci\u00f3n inicial para ni\u00f1os y ni\u00f1as en primera infancia, as\u00ed:<\/p>\n<ol>\n<li><strong>Sala cunas<\/strong><\/li>\n<li><strong>Guarder\u00edas<\/strong><\/li>\n<li><strong>Centros de estimulaci\u00f3n<\/strong><\/li>\n<li><strong>Jardines infantiles sin licencia de funcionamiento para preescolar.<\/strong><\/li>\n<li><strong>Jardines infantiles con licencia preescolar que adem\u00e1s atiendan ni\u00f1os menores de tres (3) a\u00f1os de edad y similares.<\/strong><\/li>\n<\/ol>\n<p>Dicho registro se puede realizar en l\u00ednea a trav\u00e9s del SIPI (Sistema de Informaci\u00f3n de Primera Infancia)<a href=\"http:\/\/sipi.mineducacion.gov.co\/sipi\/,\" target=\"_blank\" rel=\"noopener\"><strong> clic aqu\u00ed<\/strong><\/a><\/p>\n<div class=\"fusion-button-wrapper fusion-aligncenter\"><style type=\"text\/css\" scoped=\"scoped\">.fusion-button.button-1{width:auto;}<\/style><a class=\"fusion-button button-flat button-round button-medium button-blue button-1\" target=\"_blank\" title=\"Ver instructivo \" href=\"https:\/\/www.seb.gov.co\/wp-content\/uploads\/2018\/11\/01.-BASES-CONCEPTUALES-LUDOTECA-CCO.pdf\"><span class=\"fusion-button-text\">Ver instructivo <\/span><\/a><\/div><\/div><\/div>\n","protected":false},"excerpt":{"rendered":"","protected":false},"author":1,"featured_media":0,"parent":0,"menu_order":0,"comment_status":"closed","ping_status":"closed","template":"","meta":{"_bbp_topic_count":0,"_bbp_reply_count":0,"_bbp_total_topic_count":0,"_bbp_total_reply_count":0,"_bbp_voice_count":0,"_bbp_anonymous_reply_count":0,"_bbp_topic_count_hidden":0,"_bbp_reply_count_hidden":0,"_bbp_forum_subforum_count":0,"footnotes":""},"_links":{"self":[{"href":"https:\/\/www.seb.gov.co\/index.php\/wp-json\/wp\/v2\/pages\/11728"}],"collection":[{"href":"https:\/\/www.seb.gov.co\/index.php\/wp-json\/wp\/v2\/pages"}],"about":[{"href":"https:\/\/www.seb.gov.co\/index.php\/wp-json\/wp\/v2\/types\/page"}],"author":[{"embeddable":true,"href":"https:\/\/www.seb.gov.co\/index.php\/wp-json\/wp\/v2\/users\/1"}],"replies":[{"embeddable":true,"href":"https:\/\/www.seb.gov.co\/index.php\/wp-json\/wp\/v2\/comments?post=11728"}],"version-history":[{"count":12,"href":"https:\/\/www.seb.gov.co\/index.php\/wp-json\/wp\/v2\/pages\/11728\/revisions"}],"predecessor-version":[{"id":12661,"href":"https:\/\/www.seb.gov.co\/index.php\/wp-json\/wp\/v2\/pages\/11728\/revisions\/12661"}],"wp:attachment":[{"href":"https:\/\/www.seb.gov.co\/index.php\/wp-json\/wp\/v2\/media?parent=11728"}],"curies":[{"name":"wp","href":"https:\/\/api.w.org\/{rel}","templated":true}]}}