{"id":11716,"date":"2018-11-06T15:42:08","date_gmt":"2018-11-06T15:42:08","guid":{"rendered":"https:\/\/www.seb.gov.co\/?page_id=11716"},"modified":"2018-11-27T16:28:16","modified_gmt":"2018-11-27T16:28:16","slug":"convocatorias-docentes","status":"publish","type":"page","link":"https:\/\/www.seb.gov.co\/index.php\/convocatorias-docentes\/","title":{"rendered":"Convocatorias Docentes"},"content":{"rendered":"<div class=\"fusion-fullwidth fullwidth-box fusion-fullwidth-1  fusion-parallax-none nonhundred-percent-fullwidth\" style=\"border-color:#eae9e9;border-bottom-width: 0px;border-top-width: 0px;border-bottom-style: solid;border-top-style: solid;padding-bottom:20px;padding-top:20px;padding-left:;padding-right:;\"><style type=\"text\/css\" scoped=\"scoped\">.fusion-fullwidth-1 {\r\n                            padding-left: px !important;\r\n                            padding-right: px !important;\r\n                        }<\/style><div class=\"fusion-row\"><h2 style=\"text-align: center;\"><strong>Seleccione la opci\u00f3n para descargar el documento<\/strong><\/h2>\n<div id=\"accordions-11968\" class=\"accordions-11968 accordions\" data-accordions={&quot;lazyLoad&quot;:false,&quot;id&quot;:&quot;11968&quot;,&quot;event&quot;:&quot;click&quot;,&quot;collapsible&quot;:&quot;true&quot;,&quot;heightStyle&quot;:&quot;content&quot;,&quot;animateStyle&quot;:&quot;swing&quot;,&quot;animateDelay&quot;:1000,&quot;navigation&quot;:true,&quot;active&quot;:999,&quot;expandedOther&quot;:&quot;no&quot;}>\n                    <div class=\"items\" >\n        \n                <div post_id=\"11968\" itemcount=\"0\"  header_id=\"header-1663818466352\" id=\"header-1663818466352\" style=\"\" class=\"accordions-head head1663818466352 border-semi-round\" toggle-text=\"\" main-text=\"Convocatorias Septiembre de 2022\">\n                                            <span id=\"accordion-icons-1663818466352\" class=\"accordion-icons\">\n                            <span class=\"accordion-icon-active accordion-plus\"><i class=\"fa fas fa-chevron-up\"><\/i><\/span>\n                            <span class=\"accordion-icon-inactive accordion-minus\"><i class=\"fa fas fa-chevron-down\"><\/i><\/span>\n                        <\/span>\n                        <span id=\"header-text-1663818466352\" class=\"accordions-head-title\">Convocatorias Septiembre de 2022<\/span>\n                                    <\/div>\n                <div class=\"accordion-content content1663818466352 \">\n                    <h3><strong><a id=\"m_7277041312790848175LPUrlAnchor592976\" href=\"https:\/\/historico.cnsc.gov.co\/index.php\/2150-a-2237-de-2021-directivos-docentes-y-docentes-avisos-informativos\" target=\"_blank\" rel=\"noopener\" data-saferedirecturl=\"https:\/\/www.google.com\/url?q=https:\/\/historico.cnsc.gov.co\/index.php\/2150-a-2237-de-2021-directivos-docentes-y-docentes-avisos-informativos&source=gmail&ust=1663938748752000&usg=AOvVaw0RYpsCslDOTLPSJ8npnoPw\">CNSC Comisi\u00f3n Nacional del Servicio Civil - Avisos Informativos<\/a><\/strong><\/h3>\n<p>La Comisi\u00f3n Nacional del Servicio Civil CNSC es un \u00f3rgano aut\u00f3nomo e independiente, del m\u00e1s alto nivel en la estructura del Estado Colombiano, con personer\u00eda jur\u00eddica, autonom\u00eda administrativa, patrimonial y t\u00e9cnica, y no hace parte de ninguna de las ramas del poder p\u00fablico. Seg\u00fan el art\u00edculo 130 de la Constituci\u00f3n Pol\u00edtica, es \"responsable de la administraci\u00f3n y vigilancia ...<\/p>\n<p><strong>historico.cnsc.gov.co \/ <a href=\"https:\/\/historico.cnsc.gov.co\/index.php\/2150-a-2237-de-2021-directivos-docentes-y-docentes-avisos-informativos\">ver enlace<\/a><\/strong><\/p>\n<h3><strong><a id=\"m_7277041312790848175LPUrlAnchor895120\" href=\"https:\/\/historico.cnsc.gov.co\/index.php\/2150-docentes-guias\" target=\"_blank\" rel=\"noopener\" data-saferedirecturl=\"https:\/\/www.google.com\/url?q=https:\/\/historico.cnsc.gov.co\/index.php\/2150-docentes-guias&source=gmail&ust=1663938748752000&usg=AOvVaw0eIQNT3Go2NI4P33Qq6R-3\">CNSC Comisi\u00f3n Nacional del Servicio Civil - Gu\u00edas - 2150 a 2237 de 2021, 2316 y 2406 de 2022 - Directivos Docentes y Docentes - Gu\u00edas<\/a><\/strong><\/h3>\n<p>La Comisi\u00f3n Nacional del Servicio Civil CNSC es un \u00f3rgano aut\u00f3nomo e independiente, del m\u00e1s alto nivel en la estructura del Estado Colombiano, con personer\u00eda jur\u00eddica, autonom\u00eda administrativa, patrimonial y t\u00e9cnica, y no hace parte de ninguna de las ramas del poder p\u00fablico. Seg\u00fan el art\u00edculo 130 de la Constituci\u00f3n Pol\u00edtica, es &quot;responsable de la administraci\u00f3n y vigilancia de las carreras de los servidores p\u00fablicos, excepci\u00f3n hecha de las que tengan car\u00e1cter especial&quot;. Nuestra misi\u00f3n est\u00e1 orientada a posicionar el m\u00e9rito y la igualdad en el ingreso ...<\/p>\n<p><strong>historico.cnsc.gov.co \/ <a href=\"https:\/\/historico.cnsc.gov.co\/index.php\/2150-docentes-guias\">Ver enlace<\/a><\/strong><\/p>\n<h3><strong><a id=\"m_7277041312790848175LPUrlAnchor299816\" href=\"https:\/\/historico.cnsc.gov.co\/index.php\/2150-docentes-divulgacion\" target=\"_blank\" rel=\"noopener\" data-saferedirecturl=\"https:\/\/www.google.com\/url?q=https:\/\/historico.cnsc.gov.co\/index.php\/2150-docentes-divulgacion&source=gmail&ust=1663938748752000&usg=AOvVaw2szlX0I-XDDt4r7yE04yMm\">CNSC Comisi\u00f3n Nacional del Servicio Civil - Divulgaci\u00f3n<\/a><\/strong><\/h3>\n<p>La Comisi\u00f3n Nacional del Servicio Civil CNSC es un \u00f3rgano aut\u00f3nomo e independiente, del m\u00e1s alto nivel en la estructura del Estado Colombiano, con personer\u00eda jur\u00eddica, autonom\u00eda administrativa, patrimonial y t\u00e9cnica, y no hace parte de ninguna de las ramas del poder p\u00fablico. Seg\u00fan el art\u00edculo 130 de la Constituci\u00f3n Pol\u00edtica, es \"responsable de la administraci\u00f3n y vigilancia de ...<\/p>\n<p><strong>historico.cnsc.gov.co \/ <a href=\"https:\/\/historico.cnsc.gov.co\/index.php\/2150-docentes-divulgacion\">Ver enlace<\/a><\/strong><\/p>\n<p>&nbsp;<\/p>\n                <\/div>\n        \n                <div post_id=\"11968\" itemcount=\"1\"  header_id=\"header-1552515509628\" id=\"header-1552515509628\" style=\"\" class=\"accordions-head head1552515509628 border-semi-round\" toggle-text=\"\" main-text=\"Concocatoria Marzo de 2019\">\n                                            <span id=\"accordion-icons-1552515509628\" class=\"accordion-icons\">\n                            <span class=\"accordion-icon-active accordion-plus\"><i class=\"fa fas fa-chevron-up\"><\/i><\/span>\n                            <span class=\"accordion-icon-inactive accordion-minus\"><i class=\"fa fas fa-chevron-down\"><\/i><\/span>\n                        <\/span>\n                        <span id=\"header-text-1552515509628\" class=\"accordions-head-title\">Concocatoria Marzo de 2019<\/span>\n                                    <\/div>\n                <div class=\"accordion-content content1552515509628 \">\n                    <ul>\n<li><a href=\"http:\/\/www.seb.gov.co\/wp-content\/uploads\/2018\/11\/Convocatoria-Audiencia-Marzo-18-2019.pdf\"><strong>Convocatoria a audiencia para provisi\u00f3n de cargos docentes listas de elegibles area de tecnolog\u00eda\u00a0 e inform\u00e1tica.<\/strong><\/a><\/li>\n<li><strong>Convocatoria\u00a0 a audiencia, por la cual se da por teerminada la delegacion y se reasume la funci\u00f3n para la programaci\u00f3n, organizaci\u00f3n y realizaci\u00f3n\u00a0 de las audiencias virtuales departamentales y general nacional para la selecci\u00f3n\u00a0 de vacante en instituci\u00f3n educativa, en el marco de los Procesos de Selecci\u00f3n adelantados por la Comisi\u00f3n Nacional del Servicio Civil para proveer empleos que se rigen por el sistema especial de carrera docente regulada en el Decreto Ley 1278 de 2002.<\/strong><\/li>\n<\/ul>\n<p><strong><a href=\"http:\/\/www.seb.gov.co\/wp-content\/uploads\/2019\/03\/Resolucion-CNSC_No.201901000013755.pdf\">Resoluci\u00f3n CNSC No.13755 >><\/a>\u00a0 \u00a0 \u00a0 \u00a0 \u00a0 \u00a0 \u00a0 \u00a0 <a href=\"https:\/\/www.cnsc.gov.co\/index.php\/normatividad\/2013-11-14-13-38-28\/2013-11-14-13-41-43\/category\/119-resoluciones\">\u00a0Link Publicaci\u00f3n CNSC>><\/a>\u00a0 \u00a0 \u00a0 \u00a0 \u00a0 \u00a0 \u00a0 \u00a0<\/strong><\/p>\n<p>&nbsp;<\/p>\n                <\/div>\n        \n                <div post_id=\"11968\" itemcount=\"2\"  header_id=\"header-1550014168631\" id=\"header-1550014168631\" style=\"\" class=\"accordions-head head1550014168631 border-semi-round\" toggle-text=\"\" main-text=\"Convocatorias Febrero de 2019\">\n                                            <span id=\"accordion-icons-1550014168631\" class=\"accordion-icons\">\n                            <span class=\"accordion-icon-active accordion-plus\"><i class=\"fa fas fa-chevron-up\"><\/i><\/span>\n                            <span class=\"accordion-icon-inactive accordion-minus\"><i class=\"fa fas fa-chevron-down\"><\/i><\/span>\n                        <\/span>\n                        <span id=\"header-text-1550014168631\" class=\"accordions-head-title\">Convocatorias Febrero de 2019<\/span>\n                                    <\/div>\n                <div class=\"accordion-content content1550014168631 \">\n                    <ol>\n<li><a href=\"http:\/\/www.seb.gov.co\/wp-content\/uploads\/2018\/11\/Convocatoria-a-Audiencia-Febrero-2019.pdf\"><strong>Convocatoria a audiencia para provisi\u00f3n de cargos docentes.<\/strong><\/a><\/li>\n<\/ol>\n                <\/div>\n        \n                <div post_id=\"11968\" itemcount=\"3\"  header_id=\"header-1543326111064\" id=\"header-1543326111064\" style=\"\" class=\"accordions-head head1543326111064 border-semi-round\" toggle-text=\"\" main-text=\"Convocatorias Agosto 2018 \">\n                                            <span id=\"accordion-icons-1543326111064\" class=\"accordion-icons\">\n                            <span class=\"accordion-icon-active accordion-plus\"><i class=\"fa fas fa-chevron-up\"><\/i><\/span>\n                            <span class=\"accordion-icon-inactive accordion-minus\"><i class=\"fa fas fa-chevron-down\"><\/i><\/span>\n                        <\/span>\n                        <span id=\"header-text-1543326111064\" class=\"accordions-head-title\">Convocatorias Agosto 2018 <\/span>\n                                    <\/div>\n                <div class=\"accordion-content content1543326111064 \">\n                    <ol>\n<li><span style=\"color: #3366ff;\"><strong><a style=\"color: #3366ff;\" href=\"http:\/\/www.seb.gov.co\/wp_educacion\/wp-content\/uploads\/CONVOCATORIA-AUDIENCIA-ESCOGENCIA-ENCAGOS-COORDINADORES.pdf\" target=\"_blank\" rel=\"noopener\">Convocatoria audiencia para escogencia de instituci\u00f3n educativa para encargos de directivos docentes coordinadores.<\/a><\/strong><\/span><\/li>\n<\/ol>\n                <\/div>\n        \n                <div post_id=\"11968\" itemcount=\"4\"  header_id=\"header-1543326111931\" id=\"header-1543326111931\" style=\"\" class=\"accordions-head head1543326111931 border-semi-round\" toggle-text=\"\" main-text=\"Convocatorias Abril 05 de 2018\">\n                                            <span id=\"accordion-icons-1543326111931\" class=\"accordion-icons\">\n                            <span class=\"accordion-icon-active accordion-plus\"><i class=\"fa fas fa-chevron-up\"><\/i><\/span>\n                            <span class=\"accordion-icon-inactive accordion-minus\"><i class=\"fa fas fa-chevron-down\"><\/i><\/span>\n                        <\/span>\n                        <span id=\"header-text-1543326111931\" class=\"accordions-head-title\">Convocatorias Abril 05 de 2018<\/span>\n                                    <\/div>\n                <div class=\"accordion-content content1543326111931 \">\n                    <ol>\n<li><strong><span style=\"color: #3366ff;\"><a style=\"color: #3366ff;\" href=\"http:\/\/www.seb.gov.co\/wp_educacion\/wp-content\/uploads\/CONVOCATORIA-ARTES-PLASTICAS.pdf\">Convocatoria Docentes<\/a><\/span><\/strong><\/li>\n<\/ol>\n                <\/div>\n            <\/div>\n\n\n    \n                <\/div><\/div><\/div>\n","protected":false},"excerpt":{"rendered":"","protected":false},"author":1,"featured_media":0,"parent":0,"menu_order":0,"comment_status":"closed","ping_status":"closed","template":"","meta":{"_bbp_topic_count":0,"_bbp_reply_count":0,"_bbp_total_topic_count":0,"_bbp_total_reply_count":0,"_bbp_voice_count":0,"_bbp_anonymous_reply_count":0,"_bbp_topic_count_hidden":0,"_bbp_reply_count_hidden":0,"_bbp_forum_subforum_count":0,"footnotes":""},"_links":{"self":[{"href":"https:\/\/www.seb.gov.co\/index.php\/wp-json\/wp\/v2\/pages\/11716"}],"collection":[{"href":"https:\/\/www.seb.gov.co\/index.php\/wp-json\/wp\/v2\/pages"}],"about":[{"href":"https:\/\/www.seb.gov.co\/index.php\/wp-json\/wp\/v2\/types\/page"}],"author":[{"embeddable":true,"href":"https:\/\/www.seb.gov.co\/index.php\/wp-json\/wp\/v2\/users\/1"}],"replies":[{"embeddable":true,"href":"https:\/\/www.seb.gov.co\/index.php\/wp-json\/wp\/v2\/comments?post=11716"}],"version-history":[{"count":4,"href":"https:\/\/www.seb.gov.co\/index.php\/wp-json\/wp\/v2\/pages\/11716\/revisions"}],"predecessor-version":[{"id":12014,"href":"https:\/\/www.seb.gov.co\/index.php\/wp-json\/wp\/v2\/pages\/11716\/revisions\/12014"}],"wp:attachment":[{"href":"https:\/\/www.seb.gov.co\/index.php\/wp-json\/wp\/v2\/media?parent=11716"}],"curies":[{"name":"wp","href":"https:\/\/api.w.org\/{rel}","templated":true}]}}